{"id":427509,"date":"2026-04-05T15:36:46","date_gmt":"2026-04-05T13:36:46","guid":{"rendered":"https:\/\/bogensportdiscount.ch\/produkt\/compound-sights-exact-q2-target-standard-ext-8-rh-black\/"},"modified":"2026-04-21T20:45:00","modified_gmt":"2026-04-21T18:45:00","slug":"b3archery-compound-visier-exact-q2","status":"publish","type":"product","link":"https:\/\/bogensportdiscount.ch\/it\/prodotto\/b3archery-compound-visier-exact-q2\/","title":{"rendered":"B3ARCHERY COMPOUND VISIERE EXACT Q2"},"content":{"rendered":"<p>Das B3ARCHERY Exact Q2 ist ein Compound-Visier aus dem Target-Segment, entwickelt f\u00fcr Bogensch\u00fctzen, die pr\u00e4zise Ergebnisse im Wettkampf- und Trainingsbereich anstreben. Es ist sowohl f\u00fcr Rechts- als auch f\u00fcr Linkshandbogensch\u00fctzen erh\u00e4ltlich.<\/p>\n<p>Das Visier wird in zwei Auslegerversionen angeboten \u2013 mit 6&#8243; oder 8&#8243; L\u00e4nge \u2013 und erm\u00f6glicht so eine flexible Anpassung an individuelle Einstellbed\u00fcrfnisse und Bogentypen.<\/p>\n<ul>\n<li>Adatto per arcieri destri e mancini<\/li>\n<li>Erh\u00e4ltlich in 6&#8243; und 8&#8243; Auslegerl\u00e4nge<\/li>\n<li>Categoria: mirino da target per compound<\/li>\n<li>Origine: USA<\/li>\n<\/ul>","protected":false},"excerpt":{"rendered":"<p>Das B3ARCHERY Exact Q2 ist ein Compound-Target-Visier f\u00fcr Rechts- und Linkshandbogensch\u00fctzen. Es ist in zwei Verl\u00e4ngerungsl\u00e4ngen erh\u00e4ltlich (6&#8243; und 8&#8243;) und eignet sich f\u00fcr den gezielten Einsatz im Target-Bereich.<\/p>","protected":false},"featured_media":451936,"comment_status":"open","ping_status":"closed","template":"","meta":[],"product_brand":[629],"product_cat":[4261],"product_tag":[],"class_list":{"0":"post-427509","1":"product","2":"type-product","3":"status-publish","4":"has-post-thumbnail","6":"product_brand-b3archery","7":"product_cat-compound-visiere","8":"product_shipping_class-bsd-standard","10":"first","11":"onbackorder","12":"shipping-taxable","13":"purchasable","14":"product-type-variable"},"yoast_head":"<!-- This site is optimized with the Yoast SEO plugin v27.4 - https:\/\/yoast.com\/product\/yoast-seo-wordpress\/ -->\n<title>B3ARCHERY MIRINI PER ARCHI COMPOUND EXACT Q2 - Bogensportdiscount \u2013 Archi, frecce, bersagli e accessori<\/title>\n<meta name=\"description\" content=\"Acquista i mirini per arco compound B3ARCHERY EXACT Q2 a prezzi convenienti su Bogensportdiscount \u2013 Le migliori marche, spedizione veloce dalla Svizzera.\" \/>\n<meta name=\"robots\" content=\"index, follow, max-snippet:-1, max-image-preview:large, max-video-preview:-1\" \/>\n<link rel=\"canonical\" href=\"https:\/\/bogensportdiscount.ch\/it\/prodotto\/b3archery-compound-visier-exact-q2\/\" \/>\n<meta property=\"og:locale\" content=\"it_IT\" \/>\n<meta property=\"og:type\" content=\"article\" \/>\n<meta property=\"og:title\" content=\"B3ARCHERY MIRINI PER ARCHI COMPOUND EXACT Q2 - Bogensportdiscount \u2013 Archi, frecce, bersagli e accessori\" \/>\n<meta property=\"og:description\" content=\"Acquista i mirini per arco compound B3ARCHERY EXACT Q2 a prezzi convenienti su Bogensportdiscount \u2013 Le migliori marche, spedizione veloce dalla Svizzera.\" \/>\n<meta property=\"og:url\" content=\"https:\/\/bogensportdiscount.ch\/it\/prodotto\/b3archery-compound-visier-exact-q2\/\" \/>\n<meta property=\"og:site_name\" content=\"Bogensportdiscount \u2013 B\u00f6gen, Pfeile, Targets &amp; Zubeh\u00f6r\" \/>\n<meta property=\"article:modified_time\" content=\"2026-04-21T18:45:00+00:00\" \/>\n<meta property=\"og:image\" content=\"https:\/\/bogensportdiscount.ch\/wp-content\/uploads\/bsm-images\/A094463_1.jpg\" \/>\n\t<meta property=\"og:image:width\" content=\"800\" \/>\n\t<meta property=\"og:image:height\" content=\"800\" \/>\n\t<meta property=\"og:image:type\" content=\"image\/jpeg\" \/>\n<meta name=\"twitter:card\" content=\"summary_large_image\" \/>\n<script type=\"application\/ld+json\" class=\"yoast-schema-graph\">{\"@context\":\"https:\\\/\\\/schema.org\",\"@graph\":[{\"@type\":\"WebPage\",\"@id\":\"https:\\\/\\\/bogensportdiscount.ch\\\/produkt\\\/b3archery-compound-visier-exact-q2\\\/\",\"url\":\"https:\\\/\\\/bogensportdiscount.ch\\\/produkt\\\/b3archery-compound-visier-exact-q2\\\/\",\"name\":\"B3ARCHERY COMPOUND VISIERE EXACT Q2 - Bogensportdiscount \u2013 B\u00f6gen, Pfeile, Targets &amp; Zubeh\u00f6r\",\"isPartOf\":{\"@id\":\"https:\\\/\\\/bogensportdiscount.ch\\\/#website\"},\"primaryImageOfPage\":{\"@id\":\"https:\\\/\\\/bogensportdiscount.ch\\\/produkt\\\/b3archery-compound-visier-exact-q2\\\/#primaryimage\"},\"image\":{\"@id\":\"https:\\\/\\\/bogensportdiscount.ch\\\/produkt\\\/b3archery-compound-visier-exact-q2\\\/#primaryimage\"},\"thumbnailUrl\":\"https:\\\/\\\/bogensportdiscount.ch\\\/wp-content\\\/uploads\\\/bsm-images\\\/A094463_1.jpg\",\"datePublished\":\"2026-04-05T13:36:46+00:00\",\"dateModified\":\"2026-04-21T18:45:00+00:00\",\"description\":\"B3ARCHERY COMPOUND VISIERE EXACT Q2 g\u00fcnstig kaufen bei Bogensportdiscount \u2013 Top-Marken, schneller Versand aus der Schweiz.\",\"breadcrumb\":{\"@id\":\"https:\\\/\\\/bogensportdiscount.ch\\\/produkt\\\/b3archery-compound-visier-exact-q2\\\/#breadcrumb\"},\"inLanguage\":\"it-IT\",\"potentialAction\":[{\"@type\":\"ReadAction\",\"target\":[\"https:\\\/\\\/bogensportdiscount.ch\\\/produkt\\\/b3archery-compound-visier-exact-q2\\\/\"]}]},{\"@type\":\"ImageObject\",\"inLanguage\":\"it-IT\",\"@id\":\"https:\\\/\\\/bogensportdiscount.ch\\\/produkt\\\/b3archery-compound-visier-exact-q2\\\/#primaryimage\",\"url\":\"https:\\\/\\\/bogensportdiscount.ch\\\/wp-content\\\/uploads\\\/bsm-images\\\/A094463_1.jpg\",\"contentUrl\":\"https:\\\/\\\/bogensportdiscount.ch\\\/wp-content\\\/uploads\\\/bsm-images\\\/A094463_1.jpg\",\"width\":800,\"height\":800},{\"@type\":\"BreadcrumbList\",\"@id\":\"https:\\\/\\\/bogensportdiscount.ch\\\/produkt\\\/b3archery-compound-visier-exact-q2\\\/#breadcrumb\",\"itemListElement\":[{\"@type\":\"ListItem\",\"position\":1,\"name\":\"Home\",\"item\":\"https:\\\/\\\/bogensportdiscount.ch\\\/\"},{\"@type\":\"ListItem\",\"position\":2,\"name\":\"Shop\",\"item\":\"https:\\\/\\\/bogensportdiscount.ch\\\/shop\\\/\"},{\"@type\":\"ListItem\",\"position\":3,\"name\":\"B3ARCHERY COMPOUND VISIERE EXACT Q2\"}]},{\"@type\":\"WebSite\",\"@id\":\"https:\\\/\\\/bogensportdiscount.ch\\\/#website\",\"url\":\"https:\\\/\\\/bogensportdiscount.ch\\\/\",\"name\":\"Bogensportdiscount\",\"description\":\"\",\"potentialAction\":[{\"@type\":\"SearchAction\",\"target\":{\"@type\":\"EntryPoint\",\"urlTemplate\":\"https:\\\/\\\/bogensportdiscount.ch\\\/?s={search_term_string}\"},\"query-input\":{\"@type\":\"PropertyValueSpecification\",\"valueRequired\":true,\"valueName\":\"search_term_string\"}}],\"inLanguage\":\"it-IT\"}]}<\/script>\n<!-- \/ Yoast SEO plugin. -->","yoast_head_json":{"title":"B3ARCHERY MIRINI PER ARCHI COMPOUND EXACT Q2 - Bogensportdiscount \u2013 Archi, frecce, bersagli e accessori","description":"Acquista i mirini per arco compound B3ARCHERY EXACT Q2 a prezzi convenienti su Bogensportdiscount \u2013 Le migliori marche, spedizione veloce dalla Svizzera.","robots":{"index":"index","follow":"follow","max-snippet":"max-snippet:-1","max-image-preview":"max-image-preview:large","max-video-preview":"max-video-preview:-1"},"canonical":"https:\/\/bogensportdiscount.ch\/it\/prodotto\/b3archery-compound-visier-exact-q2\/","og_locale":"it_IT","og_type":"article","og_title":"B3ARCHERY MIRINI PER ARCHI COMPOUND EXACT Q2 - Bogensportdiscount \u2013 Archi, frecce, bersagli e accessori","og_description":"Acquista i mirini per arco compound B3ARCHERY EXACT Q2 a prezzi convenienti su Bogensportdiscount \u2013 Le migliori marche, spedizione veloce dalla Svizzera.","og_url":"https:\/\/bogensportdiscount.ch\/it\/prodotto\/b3archery-compound-visier-exact-q2\/","og_site_name":"Bogensportdiscount \u2013 B\u00f6gen, Pfeile, Targets &amp; Zubeh\u00f6r","article_modified_time":"2026-04-21T18:45:00+00:00","og_image":[{"width":800,"height":800,"url":"https:\/\/bogensportdiscount.ch\/wp-content\/uploads\/bsm-images\/A094463_1.jpg","type":"image\/jpeg"}],"twitter_card":"summary_large_image","schema":{"@context":"https:\/\/schema.org","@graph":[{"@type":"WebPage","@id":"https:\/\/bogensportdiscount.ch\/produkt\/b3archery-compound-visier-exact-q2\/","url":"https:\/\/bogensportdiscount.ch\/produkt\/b3archery-compound-visier-exact-q2\/","name":"B3ARCHERY MIRINI PER ARCHI COMPOUND EXACT Q2 - Bogensportdiscount \u2013 Archi, frecce, bersagli e accessori","isPartOf":{"@id":"https:\/\/bogensportdiscount.ch\/#website"},"primaryImageOfPage":{"@id":"https:\/\/bogensportdiscount.ch\/produkt\/b3archery-compound-visier-exact-q2\/#primaryimage"},"image":{"@id":"https:\/\/bogensportdiscount.ch\/produkt\/b3archery-compound-visier-exact-q2\/#primaryimage"},"thumbnailUrl":"https:\/\/bogensportdiscount.ch\/wp-content\/uploads\/bsm-images\/A094463_1.jpg","datePublished":"2026-04-05T13:36:46+00:00","dateModified":"2026-04-21T18:45:00+00:00","description":"Acquista i mirini per arco compound B3ARCHERY EXACT Q2 a prezzi convenienti su Bogensportdiscount \u2013 Le migliori marche, spedizione veloce dalla Svizzera.","breadcrumb":{"@id":"https:\/\/bogensportdiscount.ch\/produkt\/b3archery-compound-visier-exact-q2\/#breadcrumb"},"inLanguage":"it-IT","potentialAction":[{"@type":"ReadAction","target":["https:\/\/bogensportdiscount.ch\/produkt\/b3archery-compound-visier-exact-q2\/"]}]},{"@type":"ImageObject","inLanguage":"it-IT","@id":"https:\/\/bogensportdiscount.ch\/produkt\/b3archery-compound-visier-exact-q2\/#primaryimage","url":"https:\/\/bogensportdiscount.ch\/wp-content\/uploads\/bsm-images\/A094463_1.jpg","contentUrl":"https:\/\/bogensportdiscount.ch\/wp-content\/uploads\/bsm-images\/A094463_1.jpg","width":800,"height":800},{"@type":"BreadcrumbList","@id":"https:\/\/bogensportdiscount.ch\/produkt\/b3archery-compound-visier-exact-q2\/#breadcrumb","itemListElement":[{"@type":"ListItem","position":1,"name":"Home","item":"https:\/\/bogensportdiscount.ch\/"},{"@type":"ListItem","position":2,"name":"Shop","item":"https:\/\/bogensportdiscount.ch\/shop\/"},{"@type":"ListItem","position":3,"name":"B3ARCHERY COMPOUND VISIERE EXACT Q2"}]},{"@type":"WebSite","@id":"https:\/\/bogensportdiscount.ch\/#website","url":"https:\/\/bogensportdiscount.ch\/","name":"Bogensportdiscount","description":"","potentialAction":[{"@type":"SearchAction","target":{"@type":"EntryPoint","urlTemplate":"https:\/\/bogensportdiscount.ch\/?s={search_term_string}"},"query-input":{"@type":"PropertyValueSpecification","valueRequired":true,"valueName":"search_term_string"}}],"inLanguage":"it-IT"}]}},"_links":{"self":[{"href":"https:\/\/bogensportdiscount.ch\/it\/wp-json\/wp\/v2\/product\/427509","targetHints":{"allow":["GET"]}}],"collection":[{"href":"https:\/\/bogensportdiscount.ch\/it\/wp-json\/wp\/v2\/product"}],"about":[{"href":"https:\/\/bogensportdiscount.ch\/it\/wp-json\/wp\/v2\/types\/product"}],"replies":[{"embeddable":true,"href":"https:\/\/bogensportdiscount.ch\/it\/wp-json\/wp\/v2\/comments?post=427509"}],"wp:featuredmedia":[{"embeddable":true,"href":"https:\/\/bogensportdiscount.ch\/it\/wp-json\/wp\/v2\/media\/451936"}],"wp:attachment":[{"href":"https:\/\/bogensportdiscount.ch\/it\/wp-json\/wp\/v2\/media?parent=427509"}],"wp:term":[{"taxonomy":"product_brand","embeddable":true,"href":"https:\/\/bogensportdiscount.ch\/it\/wp-json\/wp\/v2\/product_brand?post=427509"},{"taxonomy":"product_cat","embeddable":true,"href":"https:\/\/bogensportdiscount.ch\/it\/wp-json\/wp\/v2\/product_cat?post=427509"},{"taxonomy":"product_tag","embeddable":true,"href":"https:\/\/bogensportdiscount.ch\/it\/wp-json\/wp\/v2\/product_tag?post=427509"}],"curies":[{"name":"wp","href":"https:\/\/api.w.org\/{rel}","templated":true}]}}