{"id":427499,"date":"2026-04-05T15:36:44","date_gmt":"2026-04-05T13:36:44","guid":{"rendered":"https:\/\/bogensportdiscount.ch\/produkt\/expandable-blade-broadheads-exoskeletal-meg-3-blade-100-gr\/"},"modified":"2026-04-20T13:37:06","modified_gmt":"2026-04-20T11:37:06","slug":"b3archery-mechanische-jagdspitze-exoskeletal-meg-3-klinge-100-gr","status":"publish","type":"product","link":"https:\/\/bogensportdiscount.ch\/it\/prodotto\/b3archery-mechanische-jagdspitze-exoskeletal-meg-3-klinge-100-gr\/","title":{"rendered":"B3ARCHERY Punta meccanica da caccia Exoskeletal Meg a 3 lame 100 gr"},"content":{"rendered":"<p>Die B3ARCHERY Exoskeletal Meg geh\u00f6rt zur Kategorie der mechanischen Jagdspitzen (Expandable Broadheads) und \u00fcberzeugt mit einem 3-Klingen-Design im Exoskeletal-Stil. Das Gewicht von 100 Grain entspricht dem g\u00e4ngigen Standard f\u00fcr den Jagdbetrieb und ist mit einer Vielzahl von Jagdpfeilen kompatibel.<\/p>\n<p>Mechanische Jagdspitzen mit aufklappbaren Klingen bieten beim Flug eine aerodynamisch g\u00fcnstige, kompakte Form und entfalten sich beim Auftreffen auf das Ziel, um einen grossen Wundkanal zu erzeugen. Die Exoskeletal Meg von B3ARCHERY wurde in den USA entwickelt und gefertigt.<\/p>\n<ul>\n<li>3-Klingen Expandable-Design (Exoskeletal Meg)<\/li>\n<li>Peso: 100 Grain<\/li>\n<li>Prodotto negli Stati Uniti<\/li>\n<li>Geeignet f\u00fcr Compoundb\u00f6gen im Jagdeinsatz<\/li>\n<\/ul>","protected":false},"excerpt":{"rendered":"<p>Die B3ARCHERY Exoskeletal Meg ist eine mechanische Expandierklinge-Jagdspitze mit 3 Klingen und einem Gewicht von 100 Grain. Hergestellt in den USA und geeignet f\u00fcr den Jagdeinsatz mit modernen Compoundb\u00f6gen.<\/p>","protected":false},"featured_media":519450,"comment_status":"open","ping_status":"closed","template":"","meta":[],"product_brand":[629],"product_cat":[4212],"product_tag":[],"class_list":{"0":"post-427499","1":"product","2":"type-product","3":"status-publish","4":"has-post-thumbnail","6":"product_brand-b3archery","7":"product_cat-mechanische-jagdspitzen","9":"first","10":"instock","11":"shipping-taxable","12":"purchasable","13":"product-type-variable"},"yoast_head":"<!-- This site is optimized with the Yoast SEO plugin v27.4 - https:\/\/yoast.com\/product\/yoast-seo-wordpress\/ -->\n<title>B3ARCHERY Mechanische Jagdspitze Exoskeletal Meg 3-Klinge 100 gr - Bogensportdiscount \u2013 B\u00f6gen, Pfeile, Targets &amp; Zubeh\u00f6r<\/title>\n<meta name=\"robots\" content=\"noindex, follow, max-snippet:-1, max-image-preview:large, max-video-preview:-1\" \/>\n<meta property=\"og:locale\" content=\"it_IT\" \/>\n<meta property=\"og:type\" content=\"article\" \/>\n<meta property=\"og:title\" content=\"B3ARCHERY Mechanische Jagdspitze Exoskeletal Meg 3-Klinge 100 gr - Bogensportdiscount \u2013 B\u00f6gen, Pfeile, Targets &amp; Zubeh\u00f6r\" \/>\n<meta property=\"og:description\" content=\"Die B3ARCHERY Exoskeletal Meg ist eine mechanische Expandierklinge-Jagdspitze mit 3 Klingen und einem Gewicht von 100 Grain. Hergestellt in den USA und geeignet f\u00fcr den Jagdeinsatz mit modernen Compoundb\u00f6gen.\" \/>\n<meta property=\"og:url\" content=\"https:\/\/bogensportdiscount.ch\/it\/produit\/b3archery-mechanische-jagdspitze-exoskeletal-meg-3-klinge-100-gr\/\" \/>\n<meta property=\"og:site_name\" content=\"Bogensportdiscount \u2013 B\u00f6gen, Pfeile, Targets &amp; Zubeh\u00f6r\" \/>\n<meta property=\"article:modified_time\" content=\"2026-04-20T11:37:06+00:00\" \/>\n<meta property=\"og:image\" content=\"https:\/\/bogensportdiscount.ch\/wp-content\/uploads\/bsm-images\/A094445_1.jpg\" \/>\n\t<meta property=\"og:image:width\" content=\"800\" \/>\n\t<meta property=\"og:image:height\" content=\"800\" \/>\n\t<meta property=\"og:image:type\" content=\"image\/jpeg\" \/>\n<meta name=\"twitter:card\" content=\"summary_large_image\" \/>\n<script type=\"application\/ld+json\" class=\"yoast-schema-graph\">{\"@context\":\"https:\\\/\\\/schema.org\",\"@graph\":[{\"@type\":\"WebPage\",\"@id\":\"https:\\\/\\\/bogensportdiscount.ch\\\/fr\\\/produit\\\/b3archery-mechanische-jagdspitze-exoskeletal-meg-3-klinge-100-gr\\\/\",\"url\":\"https:\\\/\\\/bogensportdiscount.ch\\\/fr\\\/produit\\\/b3archery-mechanische-jagdspitze-exoskeletal-meg-3-klinge-100-gr\\\/\",\"name\":\"B3ARCHERY Mechanische Jagdspitze Exoskeletal Meg 3-Klinge 100 gr - Bogensportdiscount \u2013 B\u00f6gen, Pfeile, Targets &amp; Zubeh\u00f6r\",\"isPartOf\":{\"@id\":\"https:\\\/\\\/bogensportdiscount.ch\\\/#website\"},\"primaryImageOfPage\":{\"@id\":\"https:\\\/\\\/bogensportdiscount.ch\\\/fr\\\/produit\\\/b3archery-mechanische-jagdspitze-exoskeletal-meg-3-klinge-100-gr\\\/#primaryimage\"},\"image\":{\"@id\":\"https:\\\/\\\/bogensportdiscount.ch\\\/fr\\\/produit\\\/b3archery-mechanische-jagdspitze-exoskeletal-meg-3-klinge-100-gr\\\/#primaryimage\"},\"thumbnailUrl\":\"https:\\\/\\\/bogensportdiscount.ch\\\/wp-content\\\/uploads\\\/bsm-images\\\/A094445_1.jpg\",\"datePublished\":\"2026-04-05T13:36:44+00:00\",\"dateModified\":\"2026-04-20T11:37:06+00:00\",\"breadcrumb\":{\"@id\":\"https:\\\/\\\/bogensportdiscount.ch\\\/fr\\\/produit\\\/b3archery-mechanische-jagdspitze-exoskeletal-meg-3-klinge-100-gr\\\/#breadcrumb\"},\"inLanguage\":\"it-IT\",\"potentialAction\":[{\"@type\":\"ReadAction\",\"target\":[\"https:\\\/\\\/bogensportdiscount.ch\\\/fr\\\/produit\\\/b3archery-mechanische-jagdspitze-exoskeletal-meg-3-klinge-100-gr\\\/\"]}]},{\"@type\":\"ImageObject\",\"inLanguage\":\"it-IT\",\"@id\":\"https:\\\/\\\/bogensportdiscount.ch\\\/fr\\\/produit\\\/b3archery-mechanische-jagdspitze-exoskeletal-meg-3-klinge-100-gr\\\/#primaryimage\",\"url\":\"https:\\\/\\\/bogensportdiscount.ch\\\/wp-content\\\/uploads\\\/bsm-images\\\/A094445_1.jpg\",\"contentUrl\":\"https:\\\/\\\/bogensportdiscount.ch\\\/wp-content\\\/uploads\\\/bsm-images\\\/A094445_1.jpg\",\"width\":800,\"height\":800},{\"@type\":\"BreadcrumbList\",\"@id\":\"https:\\\/\\\/bogensportdiscount.ch\\\/fr\\\/produit\\\/b3archery-mechanische-jagdspitze-exoskeletal-meg-3-klinge-100-gr\\\/#breadcrumb\",\"itemListElement\":[{\"@type\":\"ListItem\",\"position\":1,\"name\":\"Home\",\"item\":\"https:\\\/\\\/bogensportdiscount.ch\\\/\"},{\"@type\":\"ListItem\",\"position\":2,\"name\":\"Shop\",\"item\":\"https:\\\/\\\/bogensportdiscount.ch\\\/shop\\\/\"},{\"@type\":\"ListItem\",\"position\":3,\"name\":\"B3ARCHERY Mechanische Jagdspitze Exoskeletal Meg 3-Klinge 100 gr\"}]},{\"@type\":\"WebSite\",\"@id\":\"https:\\\/\\\/bogensportdiscount.ch\\\/#website\",\"url\":\"https:\\\/\\\/bogensportdiscount.ch\\\/\",\"name\":\"Bogensportdiscount\",\"description\":\"\",\"potentialAction\":[{\"@type\":\"SearchAction\",\"target\":{\"@type\":\"EntryPoint\",\"urlTemplate\":\"https:\\\/\\\/bogensportdiscount.ch\\\/?s={search_term_string}\"},\"query-input\":{\"@type\":\"PropertyValueSpecification\",\"valueRequired\":true,\"valueName\":\"search_term_string\"}}],\"inLanguage\":\"it-IT\"}]}<\/script>\n<!-- \/ Yoast SEO plugin. -->","yoast_head_json":{"title":"B3ARCHERY Mechanische Jagdspitze Exoskeletal Meg 3-Klinge 100 gr - Bogensportdiscount \u2013 B\u00f6gen, Pfeile, Targets &amp; Zubeh\u00f6r","robots":{"index":"noindex","follow":"follow","max-snippet":"max-snippet:-1","max-image-preview":"max-image-preview:large","max-video-preview":"max-video-preview:-1"},"og_locale":"it_IT","og_type":"article","og_title":"B3ARCHERY Mechanische Jagdspitze Exoskeletal Meg 3-Klinge 100 gr - Bogensportdiscount \u2013 B\u00f6gen, Pfeile, Targets &amp; Zubeh\u00f6r","og_description":"Die B3ARCHERY Exoskeletal Meg ist eine mechanische Expandierklinge-Jagdspitze mit 3 Klingen und einem Gewicht von 100 Grain. Hergestellt in den USA und geeignet f\u00fcr den Jagdeinsatz mit modernen Compoundb\u00f6gen.","og_url":"https:\/\/bogensportdiscount.ch\/it\/produit\/b3archery-mechanische-jagdspitze-exoskeletal-meg-3-klinge-100-gr\/","og_site_name":"Bogensportdiscount \u2013 B\u00f6gen, Pfeile, Targets &amp; Zubeh\u00f6r","article_modified_time":"2026-04-20T11:37:06+00:00","og_image":[{"width":800,"height":800,"url":"https:\/\/bogensportdiscount.ch\/wp-content\/uploads\/bsm-images\/A094445_1.jpg","type":"image\/jpeg"}],"twitter_card":"summary_large_image","schema":{"@context":"https:\/\/schema.org","@graph":[{"@type":"WebPage","@id":"https:\/\/bogensportdiscount.ch\/fr\/produit\/b3archery-mechanische-jagdspitze-exoskeletal-meg-3-klinge-100-gr\/","url":"https:\/\/bogensportdiscount.ch\/fr\/produit\/b3archery-mechanische-jagdspitze-exoskeletal-meg-3-klinge-100-gr\/","name":"B3ARCHERY Mechanische Jagdspitze Exoskeletal Meg 3-Klinge 100 gr - Bogensportdiscount \u2013 B\u00f6gen, Pfeile, Targets &amp; Zubeh\u00f6r","isPartOf":{"@id":"https:\/\/bogensportdiscount.ch\/#website"},"primaryImageOfPage":{"@id":"https:\/\/bogensportdiscount.ch\/fr\/produit\/b3archery-mechanische-jagdspitze-exoskeletal-meg-3-klinge-100-gr\/#primaryimage"},"image":{"@id":"https:\/\/bogensportdiscount.ch\/fr\/produit\/b3archery-mechanische-jagdspitze-exoskeletal-meg-3-klinge-100-gr\/#primaryimage"},"thumbnailUrl":"https:\/\/bogensportdiscount.ch\/wp-content\/uploads\/bsm-images\/A094445_1.jpg","datePublished":"2026-04-05T13:36:44+00:00","dateModified":"2026-04-20T11:37:06+00:00","breadcrumb":{"@id":"https:\/\/bogensportdiscount.ch\/fr\/produit\/b3archery-mechanische-jagdspitze-exoskeletal-meg-3-klinge-100-gr\/#breadcrumb"},"inLanguage":"it-IT","potentialAction":[{"@type":"ReadAction","target":["https:\/\/bogensportdiscount.ch\/fr\/produit\/b3archery-mechanische-jagdspitze-exoskeletal-meg-3-klinge-100-gr\/"]}]},{"@type":"ImageObject","inLanguage":"it-IT","@id":"https:\/\/bogensportdiscount.ch\/fr\/produit\/b3archery-mechanische-jagdspitze-exoskeletal-meg-3-klinge-100-gr\/#primaryimage","url":"https:\/\/bogensportdiscount.ch\/wp-content\/uploads\/bsm-images\/A094445_1.jpg","contentUrl":"https:\/\/bogensportdiscount.ch\/wp-content\/uploads\/bsm-images\/A094445_1.jpg","width":800,"height":800},{"@type":"BreadcrumbList","@id":"https:\/\/bogensportdiscount.ch\/fr\/produit\/b3archery-mechanische-jagdspitze-exoskeletal-meg-3-klinge-100-gr\/#breadcrumb","itemListElement":[{"@type":"ListItem","position":1,"name":"Home","item":"https:\/\/bogensportdiscount.ch\/"},{"@type":"ListItem","position":2,"name":"Shop","item":"https:\/\/bogensportdiscount.ch\/shop\/"},{"@type":"ListItem","position":3,"name":"B3ARCHERY Mechanische Jagdspitze Exoskeletal Meg 3-Klinge 100 gr"}]},{"@type":"WebSite","@id":"https:\/\/bogensportdiscount.ch\/#website","url":"https:\/\/bogensportdiscount.ch\/","name":"Bogensportdiscount","description":"","potentialAction":[{"@type":"SearchAction","target":{"@type":"EntryPoint","urlTemplate":"https:\/\/bogensportdiscount.ch\/?s={search_term_string}"},"query-input":{"@type":"PropertyValueSpecification","valueRequired":true,"valueName":"search_term_string"}}],"inLanguage":"it-IT"}]}},"_links":{"self":[{"href":"https:\/\/bogensportdiscount.ch\/it\/wp-json\/wp\/v2\/product\/427499","targetHints":{"allow":["GET"]}}],"collection":[{"href":"https:\/\/bogensportdiscount.ch\/it\/wp-json\/wp\/v2\/product"}],"about":[{"href":"https:\/\/bogensportdiscount.ch\/it\/wp-json\/wp\/v2\/types\/product"}],"replies":[{"embeddable":true,"href":"https:\/\/bogensportdiscount.ch\/it\/wp-json\/wp\/v2\/comments?post=427499"}],"wp:featuredmedia":[{"embeddable":true,"href":"https:\/\/bogensportdiscount.ch\/it\/wp-json\/wp\/v2\/media\/519450"}],"wp:attachment":[{"href":"https:\/\/bogensportdiscount.ch\/it\/wp-json\/wp\/v2\/media?parent=427499"}],"wp:term":[{"taxonomy":"product_brand","embeddable":true,"href":"https:\/\/bogensportdiscount.ch\/it\/wp-json\/wp\/v2\/product_brand?post=427499"},{"taxonomy":"product_cat","embeddable":true,"href":"https:\/\/bogensportdiscount.ch\/it\/wp-json\/wp\/v2\/product_cat?post=427499"},{"taxonomy":"product_tag","embeddable":true,"href":"https:\/\/bogensportdiscount.ch\/it\/wp-json\/wp\/v2\/product_tag?post=427499"}],"curies":[{"name":"wp","href":"https:\/\/api.w.org\/{rel}","templated":true}]}}