{"id":427293,"date":"2026-04-05T15:36:11","date_gmt":"2026-04-05T13:36:11","guid":{"rendered":"https:\/\/bogensportdiscount.ch\/produkt\/protector-hat-id-5-3-12-pk\/"},"modified":"2026-04-17T09:36:38","modified_gmt":"2026-04-17T07:36:38","slug":"bearpaw-nock-collar-protector-hat-id","status":"publish","type":"product","link":"https:\/\/bogensportdiscount.ch\/it\/prodotto\/bearpaw-nock-collar-protector-hat-id\/","title":{"rendered":"BEARPAW Nock Collar Protector Hat ID"},"content":{"rendered":"<p>Der BEARPAW Protector Hat ID ist ein Nock Collar f\u00fcr Pfeilsch\u00e4fte und dient als Schutz- und Verbindungselement im Bereich der Pfeilkomponenten. Er wird zwischen Schaft und Nocke eingesetzt, um den Schaft vor Besch\u00e4digungen zu sch\u00fctzen und eine sichere Passung der Nocke zu gew\u00e4hrleisten.<\/p>\n<p>Passend f\u00fcr Sch\u00e4fte mit dem entsprechenden Innendurchmesser (ID), eignet sich dieser Collar f\u00fcr den Einsatz im Trainings- und Wettkampfbereich.<\/p>\n<ul>\n<li>Sch\u00fctzt den Schaft im Nockenbereich vor Aufspaltung<\/li>\n<li>Sorgt f\u00fcr stabilen Sitz der Nocke<\/li>\n<li>Hergestellt in Italien<\/li>\n<li>Kompatibel mit g\u00e4ngigen Nocken-Systemen<\/li>\n<\/ul>","protected":false},"excerpt":{"rendered":"<table>\n<tr>\n<th>Propriet\u00e0<\/th>\n<th>Valore<\/th>\n<\/tr>\n<tr>\n<td>Marchio<\/td>\n<td>Zampa d'orso<\/td>\n<\/tr>\n<tr>\n<td>Tipo<\/td>\n<td>Nock Collar<\/td>\n<\/tr>\n<tr>\n<td>Herkunftsland<\/td>\n<td>Italien<\/td>\n<\/tr>\n<\/table>","protected":false},"featured_media":447876,"comment_status":"open","ping_status":"closed","template":"","meta":[],"product_brand":[442],"product_cat":[4551],"product_tag":[],"class_list":{"0":"post-427293","1":"product","2":"type-product","3":"status-publish","4":"has-post-thumbnail","6":"product_brand-bearpaw","7":"product_cat-collars","9":"first","10":"outofstock","11":"shipping-taxable","12":"purchasable","13":"product-type-variable"},"_links":{"self":[{"href":"https:\/\/bogensportdiscount.ch\/it\/wp-json\/wp\/v2\/product\/427293","targetHints":{"allow":["GET"]}}],"collection":[{"href":"https:\/\/bogensportdiscount.ch\/it\/wp-json\/wp\/v2\/product"}],"about":[{"href":"https:\/\/bogensportdiscount.ch\/it\/wp-json\/wp\/v2\/types\/product"}],"replies":[{"embeddable":true,"href":"https:\/\/bogensportdiscount.ch\/it\/wp-json\/wp\/v2\/comments?post=427293"}],"wp:featuredmedia":[{"embeddable":true,"href":"https:\/\/bogensportdiscount.ch\/it\/wp-json\/wp\/v2\/media\/447876"}],"wp:attachment":[{"href":"https:\/\/bogensportdiscount.ch\/it\/wp-json\/wp\/v2\/media?parent=427293"}],"wp:term":[{"taxonomy":"product_brand","embeddable":true,"href":"https:\/\/bogensportdiscount.ch\/it\/wp-json\/wp\/v2\/product_brand?post=427293"},{"taxonomy":"product_cat","embeddable":true,"href":"https:\/\/bogensportdiscount.ch\/it\/wp-json\/wp\/v2\/product_cat?post=427293"},{"taxonomy":"product_tag","embeddable":true,"href":"https:\/\/bogensportdiscount.ch\/it\/wp-json\/wp\/v2\/product_tag?post=427293"}],"curies":[{"name":"wp","href":"https:\/\/api.w.org\/{rel}","templated":true}]}}