{"id":427261,"date":"2026-04-05T15:36:07","date_gmt":"2026-04-05T13:36:07","guid":{"rendered":"https:\/\/bogensportdiscount.ch\/produkt\/traditional-strings-standard-flemish-traditional-flight-48-inch-10-strands\/"},"modified":"2026-04-20T13:37:05","modified_gmt":"2026-04-20T11:37:05","slug":"bearpaw-traditionelle-sehne-standard-flemish-traditional-flight","status":"publish","type":"product","link":"https:\/\/bogensportdiscount.ch\/it\/prodotto\/bearpaw-traditionelle-sehne-standard-flemish-traditional-flight\/","title":{"rendered":"BEARPAW TRADITIONELLE SEHNEN STANDARD FLEMISH TRADITIONAL FLIGHT"},"content":{"rendered":"<p>Die BEARPAW Standard Flemish Traditional Flight ist eine klassische Bogensehne in der bew\u00e4hrten Flemish-Bauweise. Diese Sehnenkonstruktion zeichnet sich durch ihre traditionelle Herstellungsmethode aus, bei der die Sehne aus mehreren miteinander verdrehten Str\u00e4ngen aufgebaut wird.<\/p>\n<p>Die Sehne ist auf traditionelle B\u00f6gen ausgelegt und eignet sich f\u00fcr Recurve- und Langb\u00f6gen im traditionellen Bereich. Sie wird von BEARPAW, einem etablierten Hersteller im Bogensport, produziert.<\/p>\n<ul>\n<li>Traditionelle Flemish-Bauweise<\/li>\n<li>Geeignet f\u00fcr traditionelle B\u00f6gen (Recurve, Langbogen)<\/li>\n<li>Von BEARPAW \u2013 erfahrener Bogensport-Hersteller<\/li>\n<li>Hergestellt in Rum\u00e4nien<\/li>\n<\/ul>","protected":false},"excerpt":{"rendered":"<p>Die BEARPAW Standard Flemish Traditional Flight ist eine traditionelle Bogensehne in Flemish-Bauweise. Sie eignet sich f\u00fcr traditionelle B\u00f6gen und bietet eine zuverl\u00e4ssige Grundausstattung f\u00fcr Bogensch\u00fctzen. Hergestellt in Rum\u00e4nien.<\/p>","protected":false},"featured_media":519459,"comment_status":"open","ping_status":"closed","template":"","meta":[],"product_brand":[442],"product_cat":[4279],"product_tag":[],"class_list":{"0":"post-427261","1":"product","2":"type-product","3":"status-publish","4":"has-post-thumbnail","6":"product_brand-bearpaw","7":"product_cat-traditional-strings","9":"first","10":"instock","11":"shipping-taxable","12":"purchasable","13":"product-type-variable"},"yoast_head":"<!-- This site is optimized with the Yoast SEO plugin v27.4 - https:\/\/yoast.com\/product\/yoast-seo-wordpress\/ -->\n<title>BEARPAW TRADITIONELLE SEHNEN STANDARD FLEMISH TRADITIONAL FLIGHT - Bogensportdiscount \u2013 B\u00f6gen, Pfeile, Targets &amp; Zubeh\u00f6r<\/title>\n<meta name=\"robots\" content=\"noindex, follow, max-snippet:-1, max-image-preview:large, max-video-preview:-1\" \/>\n<meta property=\"og:locale\" content=\"it_IT\" \/>\n<meta property=\"og:type\" content=\"article\" \/>\n<meta property=\"og:title\" content=\"BEARPAW TRADITIONELLE SEHNEN STANDARD FLEMISH TRADITIONAL FLIGHT - Bogensportdiscount \u2013 B\u00f6gen, Pfeile, Targets &amp; Zubeh\u00f6r\" \/>\n<meta property=\"og:description\" content=\"Die BEARPAW Standard Flemish Traditional Flight ist eine traditionelle Bogensehne in Flemish-Bauweise. Sie eignet sich f\u00fcr traditionelle B\u00f6gen und bietet eine zuverl\u00e4ssige Grundausstattung f\u00fcr Bogensch\u00fctzen. Hergestellt in Rum\u00e4nien.\" \/>\n<meta property=\"og:url\" content=\"https:\/\/bogensportdiscount.ch\/it\/produit\/bearpaw-traditionelle-sehne-standard-flemish-traditional-flight\/\" \/>\n<meta property=\"og:site_name\" content=\"Bogensportdiscount \u2013 B\u00f6gen, Pfeile, Targets &amp; Zubeh\u00f6r\" \/>\n<meta property=\"article:modified_time\" content=\"2026-04-20T11:37:05+00:00\" \/>\n<meta property=\"og:image\" content=\"https:\/\/bogensportdiscount.ch\/wp-content\/uploads\/bsm-images\/A094124_1.png\" \/>\n\t<meta property=\"og:image:width\" content=\"990\" \/>\n\t<meta property=\"og:image:height\" content=\"990\" \/>\n\t<meta property=\"og:image:type\" content=\"image\/png\" \/>\n<meta name=\"twitter:card\" content=\"summary_large_image\" \/>\n<script type=\"application\/ld+json\" class=\"yoast-schema-graph\">{\"@context\":\"https:\\\/\\\/schema.org\",\"@graph\":[{\"@type\":\"WebPage\",\"@id\":\"https:\\\/\\\/bogensportdiscount.ch\\\/fr\\\/produit\\\/bearpaw-traditionelle-sehne-standard-flemish-traditional-flight\\\/\",\"url\":\"https:\\\/\\\/bogensportdiscount.ch\\\/fr\\\/produit\\\/bearpaw-traditionelle-sehne-standard-flemish-traditional-flight\\\/\",\"name\":\"BEARPAW TRADITIONELLE SEHNEN STANDARD FLEMISH TRADITIONAL FLIGHT - Bogensportdiscount \u2013 B\u00f6gen, Pfeile, Targets &amp; Zubeh\u00f6r\",\"isPartOf\":{\"@id\":\"https:\\\/\\\/bogensportdiscount.ch\\\/#website\"},\"primaryImageOfPage\":{\"@id\":\"https:\\\/\\\/bogensportdiscount.ch\\\/fr\\\/produit\\\/bearpaw-traditionelle-sehne-standard-flemish-traditional-flight\\\/#primaryimage\"},\"image\":{\"@id\":\"https:\\\/\\\/bogensportdiscount.ch\\\/fr\\\/produit\\\/bearpaw-traditionelle-sehne-standard-flemish-traditional-flight\\\/#primaryimage\"},\"thumbnailUrl\":\"https:\\\/\\\/bogensportdiscount.ch\\\/wp-content\\\/uploads\\\/bsm-images\\\/A094124_1.png\",\"datePublished\":\"2026-04-05T13:36:07+00:00\",\"dateModified\":\"2026-04-20T11:37:05+00:00\",\"breadcrumb\":{\"@id\":\"https:\\\/\\\/bogensportdiscount.ch\\\/fr\\\/produit\\\/bearpaw-traditionelle-sehne-standard-flemish-traditional-flight\\\/#breadcrumb\"},\"inLanguage\":\"it-IT\",\"potentialAction\":[{\"@type\":\"ReadAction\",\"target\":[\"https:\\\/\\\/bogensportdiscount.ch\\\/fr\\\/produit\\\/bearpaw-traditionelle-sehne-standard-flemish-traditional-flight\\\/\"]}]},{\"@type\":\"ImageObject\",\"inLanguage\":\"it-IT\",\"@id\":\"https:\\\/\\\/bogensportdiscount.ch\\\/fr\\\/produit\\\/bearpaw-traditionelle-sehne-standard-flemish-traditional-flight\\\/#primaryimage\",\"url\":\"https:\\\/\\\/bogensportdiscount.ch\\\/wp-content\\\/uploads\\\/bsm-images\\\/A094124_1.png\",\"contentUrl\":\"https:\\\/\\\/bogensportdiscount.ch\\\/wp-content\\\/uploads\\\/bsm-images\\\/A094124_1.png\",\"width\":990,\"height\":990},{\"@type\":\"BreadcrumbList\",\"@id\":\"https:\\\/\\\/bogensportdiscount.ch\\\/fr\\\/produit\\\/bearpaw-traditionelle-sehne-standard-flemish-traditional-flight\\\/#breadcrumb\",\"itemListElement\":[{\"@type\":\"ListItem\",\"position\":1,\"name\":\"Home\",\"item\":\"https:\\\/\\\/bogensportdiscount.ch\\\/\"},{\"@type\":\"ListItem\",\"position\":2,\"name\":\"Shop\",\"item\":\"https:\\\/\\\/bogensportdiscount.ch\\\/shop\\\/\"},{\"@type\":\"ListItem\",\"position\":3,\"name\":\"BEARPAW TRADITIONELLE SEHNEN STANDARD FLEMISH TRADITIONAL FLIGHT\"}]},{\"@type\":\"WebSite\",\"@id\":\"https:\\\/\\\/bogensportdiscount.ch\\\/#website\",\"url\":\"https:\\\/\\\/bogensportdiscount.ch\\\/\",\"name\":\"Bogensportdiscount\",\"description\":\"\",\"potentialAction\":[{\"@type\":\"SearchAction\",\"target\":{\"@type\":\"EntryPoint\",\"urlTemplate\":\"https:\\\/\\\/bogensportdiscount.ch\\\/?s={search_term_string}\"},\"query-input\":{\"@type\":\"PropertyValueSpecification\",\"valueRequired\":true,\"valueName\":\"search_term_string\"}}],\"inLanguage\":\"it-IT\"}]}<\/script>\n<!-- \/ Yoast SEO plugin. -->","yoast_head_json":{"title":"BEARPAW TRADITIONELLE SEHNEN STANDARD FLEMISH TRADITIONAL FLIGHT - Bogensportdiscount \u2013 B\u00f6gen, Pfeile, Targets &amp; Zubeh\u00f6r","robots":{"index":"noindex","follow":"follow","max-snippet":"max-snippet:-1","max-image-preview":"max-image-preview:large","max-video-preview":"max-video-preview:-1"},"og_locale":"it_IT","og_type":"article","og_title":"BEARPAW TRADITIONELLE SEHNEN STANDARD FLEMISH TRADITIONAL FLIGHT - Bogensportdiscount \u2013 B\u00f6gen, Pfeile, Targets &amp; Zubeh\u00f6r","og_description":"Die BEARPAW Standard Flemish Traditional Flight ist eine traditionelle Bogensehne in Flemish-Bauweise. Sie eignet sich f\u00fcr traditionelle B\u00f6gen und bietet eine zuverl\u00e4ssige Grundausstattung f\u00fcr Bogensch\u00fctzen. Hergestellt in Rum\u00e4nien.","og_url":"https:\/\/bogensportdiscount.ch\/it\/produit\/bearpaw-traditionelle-sehne-standard-flemish-traditional-flight\/","og_site_name":"Bogensportdiscount \u2013 B\u00f6gen, Pfeile, Targets &amp; Zubeh\u00f6r","article_modified_time":"2026-04-20T11:37:05+00:00","og_image":[{"width":990,"height":990,"url":"https:\/\/bogensportdiscount.ch\/wp-content\/uploads\/bsm-images\/A094124_1.png","type":"image\/png"}],"twitter_card":"summary_large_image","schema":{"@context":"https:\/\/schema.org","@graph":[{"@type":"WebPage","@id":"https:\/\/bogensportdiscount.ch\/fr\/produit\/bearpaw-traditionelle-sehne-standard-flemish-traditional-flight\/","url":"https:\/\/bogensportdiscount.ch\/fr\/produit\/bearpaw-traditionelle-sehne-standard-flemish-traditional-flight\/","name":"BEARPAW TRADITIONELLE SEHNEN STANDARD FLEMISH TRADITIONAL FLIGHT - Bogensportdiscount \u2013 B\u00f6gen, Pfeile, Targets &amp; Zubeh\u00f6r","isPartOf":{"@id":"https:\/\/bogensportdiscount.ch\/#website"},"primaryImageOfPage":{"@id":"https:\/\/bogensportdiscount.ch\/fr\/produit\/bearpaw-traditionelle-sehne-standard-flemish-traditional-flight\/#primaryimage"},"image":{"@id":"https:\/\/bogensportdiscount.ch\/fr\/produit\/bearpaw-traditionelle-sehne-standard-flemish-traditional-flight\/#primaryimage"},"thumbnailUrl":"https:\/\/bogensportdiscount.ch\/wp-content\/uploads\/bsm-images\/A094124_1.png","datePublished":"2026-04-05T13:36:07+00:00","dateModified":"2026-04-20T11:37:05+00:00","breadcrumb":{"@id":"https:\/\/bogensportdiscount.ch\/fr\/produit\/bearpaw-traditionelle-sehne-standard-flemish-traditional-flight\/#breadcrumb"},"inLanguage":"it-IT","potentialAction":[{"@type":"ReadAction","target":["https:\/\/bogensportdiscount.ch\/fr\/produit\/bearpaw-traditionelle-sehne-standard-flemish-traditional-flight\/"]}]},{"@type":"ImageObject","inLanguage":"it-IT","@id":"https:\/\/bogensportdiscount.ch\/fr\/produit\/bearpaw-traditionelle-sehne-standard-flemish-traditional-flight\/#primaryimage","url":"https:\/\/bogensportdiscount.ch\/wp-content\/uploads\/bsm-images\/A094124_1.png","contentUrl":"https:\/\/bogensportdiscount.ch\/wp-content\/uploads\/bsm-images\/A094124_1.png","width":990,"height":990},{"@type":"BreadcrumbList","@id":"https:\/\/bogensportdiscount.ch\/fr\/produit\/bearpaw-traditionelle-sehne-standard-flemish-traditional-flight\/#breadcrumb","itemListElement":[{"@type":"ListItem","position":1,"name":"Home","item":"https:\/\/bogensportdiscount.ch\/"},{"@type":"ListItem","position":2,"name":"Shop","item":"https:\/\/bogensportdiscount.ch\/shop\/"},{"@type":"ListItem","position":3,"name":"BEARPAW TRADITIONELLE SEHNEN STANDARD FLEMISH TRADITIONAL FLIGHT"}]},{"@type":"WebSite","@id":"https:\/\/bogensportdiscount.ch\/#website","url":"https:\/\/bogensportdiscount.ch\/","name":"Bogensportdiscount","description":"","potentialAction":[{"@type":"SearchAction","target":{"@type":"EntryPoint","urlTemplate":"https:\/\/bogensportdiscount.ch\/?s={search_term_string}"},"query-input":{"@type":"PropertyValueSpecification","valueRequired":true,"valueName":"search_term_string"}}],"inLanguage":"it-IT"}]}},"_links":{"self":[{"href":"https:\/\/bogensportdiscount.ch\/it\/wp-json\/wp\/v2\/product\/427261","targetHints":{"allow":["GET"]}}],"collection":[{"href":"https:\/\/bogensportdiscount.ch\/it\/wp-json\/wp\/v2\/product"}],"about":[{"href":"https:\/\/bogensportdiscount.ch\/it\/wp-json\/wp\/v2\/types\/product"}],"replies":[{"embeddable":true,"href":"https:\/\/bogensportdiscount.ch\/it\/wp-json\/wp\/v2\/comments?post=427261"}],"wp:featuredmedia":[{"embeddable":true,"href":"https:\/\/bogensportdiscount.ch\/it\/wp-json\/wp\/v2\/media\/519459"}],"wp:attachment":[{"href":"https:\/\/bogensportdiscount.ch\/it\/wp-json\/wp\/v2\/media?parent=427261"}],"wp:term":[{"taxonomy":"product_brand","embeddable":true,"href":"https:\/\/bogensportdiscount.ch\/it\/wp-json\/wp\/v2\/product_brand?post=427261"},{"taxonomy":"product_cat","embeddable":true,"href":"https:\/\/bogensportdiscount.ch\/it\/wp-json\/wp\/v2\/product_cat?post=427261"},{"taxonomy":"product_tag","embeddable":true,"href":"https:\/\/bogensportdiscount.ch\/it\/wp-json\/wp\/v2\/product_tag?post=427261"}],"curies":[{"name":"wp","href":"https:\/\/api.w.org\/{rel}","templated":true}]}}