{"id":427256,"date":"2026-04-05T15:36:06","date_gmt":"2026-04-05T13:36:06","guid":{"rendered":"https:\/\/bogensportdiscount.ch\/produkt\/nightfire-nocks-yellow-3-pk\/"},"modified":"2026-04-17T09:36:38","modified_gmt":"2026-04-17T07:36:38","slug":"bearpaw-leuchtnocken-nightfire","status":"publish","type":"product","link":"https:\/\/bogensportdiscount.ch\/it\/prodotto\/bearpaw-leuchtnocken-nightfire\/","title":{"rendered":"COCCHE BEARPAW NIGHTFIRE"},"content":{"rendered":"<p>Die Bearpaw Nightfire sind Leuchtnocken f\u00fcr Bogensport-Pfeile. Leuchtnocken aktivieren sich beim Abschuss und leuchten kurz auf, was die Flugbahn des Pfeils sichtbar macht und das Auffinden nach dem Schuss erleichtert.<\/p>\n<p>Die Nightfire Nocken von Bearpaw sind in vier Farben erh\u00e4ltlich: Blau, Gr\u00fcn, Rot und Gelb. So lassen sie sich je nach pers\u00f6nlicher Pr\u00e4ferenz oder Lichtverh\u00e4ltnissen am Schiessstand ausw\u00e4hlen.<\/p>\n<ul>\n<li>Leuchtnocken f\u00fcr Bogensport-Pfeile<\/li>\n<li>Verf\u00fcgbar in Blau, Gr\u00fcn, Rot und Gelb<\/li>\n<li>Erleichtert das Verfolgen der Pfeilflugbahn<\/li>\n<li>Von Bearpaw, einem etablierten Hersteller im Bogensport<\/li>\n<\/ul>","protected":false},"excerpt":{"rendered":"<p>Die Bearpaw Nightfire Nocken sind Leuchtnocken f\u00fcr Pfeile und in den Farben Blau, Gr\u00fcn, Rot und Gelb erh\u00e4ltlich. Sie erm\u00f6glichen eine einfache Sichtkontrolle des Pfeils beim Abschuss und sind f\u00fcr den Einsatz mit kompatiblen Pfeilsch\u00e4ften geeignet.<\/p>","protected":false},"featured_media":453445,"comment_status":"open","ping_status":"closed","template":"","meta":[],"product_brand":[442],"product_cat":[4254],"product_tag":[],"class_list":{"0":"post-427256","1":"product","2":"type-product","3":"status-publish","4":"has-post-thumbnail","6":"product_brand-bearpaw","7":"product_cat-leuchtnocken-vanes-nocks-wraps","9":"first","10":"instock","11":"shipping-taxable","12":"purchasable","13":"product-type-variable"},"_links":{"self":[{"href":"https:\/\/bogensportdiscount.ch\/it\/wp-json\/wp\/v2\/product\/427256","targetHints":{"allow":["GET"]}}],"collection":[{"href":"https:\/\/bogensportdiscount.ch\/it\/wp-json\/wp\/v2\/product"}],"about":[{"href":"https:\/\/bogensportdiscount.ch\/it\/wp-json\/wp\/v2\/types\/product"}],"replies":[{"embeddable":true,"href":"https:\/\/bogensportdiscount.ch\/it\/wp-json\/wp\/v2\/comments?post=427256"}],"wp:featuredmedia":[{"embeddable":true,"href":"https:\/\/bogensportdiscount.ch\/it\/wp-json\/wp\/v2\/media\/453445"}],"wp:attachment":[{"href":"https:\/\/bogensportdiscount.ch\/it\/wp-json\/wp\/v2\/media?parent=427256"}],"wp:term":[{"taxonomy":"product_brand","embeddable":true,"href":"https:\/\/bogensportdiscount.ch\/it\/wp-json\/wp\/v2\/product_brand?post=427256"},{"taxonomy":"product_cat","embeddable":true,"href":"https:\/\/bogensportdiscount.ch\/it\/wp-json\/wp\/v2\/product_cat?post=427256"},{"taxonomy":"product_tag","embeddable":true,"href":"https:\/\/bogensportdiscount.ch\/it\/wp-json\/wp\/v2\/product_tag?post=427256"}],"curies":[{"name":"wp","href":"https:\/\/api.w.org\/{rel}","templated":true}]}}