{"id":427182,"date":"2026-04-05T15:35:54","date_gmt":"2026-04-05T13:35:54","guid":{"rendered":"https:\/\/bogensportdiscount.ch\/produkt\/dart-board-target-40cm-1-pc\/"},"modified":"2026-04-17T13:49:50","modified_gmt":"2026-04-17T11:49:50","slug":"bearpaw-dart-board-target","status":"publish","type":"product","link":"https:\/\/bogensportdiscount.ch\/it\/prodotto\/bearpaw-dart-board-target\/","title":{"rendered":"Bersaglio per freccette BEARPAW"},"content":{"rendered":"<p>Das Bearpaw Dart Board Target ist eine vielseitige Trainingsauflage f\u00fcr Bogensch\u00fctzen. Mit den verf\u00fcgbaren Gr\u00f6ssen von 40 cm und 60 cm eignet sich das Target sowohl f\u00fcr Trainings- als auch f\u00fcr Freizeitzwecke.<\/p>\n<p>Das hochwertige Design von Bearpaw garantiert eine langlebige Nutzung. Das Target ist ideal geeignet f\u00fcr regelm\u00e4ssiges Training und erm\u00f6glicht eine pr\u00e4zise Verbesserung der Schiesstechnik.<\/p>","protected":false},"excerpt":{"rendered":"<table>\n<tr>\n<th>Propriet\u00e0<\/th>\n<th>Valore<\/th>\n<\/tr>\n<tr>\n<td>Marchio<\/td>\n<td>Zampa d'orso<\/td>\n<\/tr>\n<tr>\n<td>Dimensione<\/td>\n<td>40 cm \/ 60 cm<\/td>\n<\/tr>\n<tr>\n<td>Herkunftsland<\/td>\n<td>Deutschland<\/td>\n<\/tr>\n<\/table>","protected":false},"featured_media":453631,"comment_status":"open","ping_status":"closed","template":"","meta":[],"product_brand":[442],"product_cat":[4331],"product_tag":[],"class_list":{"0":"post-427182","1":"product","2":"type-product","3":"status-publish","4":"has-post-thumbnail","6":"product_brand-bearpaw","7":"product_cat-fun-training-auflagen","9":"first","10":"onbackorder","11":"shipping-taxable","12":"purchasable","13":"product-type-variable"},"_links":{"self":[{"href":"https:\/\/bogensportdiscount.ch\/it\/wp-json\/wp\/v2\/product\/427182","targetHints":{"allow":["GET"]}}],"collection":[{"href":"https:\/\/bogensportdiscount.ch\/it\/wp-json\/wp\/v2\/product"}],"about":[{"href":"https:\/\/bogensportdiscount.ch\/it\/wp-json\/wp\/v2\/types\/product"}],"replies":[{"embeddable":true,"href":"https:\/\/bogensportdiscount.ch\/it\/wp-json\/wp\/v2\/comments?post=427182"}],"wp:featuredmedia":[{"embeddable":true,"href":"https:\/\/bogensportdiscount.ch\/it\/wp-json\/wp\/v2\/media\/453631"}],"wp:attachment":[{"href":"https:\/\/bogensportdiscount.ch\/it\/wp-json\/wp\/v2\/media?parent=427182"}],"wp:term":[{"taxonomy":"product_brand","embeddable":true,"href":"https:\/\/bogensportdiscount.ch\/it\/wp-json\/wp\/v2\/product_brand?post=427182"},{"taxonomy":"product_cat","embeddable":true,"href":"https:\/\/bogensportdiscount.ch\/it\/wp-json\/wp\/v2\/product_cat?post=427182"},{"taxonomy":"product_tag","embeddable":true,"href":"https:\/\/bogensportdiscount.ch\/it\/wp-json\/wp\/v2\/product_tag?post=427182"}],"curies":[{"name":"wp","href":"https:\/\/api.w.org\/{rel}","templated":true}]}}