{"id":426868,"date":"2026-04-05T15:35:15","date_gmt":"2026-04-05T13:35:15","guid":{"rendered":"https:\/\/bogensportdiscount.ch\/produkt\/horse-bows-penthalon-mongolian-56-30lbs\/"},"modified":"2026-04-17T13:49:48","modified_gmt":"2026-04-17T11:49:48","slug":"bearpaw-reiterbogen-penthalon-mongolian-56","status":"publish","type":"product","link":"https:\/\/bogensportdiscount.ch\/it\/prodotto\/bearpaw-reiterbogen-penthalon-mongolian-56\/","title":{"rendered":"BEARPAW ARCHI PER CAVALLI PENTHALON MONGOLO 56\u2033"},"content":{"rendered":"<p>Der BEARPAW Penthalon Mongolian ist ein traditioneller Reiterbogen im klassischen mongolischen Stil. Mit einer Bogenl\u00e4nge von 56 Zoll bietet er eine kompakte und handliche Bauweise, wie sie f\u00fcr Reiterb\u00f6gen typisch ist.<\/p>\n<p>Der Bogen ist in f\u00fcnf Zuggewichten erh\u00e4ltlich \u2013 30, 35, 40, 45 und 50 LBS \u2013 und l\u00e4sst sich damit sowohl f\u00fcr Einsteiger als auch f\u00fcr fortgeschrittene Sch\u00fctzen im traditionellen Bogensport einsetzen.<\/p>\n<ul>\n<li>Klassisches mongolisches Bogendesign<\/li>\n<li>Kompakte L\u00e4nge von 56 Zoll<\/li>\n<li>Erh\u00e4ltlich in Zuggewichten von 30 bis 50 LBS<\/li>\n<li>Geeignet f\u00fcr traditionelles Reiter- und Fussbogenschiessen<\/li>\n<\/ul>","protected":false},"excerpt":{"rendered":"<p><strong>Marchio:<\/strong> Zampa d'orso<\/p>","protected":false},"featured_media":453631,"comment_status":"open","ping_status":"closed","template":"","meta":[],"product_brand":[442],"product_cat":[3463],"product_tag":[],"class_list":{"0":"post-426868","1":"product","2":"type-product","3":"status-publish","4":"has-post-thumbnail","6":"product_brand-bearpaw","7":"product_cat-reiterboegen","9":"first","10":"instock","11":"shipping-taxable","12":"purchasable","13":"product-type-variable"},"_links":{"self":[{"href":"https:\/\/bogensportdiscount.ch\/it\/wp-json\/wp\/v2\/product\/426868","targetHints":{"allow":["GET"]}}],"collection":[{"href":"https:\/\/bogensportdiscount.ch\/it\/wp-json\/wp\/v2\/product"}],"about":[{"href":"https:\/\/bogensportdiscount.ch\/it\/wp-json\/wp\/v2\/types\/product"}],"replies":[{"embeddable":true,"href":"https:\/\/bogensportdiscount.ch\/it\/wp-json\/wp\/v2\/comments?post=426868"}],"wp:featuredmedia":[{"embeddable":true,"href":"https:\/\/bogensportdiscount.ch\/it\/wp-json\/wp\/v2\/media\/453631"}],"wp:attachment":[{"href":"https:\/\/bogensportdiscount.ch\/it\/wp-json\/wp\/v2\/media?parent=426868"}],"wp:term":[{"taxonomy":"product_brand","embeddable":true,"href":"https:\/\/bogensportdiscount.ch\/it\/wp-json\/wp\/v2\/product_brand?post=426868"},{"taxonomy":"product_cat","embeddable":true,"href":"https:\/\/bogensportdiscount.ch\/it\/wp-json\/wp\/v2\/product_cat?post=426868"},{"taxonomy":"product_tag","embeddable":true,"href":"https:\/\/bogensportdiscount.ch\/it\/wp-json\/wp\/v2\/product_tag?post=426868"}],"curies":[{"name":"wp","href":"https:\/\/api.w.org\/{rel}","templated":true}]}}