{"id":426733,"date":"2026-04-05T15:34:59","date_gmt":"2026-04-05T13:34:59","guid":{"rendered":"https:\/\/bogensportdiscount.ch\/produkt\/shafts-carbon-penthalon-traditional-bamboo-spine-350-12-pk\/"},"modified":"2026-04-20T13:36:57","modified_gmt":"2026-04-20T11:36:57","slug":"bearpaw-carbon-traditionspfeilschaft-penthalon-traditional-bamboo","status":"publish","type":"product","link":"https:\/\/bogensportdiscount.ch\/it\/prodotto\/bearpaw-carbon-traditionspfeilschaft-penthalon-traditional-bamboo\/","title":{"rendered":"BEARPAW SCHAEFTE CARBON PENTHALON TRADITIONAL BAMBOO spine 12\/PK"},"content":{"rendered":"<p>Der BEARPAW Penthalon Traditional Bamboo Carbon-Pfeilschaft verbindet die Optik klassischer Bambus-Pfeile mit der Stabilit\u00e4t und Haltbarkeit moderner Carbonmaterialien. Die Schaftserie richtet sich an traditionelle Bogensch\u00fctzen, die Wert auf ein authentisches Erscheinungsbild legen, ohne auf die Pr\u00e4zision und Konsistenz eines Carbonschafts verzichten zu wollen.<\/p>\n<p>Die Sch\u00e4fte sind in sechs verschiedenen Spine-St\u00e4rken erh\u00e4ltlich (350 bis 800), sodass sie f\u00fcr unterschiedliche Zuggewichte und Bogenst\u00e4rken passend ausgew\u00e4hlt werden k\u00f6nnen. Die Herkunft der Sch\u00e4fte ist China.<\/p>\n<ul>\n<li>Carbon-Pfeilschaft im traditionellen Bamboo-Design<\/li>\n<li>Verf\u00fcgbar in Spine 350, 400, 500, 600, 700 und 800<\/li>\n<li>Geeignet f\u00fcr traditionelles Bogenschiessen (Langbogen, Recurve)<\/li>\n<li>Kombination aus klassischer Optik und modernem Carbommaterial<\/li>\n<\/ul>","protected":false},"excerpt":{"rendered":"<p>Der BEARPAW Penthalon Traditional Bamboo ist ein Carbon-Pfeilschaft im traditionellen Bamboo-Look, erh\u00e4ltlich in den Spine-St\u00e4rken 350, 400, 500, 600, 700 und 800. Er eignet sich f\u00fcr Bogensch\u00fctzen, die das klassische Erscheinungsbild traditioneller Pfeile mit den Vorteilen eines Carbonschafts kombinieren m\u00f6chten.<\/p>","protected":false},"featured_media":453631,"comment_status":"open","ping_status":"closed","template":"","meta":[],"product_brand":[442],"product_cat":[4542],"product_tag":[],"class_list":{"0":"post-426733","1":"product","2":"type-product","3":"status-publish","4":"has-post-thumbnail","6":"product_brand-bearpaw","7":"product_cat-carbon-traditionell-schaefte","9":"first","10":"instock","11":"shipping-taxable","12":"purchasable","13":"product-type-variable"},"yoast_head":"<!-- This site is optimized with the Yoast SEO plugin v27.4 - https:\/\/yoast.com\/product\/yoast-seo-wordpress\/ -->\n<title>BEARPAW ASTE IN CARBONIO PENTHALON TRADITIONAL BAMBOO spine 12\/confezione - Bogensportdiscount \u2013 Archi, frecce, bersagli e accessori<\/title>\n<meta name=\"description\" content=\"Acquista BEARPAW SCHAEFTE CARBON PENTHALON TRADITIONAL BAMBOO spine 12\/PK a un prezzo conveniente su Bogensportdiscount \u2013 Marchi di punta, spedizione veloce dalla Svizzera.\" \/>\n<meta name=\"robots\" content=\"noindex, follow, max-snippet:-1, max-image-preview:large, max-video-preview:-1\" \/>\n<meta property=\"og:locale\" content=\"it_IT\" \/>\n<meta property=\"og:type\" content=\"article\" \/>\n<meta property=\"og:title\" content=\"BEARPAW ASTE IN CARBONIO PENTHALON TRADITIONAL BAMBOO spine 12\/confezione - Bogensportdiscount \u2013 Archi, frecce, bersagli e accessori\" \/>\n<meta property=\"og:description\" content=\"Acquista BEARPAW SCHAEFTE CARBON PENTHALON TRADITIONAL BAMBOO spine 12\/PK a un prezzo conveniente su Bogensportdiscount \u2013 Marchi di punta, spedizione veloce dalla Svizzera.\" \/>\n<meta property=\"og:url\" content=\"https:\/\/bogensportdiscount.ch\/it\/produit\/bearpaw-carbon-traditionspfeilschaft-penthalon-traditional-bamboo\/\" \/>\n<meta property=\"og:site_name\" content=\"Bogensportdiscount \u2013 B\u00f6gen, Pfeile, Targets &amp; Zubeh\u00f6r\" \/>\n<meta property=\"article:modified_time\" content=\"2026-04-20T11:36:57+00:00\" \/>\n<meta property=\"og:image\" content=\"https:\/\/bogensportdiscount.ch\/wp-content\/uploads\/2026\/04\/bogensportdiscount.ch-pfeile-boegen-zubehoer-fuer-anfaenger-und-profis-zum-besten-preis-Symbolbild-kein-foto-zu-diesem-artikel_01.jpg\" \/>\n\t<meta property=\"og:image:width\" content=\"1080\" \/>\n\t<meta property=\"og:image:height\" content=\"1080\" \/>\n\t<meta property=\"og:image:type\" content=\"image\/jpeg\" \/>\n<meta name=\"twitter:card\" content=\"summary_large_image\" \/>\n<meta name=\"twitter:label1\" content=\"Tempo di lettura stimato\" \/>\n\t<meta name=\"twitter:data1\" content=\"1 minuto\" \/>\n<script type=\"application\/ld+json\" class=\"yoast-schema-graph\">{\"@context\":\"https:\\\/\\\/schema.org\",\"@graph\":[{\"@type\":\"WebPage\",\"@id\":\"https:\\\/\\\/bogensportdiscount.ch\\\/fr\\\/produit\\\/bearpaw-carbon-traditionspfeilschaft-penthalon-traditional-bamboo\\\/\",\"url\":\"https:\\\/\\\/bogensportdiscount.ch\\\/fr\\\/produit\\\/bearpaw-carbon-traditionspfeilschaft-penthalon-traditional-bamboo\\\/\",\"name\":\"BEARPAW SCHAEFTE CARBON PENTHALON TRADITIONAL BAMBOO spine 12\\\/PK - Bogensportdiscount \u2013 B\u00f6gen, Pfeile, Targets &amp; Zubeh\u00f6r\",\"isPartOf\":{\"@id\":\"https:\\\/\\\/bogensportdiscount.ch\\\/#website\"},\"primaryImageOfPage\":{\"@id\":\"https:\\\/\\\/bogensportdiscount.ch\\\/fr\\\/produit\\\/bearpaw-carbon-traditionspfeilschaft-penthalon-traditional-bamboo\\\/#primaryimage\"},\"image\":{\"@id\":\"https:\\\/\\\/bogensportdiscount.ch\\\/fr\\\/produit\\\/bearpaw-carbon-traditionspfeilschaft-penthalon-traditional-bamboo\\\/#primaryimage\"},\"thumbnailUrl\":\"https:\\\/\\\/bogensportdiscount.ch\\\/wp-content\\\/uploads\\\/2026\\\/04\\\/bogensportdiscount.ch-pfeile-boegen-zubehoer-fuer-anfaenger-und-profis-zum-besten-preis-Symbolbild-kein-foto-zu-diesem-artikel_01.jpg\",\"datePublished\":\"2026-04-05T13:34:59+00:00\",\"dateModified\":\"2026-04-20T11:36:57+00:00\",\"description\":\"BEARPAW SCHAEFTE CARBON PENTHALON TRADITIONAL BAMBOO spine 12\\\/PK g\u00fcnstig kaufen bei Bogensportdiscount \u2013 Top-Marken, schneller Versand aus der Schweiz.\",\"breadcrumb\":{\"@id\":\"https:\\\/\\\/bogensportdiscount.ch\\\/fr\\\/produit\\\/bearpaw-carbon-traditionspfeilschaft-penthalon-traditional-bamboo\\\/#breadcrumb\"},\"inLanguage\":\"it-IT\",\"potentialAction\":[{\"@type\":\"ReadAction\",\"target\":[\"https:\\\/\\\/bogensportdiscount.ch\\\/fr\\\/produit\\\/bearpaw-carbon-traditionspfeilschaft-penthalon-traditional-bamboo\\\/\"]}]},{\"@type\":\"ImageObject\",\"inLanguage\":\"it-IT\",\"@id\":\"https:\\\/\\\/bogensportdiscount.ch\\\/fr\\\/produit\\\/bearpaw-carbon-traditionspfeilschaft-penthalon-traditional-bamboo\\\/#primaryimage\",\"url\":\"https:\\\/\\\/bogensportdiscount.ch\\\/wp-content\\\/uploads\\\/2026\\\/04\\\/bogensportdiscount.ch-pfeile-boegen-zubehoer-fuer-anfaenger-und-profis-zum-besten-preis-Symbolbild-kein-foto-zu-diesem-artikel_01.jpg\",\"contentUrl\":\"https:\\\/\\\/bogensportdiscount.ch\\\/wp-content\\\/uploads\\\/2026\\\/04\\\/bogensportdiscount.ch-pfeile-boegen-zubehoer-fuer-anfaenger-und-profis-zum-besten-preis-Symbolbild-kein-foto-zu-diesem-artikel_01.jpg\",\"width\":1080,\"height\":1080},{\"@type\":\"BreadcrumbList\",\"@id\":\"https:\\\/\\\/bogensportdiscount.ch\\\/fr\\\/produit\\\/bearpaw-carbon-traditionspfeilschaft-penthalon-traditional-bamboo\\\/#breadcrumb\",\"itemListElement\":[{\"@type\":\"ListItem\",\"position\":1,\"name\":\"Home\",\"item\":\"https:\\\/\\\/bogensportdiscount.ch\\\/\"},{\"@type\":\"ListItem\",\"position\":2,\"name\":\"Shop\",\"item\":\"https:\\\/\\\/bogensportdiscount.ch\\\/shop\\\/\"},{\"@type\":\"ListItem\",\"position\":3,\"name\":\"BEARPAW SCHAEFTE CARBON PENTHALON TRADITIONAL BAMBOO spine 12\\\/PK\"}]},{\"@type\":\"WebSite\",\"@id\":\"https:\\\/\\\/bogensportdiscount.ch\\\/#website\",\"url\":\"https:\\\/\\\/bogensportdiscount.ch\\\/\",\"name\":\"Bogensportdiscount\",\"description\":\"\",\"potentialAction\":[{\"@type\":\"SearchAction\",\"target\":{\"@type\":\"EntryPoint\",\"urlTemplate\":\"https:\\\/\\\/bogensportdiscount.ch\\\/?s={search_term_string}\"},\"query-input\":{\"@type\":\"PropertyValueSpecification\",\"valueRequired\":true,\"valueName\":\"search_term_string\"}}],\"inLanguage\":\"it-IT\"}]}<\/script>\n<!-- \/ Yoast SEO plugin. -->","yoast_head_json":{"title":"BEARPAW ASTE IN CARBONIO PENTHALON TRADITIONAL BAMBOO spine 12\/confezione - Bogensportdiscount \u2013 Archi, frecce, bersagli e accessori","description":"Acquista BEARPAW SCHAEFTE CARBON PENTHALON TRADITIONAL BAMBOO spine 12\/PK a un prezzo conveniente su Bogensportdiscount \u2013 Marchi di punta, spedizione veloce dalla Svizzera.","robots":{"index":"noindex","follow":"follow","max-snippet":"max-snippet:-1","max-image-preview":"max-image-preview:large","max-video-preview":"max-video-preview:-1"},"og_locale":"it_IT","og_type":"article","og_title":"BEARPAW ASTE IN CARBONIO PENTHALON TRADITIONAL BAMBOO spine 12\/confezione - Bogensportdiscount \u2013 Archi, frecce, bersagli e accessori","og_description":"Acquista BEARPAW SCHAEFTE CARBON PENTHALON TRADITIONAL BAMBOO spine 12\/PK a un prezzo conveniente su Bogensportdiscount \u2013 Marchi di punta, spedizione veloce dalla Svizzera.","og_url":"https:\/\/bogensportdiscount.ch\/it\/produit\/bearpaw-carbon-traditionspfeilschaft-penthalon-traditional-bamboo\/","og_site_name":"Bogensportdiscount \u2013 B\u00f6gen, Pfeile, Targets &amp; Zubeh\u00f6r","article_modified_time":"2026-04-20T11:36:57+00:00","og_image":[{"width":1080,"height":1080,"url":"https:\/\/bogensportdiscount.ch\/wp-content\/uploads\/2026\/04\/bogensportdiscount.ch-pfeile-boegen-zubehoer-fuer-anfaenger-und-profis-zum-besten-preis-Symbolbild-kein-foto-zu-diesem-artikel_01.jpg","type":"image\/jpeg"}],"twitter_card":"summary_large_image","twitter_misc":{"Tempo di lettura stimato":"1 minuto"},"schema":{"@context":"https:\/\/schema.org","@graph":[{"@type":"WebPage","@id":"https:\/\/bogensportdiscount.ch\/fr\/produit\/bearpaw-carbon-traditionspfeilschaft-penthalon-traditional-bamboo\/","url":"https:\/\/bogensportdiscount.ch\/fr\/produit\/bearpaw-carbon-traditionspfeilschaft-penthalon-traditional-bamboo\/","name":"BEARPAW ASTE IN CARBONIO PENTHALON TRADITIONAL BAMBOO spine 12\/confezione - Bogensportdiscount \u2013 Archi, frecce, bersagli e accessori","isPartOf":{"@id":"https:\/\/bogensportdiscount.ch\/#website"},"primaryImageOfPage":{"@id":"https:\/\/bogensportdiscount.ch\/fr\/produit\/bearpaw-carbon-traditionspfeilschaft-penthalon-traditional-bamboo\/#primaryimage"},"image":{"@id":"https:\/\/bogensportdiscount.ch\/fr\/produit\/bearpaw-carbon-traditionspfeilschaft-penthalon-traditional-bamboo\/#primaryimage"},"thumbnailUrl":"https:\/\/bogensportdiscount.ch\/wp-content\/uploads\/2026\/04\/bogensportdiscount.ch-pfeile-boegen-zubehoer-fuer-anfaenger-und-profis-zum-besten-preis-Symbolbild-kein-foto-zu-diesem-artikel_01.jpg","datePublished":"2026-04-05T13:34:59+00:00","dateModified":"2026-04-20T11:36:57+00:00","description":"Acquista BEARPAW SCHAEFTE CARBON PENTHALON TRADITIONAL BAMBOO spine 12\/PK a un prezzo conveniente su Bogensportdiscount \u2013 Marchi di punta, spedizione veloce dalla Svizzera.","breadcrumb":{"@id":"https:\/\/bogensportdiscount.ch\/fr\/produit\/bearpaw-carbon-traditionspfeilschaft-penthalon-traditional-bamboo\/#breadcrumb"},"inLanguage":"it-IT","potentialAction":[{"@type":"ReadAction","target":["https:\/\/bogensportdiscount.ch\/fr\/produit\/bearpaw-carbon-traditionspfeilschaft-penthalon-traditional-bamboo\/"]}]},{"@type":"ImageObject","inLanguage":"it-IT","@id":"https:\/\/bogensportdiscount.ch\/fr\/produit\/bearpaw-carbon-traditionspfeilschaft-penthalon-traditional-bamboo\/#primaryimage","url":"https:\/\/bogensportdiscount.ch\/wp-content\/uploads\/2026\/04\/bogensportdiscount.ch-pfeile-boegen-zubehoer-fuer-anfaenger-und-profis-zum-besten-preis-Symbolbild-kein-foto-zu-diesem-artikel_01.jpg","contentUrl":"https:\/\/bogensportdiscount.ch\/wp-content\/uploads\/2026\/04\/bogensportdiscount.ch-pfeile-boegen-zubehoer-fuer-anfaenger-und-profis-zum-besten-preis-Symbolbild-kein-foto-zu-diesem-artikel_01.jpg","width":1080,"height":1080},{"@type":"BreadcrumbList","@id":"https:\/\/bogensportdiscount.ch\/fr\/produit\/bearpaw-carbon-traditionspfeilschaft-penthalon-traditional-bamboo\/#breadcrumb","itemListElement":[{"@type":"ListItem","position":1,"name":"Home","item":"https:\/\/bogensportdiscount.ch\/"},{"@type":"ListItem","position":2,"name":"Shop","item":"https:\/\/bogensportdiscount.ch\/shop\/"},{"@type":"ListItem","position":3,"name":"BEARPAW SCHAEFTE CARBON PENTHALON TRADITIONAL BAMBOO spine 12\/PK"}]},{"@type":"WebSite","@id":"https:\/\/bogensportdiscount.ch\/#website","url":"https:\/\/bogensportdiscount.ch\/","name":"Bogensportdiscount","description":"","potentialAction":[{"@type":"SearchAction","target":{"@type":"EntryPoint","urlTemplate":"https:\/\/bogensportdiscount.ch\/?s={search_term_string}"},"query-input":{"@type":"PropertyValueSpecification","valueRequired":true,"valueName":"search_term_string"}}],"inLanguage":"it-IT"}]}},"_links":{"self":[{"href":"https:\/\/bogensportdiscount.ch\/it\/wp-json\/wp\/v2\/product\/426733","targetHints":{"allow":["GET"]}}],"collection":[{"href":"https:\/\/bogensportdiscount.ch\/it\/wp-json\/wp\/v2\/product"}],"about":[{"href":"https:\/\/bogensportdiscount.ch\/it\/wp-json\/wp\/v2\/types\/product"}],"replies":[{"embeddable":true,"href":"https:\/\/bogensportdiscount.ch\/it\/wp-json\/wp\/v2\/comments?post=426733"}],"wp:featuredmedia":[{"embeddable":true,"href":"https:\/\/bogensportdiscount.ch\/it\/wp-json\/wp\/v2\/media\/453631"}],"wp:attachment":[{"href":"https:\/\/bogensportdiscount.ch\/it\/wp-json\/wp\/v2\/media?parent=426733"}],"wp:term":[{"taxonomy":"product_brand","embeddable":true,"href":"https:\/\/bogensportdiscount.ch\/it\/wp-json\/wp\/v2\/product_brand?post=426733"},{"taxonomy":"product_cat","embeddable":true,"href":"https:\/\/bogensportdiscount.ch\/it\/wp-json\/wp\/v2\/product_cat?post=426733"},{"taxonomy":"product_tag","embeddable":true,"href":"https:\/\/bogensportdiscount.ch\/it\/wp-json\/wp\/v2\/product_tag?post=426733"}],"curies":[{"name":"wp","href":"https:\/\/api.w.org\/{rel}","templated":true}]}}