{"id":426647,"date":"2026-04-05T15:34:49","date_gmt":"2026-04-05T13:34:49","guid":{"rendered":"https:\/\/bogensportdiscount.ch\/produkt\/horse-bows-penthalon-skythian-50-20lbs\/"},"modified":"2026-04-17T13:49:44","modified_gmt":"2026-04-17T11:49:44","slug":"bearpaw-reiterbogen-penthalon-skythian-50","status":"publish","type":"product","link":"https:\/\/bogensportdiscount.ch\/it\/prodotto\/bearpaw-reiterbogen-penthalon-skythian-50\/","title":{"rendered":"BEARPAW ARCO PER CAVALLI PENTHALON SKYTHIAN 50\u2033"},"content":{"rendered":"<p>Der BEARPAW Penthalon Skythian ist ein traditioneller Reiterbogen mit einer Bogenl\u00e4nge von 50 Zoll. Das kompakte Format macht ihn ideal f\u00fcr den Einsatz zu Pferd sowie f\u00fcr das traditionelle Bogenschiessen zu Fuss. Er wird in Ungarn gefertigt und tr\u00e4gt das Label der bekannten Penthalon-Linie von BEARPAW.<\/p>\n<p>Mit verf\u00fcgbaren Zuggewichten von 20 lbs, 25 lbs und 30 lbs deckt der Skythian einen breiten Bereich ab und eignet sich sowohl f\u00fcr Einsteiger als auch f\u00fcr Fortgeschrittene im traditionellen Bogensport.<\/p>\n<ul>\n<li>Bogenl\u00e4nge: 50 Zoll<\/li>\n<li>Erh\u00e4ltlich in 20 lbs, 25 lbs und 30 lbs<\/li>\n<li>Kompaktes Design f\u00fcr den Einsatz zu Pferd<\/li>\n<li>Hergestellt in Ungarn<\/li>\n<\/ul>","protected":false},"excerpt":{"rendered":"<p>Der BEARPAW Penthalon Skythian ist ein traditioneller Reiterbogen mit einer Bogenl\u00e4nge von 50 Zoll. Er ist in den Zuggewichten 20 lbs, 25 lbs und 30 lbs erh\u00e4ltlich und eignet sich f\u00fcr Einsteiger sowie fortgeschrittene Bogensch\u00fctzen im traditionellen Bogensport.<\/p>","protected":false},"featured_media":453631,"comment_status":"open","ping_status":"closed","template":"","meta":[],"product_brand":[442],"product_cat":[3463],"product_tag":[],"class_list":{"0":"post-426647","1":"product","2":"type-product","3":"status-publish","4":"has-post-thumbnail","6":"product_brand-bearpaw","7":"product_cat-reiterboegen","9":"first","10":"instock","11":"shipping-taxable","12":"purchasable","13":"product-type-variable"},"_links":{"self":[{"href":"https:\/\/bogensportdiscount.ch\/it\/wp-json\/wp\/v2\/product\/426647","targetHints":{"allow":["GET"]}}],"collection":[{"href":"https:\/\/bogensportdiscount.ch\/it\/wp-json\/wp\/v2\/product"}],"about":[{"href":"https:\/\/bogensportdiscount.ch\/it\/wp-json\/wp\/v2\/types\/product"}],"replies":[{"embeddable":true,"href":"https:\/\/bogensportdiscount.ch\/it\/wp-json\/wp\/v2\/comments?post=426647"}],"wp:featuredmedia":[{"embeddable":true,"href":"https:\/\/bogensportdiscount.ch\/it\/wp-json\/wp\/v2\/media\/453631"}],"wp:attachment":[{"href":"https:\/\/bogensportdiscount.ch\/it\/wp-json\/wp\/v2\/media?parent=426647"}],"wp:term":[{"taxonomy":"product_brand","embeddable":true,"href":"https:\/\/bogensportdiscount.ch\/it\/wp-json\/wp\/v2\/product_brand?post=426647"},{"taxonomy":"product_cat","embeddable":true,"href":"https:\/\/bogensportdiscount.ch\/it\/wp-json\/wp\/v2\/product_cat?post=426647"},{"taxonomy":"product_tag","embeddable":true,"href":"https:\/\/bogensportdiscount.ch\/it\/wp-json\/wp\/v2\/product_tag?post=426647"}],"curies":[{"name":"wp","href":"https:\/\/api.w.org\/{rel}","templated":true}]}}