{"id":426056,"date":"2026-04-05T15:33:18","date_gmt":"2026-04-05T13:33:18","guid":{"rendered":"https:\/\/bogensportdiscount.ch\/produkt\/vanes-ffp-360-fluo-green-100-pk\/"},"modified":"2026-04-17T12:14:57","modified_gmt":"2026-04-17T10:14:57","slug":"flexfletch-kunststoff-vane-ffp-360","status":"publish","type":"product","link":"https:\/\/bogensportdiscount.ch\/it\/prodotto\/flexfletch-kunststoff-vane-ffp-360\/","title":{"rendered":"PALETTA FLEX-FLETCH FFP-360"},"content":{"rendered":"<p>Die FLEXFLETCH FFP-360 Kunststoff-Vane ist eine Befiederungsl\u00f6sung aus dem Hause Flex-Fletch, einem amerikanischen Hersteller von Pfeilbefiederungen. Die FFP-360 ist f\u00fcr den Einsatz an Pfeilen konzipiert und bietet eine solide Grundlage f\u00fcr eine zuverl\u00e4ssige Pfeilstabilisierung.<\/p>\n<p>Die Vanes sind in mehreren Farben erh\u00e4ltlich \u2013 Schwarz, Gr\u00fcn, Lila, Rot und Weiss \u2013 und lassen sich so flexibel nach pers\u00f6nlichen Vorlieben oder zur Unterscheidung verschiedener Pfeilsets einsetzen.<\/p>\n<ul>\n<li>Kunststoff-Vane f\u00fcr Compound-B\u00f6gen und andere Bogensport-Anwendungen<\/li>\n<li>Erh\u00e4ltlich in 5 Farben: Schwarz, Gr\u00fcn, Lila, Rot, Weiss<\/li>\n<li>Prodotto negli Stati Uniti<\/li>\n<\/ul>","protected":false},"excerpt":{"rendered":"<p>Die FLEXFLETCH FFP-360 ist eine Kunststoff-Vane f\u00fcr Pfeile, erh\u00e4ltlich in verschiedenen Farben. Sie eignet sich f\u00fcr den Einsatz mit Compound-B\u00f6gen und anderen Bogensport-Setups.<\/p>","protected":false},"featured_media":450462,"comment_status":"open","ping_status":"closed","template":"","meta":[],"product_brand":[826],"product_cat":[4552],"product_tag":[],"class_list":{"0":"post-426056","1":"product","2":"type-product","3":"status-publish","4":"has-post-thumbnail","6":"product_brand-flexfletch","7":"product_cat-plastik-vanes-vanes-nocks-wraps","9":"first","10":"instock","11":"shipping-taxable","12":"purchasable","13":"product-type-variable"},"_links":{"self":[{"href":"https:\/\/bogensportdiscount.ch\/it\/wp-json\/wp\/v2\/product\/426056","targetHints":{"allow":["GET"]}}],"collection":[{"href":"https:\/\/bogensportdiscount.ch\/it\/wp-json\/wp\/v2\/product"}],"about":[{"href":"https:\/\/bogensportdiscount.ch\/it\/wp-json\/wp\/v2\/types\/product"}],"replies":[{"embeddable":true,"href":"https:\/\/bogensportdiscount.ch\/it\/wp-json\/wp\/v2\/comments?post=426056"}],"wp:featuredmedia":[{"embeddable":true,"href":"https:\/\/bogensportdiscount.ch\/it\/wp-json\/wp\/v2\/media\/450462"}],"wp:attachment":[{"href":"https:\/\/bogensportdiscount.ch\/it\/wp-json\/wp\/v2\/media?parent=426056"}],"wp:term":[{"taxonomy":"product_brand","embeddable":true,"href":"https:\/\/bogensportdiscount.ch\/it\/wp-json\/wp\/v2\/product_brand?post=426056"},{"taxonomy":"product_cat","embeddable":true,"href":"https:\/\/bogensportdiscount.ch\/it\/wp-json\/wp\/v2\/product_cat?post=426056"},{"taxonomy":"product_tag","embeddable":true,"href":"https:\/\/bogensportdiscount.ch\/it\/wp-json\/wp\/v2\/product_tag?post=426056"}],"curies":[{"name":"wp","href":"https:\/\/api.w.org\/{rel}","templated":true}]}}