{"id":426043,"date":"2026-04-05T15:33:17","date_gmt":"2026-04-05T13:33:17","guid":{"rendered":"https:\/\/bogensportdiscount.ch\/produkt\/vanes-ffp-300-fluo-green-100-pk\/"},"modified":"2026-04-17T12:14:52","modified_gmt":"2026-04-17T10:14:52","slug":"flexfletch-vanes-ffp-300","status":"publish","type":"product","link":"https:\/\/bogensportdiscount.ch\/it\/prodotto\/flexfletch-vanes-ffp-300\/","title":{"rendered":"FLEX-FLETCH FFP-300 A PALETTA"},"content":{"rendered":"<p>Die FLEXFLETCH FFP-300 Vanes sind Kunststoffbefiederungen des amerikanischen Herstellers Flex-Fletch. Sie sind f\u00fcr das Aufkleben auf Pfeilsch\u00e4fte konzipiert und sorgen f\u00fcr eine stabile Flugbahn des Pfeils.<\/p>\n<p>Die Vanes sind in neun verschiedenen Farben erh\u00e4ltlich: Schwarz, Blau, Gold, Gr\u00fcn, Orange, Lila, Rot, Weiss und Gelb. So lassen sich Pfeile farblich individuell kennzeichnen oder abstimmen.<\/p>\n<ul>\n<li>Modell: FFP-300<\/li>\n<li>Material: Kunststoff<\/li>\n<li>Herkunft: USA<\/li>\n<li>Erh\u00e4ltlich in 9 Farben<\/li>\n<\/ul>","protected":false},"excerpt":{"rendered":"<p>Die FLEXFLETCH FFP-300 sind Kunststofffedern f\u00fcr Bogenpfeile, erh\u00e4ltlich in neun Farben. Sie eignen sich f\u00fcr den Einsatz an Standard-Pfeilsch\u00e4ften und bieten zuverl\u00e4ssige Befiederungseigenschaften f\u00fcr Freizeit- und Turnierbetrieb.<\/p>","protected":false},"featured_media":450502,"comment_status":"open","ping_status":"closed","template":"","meta":[],"product_brand":[826],"product_cat":[4552],"product_tag":[],"class_list":{"0":"post-426043","1":"product","2":"type-product","3":"status-publish","4":"has-post-thumbnail","6":"product_brand-flexfletch","7":"product_cat-plastik-vanes-vanes-nocks-wraps","9":"first","10":"instock","11":"shipping-taxable","12":"purchasable","13":"product-type-variable"},"_links":{"self":[{"href":"https:\/\/bogensportdiscount.ch\/it\/wp-json\/wp\/v2\/product\/426043","targetHints":{"allow":["GET"]}}],"collection":[{"href":"https:\/\/bogensportdiscount.ch\/it\/wp-json\/wp\/v2\/product"}],"about":[{"href":"https:\/\/bogensportdiscount.ch\/it\/wp-json\/wp\/v2\/types\/product"}],"replies":[{"embeddable":true,"href":"https:\/\/bogensportdiscount.ch\/it\/wp-json\/wp\/v2\/comments?post=426043"}],"wp:featuredmedia":[{"embeddable":true,"href":"https:\/\/bogensportdiscount.ch\/it\/wp-json\/wp\/v2\/media\/450502"}],"wp:attachment":[{"href":"https:\/\/bogensportdiscount.ch\/it\/wp-json\/wp\/v2\/media?parent=426043"}],"wp:term":[{"taxonomy":"product_brand","embeddable":true,"href":"https:\/\/bogensportdiscount.ch\/it\/wp-json\/wp\/v2\/product_brand?post=426043"},{"taxonomy":"product_cat","embeddable":true,"href":"https:\/\/bogensportdiscount.ch\/it\/wp-json\/wp\/v2\/product_cat?post=426043"},{"taxonomy":"product_tag","embeddable":true,"href":"https:\/\/bogensportdiscount.ch\/it\/wp-json\/wp\/v2\/product_tag?post=426043"}],"curies":[{"name":"wp","href":"https:\/\/api.w.org\/{rel}","templated":true}]}}