{"id":426031,"date":"2026-04-05T15:33:15","date_gmt":"2026-04-05T13:33:15","guid":{"rendered":"https:\/\/bogensportdiscount.ch\/produkt\/plastic-grip-for-v2-xenia-rh\/"},"modified":"2026-04-17T19:13:05","modified_gmt":"2026-04-17T17:13:05","slug":"fivics-kunststoff-griff-v2-xenia","status":"publish","type":"product","link":"https:\/\/bogensportdiscount.ch\/it\/prodotto\/fivics-kunststoff-griff-v2-xenia\/","title":{"rendered":"FIVICS PLASTIC GRIP FOR V2 &#038; XENIA"},"content":{"rendered":"<p>Der FIVICS Kunststoff-Griff ist kompatibel mit den Recurve-Bogenserien V2 und Xenia von FIVICS. Er ist als Ersatz- oder Alternativgriff konzipiert und in Schwarz erh\u00e4ltlich.<\/p>\n<p>Der Griff ist sowohl f\u00fcr Rechts- als auch f\u00fcr Linksh\u00e4nder erh\u00e4ltlich und l\u00e4sst sich unkompliziert am entsprechenden Bogenriser montieren.<\/p>\n<ul>\n<li>Passend f\u00fcr FIVICS V2 und Xenia Riser<\/li>\n<li>Ausf\u00fchrung f\u00fcr Rechtshand (RH) und Linkshand (LH)<\/li>\n<li>Material: Kunststoff<\/li>\n<li>Farbe: Schwarz<\/li>\n<\/ul>","protected":false},"excerpt":{"rendered":"<table>\n<tr>\n<th>Propriet\u00e0<\/th>\n<th>Valore<\/th>\n<\/tr>\n<tr>\n<td>Marchio<\/td>\n<td>Fivics<\/td>\n<\/tr>\n<tr>\n<td>Colore<\/td>\n<td>Schwarz<\/td>\n<\/tr>\n<tr>\n<td>Origine<\/td>\n<td>China<\/td>\n<\/tr>\n<tr>\n<td>Verf\u00fcgbare Ausf\u00fchrungen<\/td>\n<td>Linkshand (LH), Rechtshand (RH)<\/td>\n<\/tr>\n<\/table>","protected":false},"featured_media":447937,"comment_status":"open","ping_status":"closed","template":"","meta":[],"product_brand":[429],"product_cat":[4201],"product_tag":[],"class_list":{"0":"post-426031","1":"product","2":"type-product","3":"status-publish","4":"has-post-thumbnail","6":"product_brand-fivics","7":"product_cat-recurve-griffe-griffe-bogen-zubehoer","9":"first","10":"outofstock","11":"shipping-taxable","12":"purchasable","13":"product-type-variable"},"_links":{"self":[{"href":"https:\/\/bogensportdiscount.ch\/it\/wp-json\/wp\/v2\/product\/426031","targetHints":{"allow":["GET"]}}],"collection":[{"href":"https:\/\/bogensportdiscount.ch\/it\/wp-json\/wp\/v2\/product"}],"about":[{"href":"https:\/\/bogensportdiscount.ch\/it\/wp-json\/wp\/v2\/types\/product"}],"replies":[{"embeddable":true,"href":"https:\/\/bogensportdiscount.ch\/it\/wp-json\/wp\/v2\/comments?post=426031"}],"wp:featuredmedia":[{"embeddable":true,"href":"https:\/\/bogensportdiscount.ch\/it\/wp-json\/wp\/v2\/media\/447937"}],"wp:attachment":[{"href":"https:\/\/bogensportdiscount.ch\/it\/wp-json\/wp\/v2\/media?parent=426031"}],"wp:term":[{"taxonomy":"product_brand","embeddable":true,"href":"https:\/\/bogensportdiscount.ch\/it\/wp-json\/wp\/v2\/product_brand?post=426031"},{"taxonomy":"product_cat","embeddable":true,"href":"https:\/\/bogensportdiscount.ch\/it\/wp-json\/wp\/v2\/product_cat?post=426031"},{"taxonomy":"product_tag","embeddable":true,"href":"https:\/\/bogensportdiscount.ch\/it\/wp-json\/wp\/v2\/product_tag?post=426031"}],"curies":[{"name":"wp","href":"https:\/\/api.w.org\/{rel}","templated":true}]}}