{"id":425886,"date":"2026-04-05T15:32:53","date_gmt":"2026-04-05T13:32:53","guid":{"rendered":"https:\/\/bogensportdiscount.ch\/produkt\/compound-sight-nytrx-x4-4-pin-side-mount-010-rh\/"},"modified":"2026-04-22T14:12:04","modified_gmt":"2026-04-22T12:12:04","slug":"hha-compound-visier-nytrx-x4-4-pin-seitenmontage-010","status":"publish","type":"product","link":"https:\/\/bogensportdiscount.ch\/it\/prodotto\/hha-compound-visier-nytrx-x4-4-pin-seitenmontage-010\/","title":{"rendered":"HHA COMPOUND VISIER NYTRX X4 4 PIN SIDE MOUNT .010&#8243;"},"content":{"rendered":"<p>Das HHA Compound-Visier Nytrx X4 ist ein Jagd- und 3D-Visier f\u00fcr Compound-B\u00f6gen mit bew\u00e4hrter Seitenmontage-Konstruktion. Mit 4 Pins und einer Pin-Gr\u00f6sse von .010&#8243; bietet dieses Visier pr\u00e4zise Zielgenauigkeit f\u00fcr verschiedene Distanzen.<\/p>\n<p>Die robuste Konstruktion und die sichere Befestigung machen das Nytrx X4 zu einem zuverl\u00e4ssigen Begleiter f\u00fcr Jagd und 3D-Bogenschie\u00dfen. Erh\u00e4ltlich f\u00fcr Links- und Rechtshand.<\/p>","protected":false},"excerpt":{"rendered":"<table>\n<tr>\n<th>Propriet\u00e0<\/th>\n<th>Valore<\/th>\n<\/tr>\n<tr>\n<td>Marca<\/td>\n<td>HHA<\/td>\n<\/tr>\n<tr>\n<td>Paese di origine<\/td>\n<td>USA<\/td>\n<\/tr>\n<tr>\n<td>Befestigungsart<\/td>\n<td>Seitenmontage<\/td>\n<\/tr>\n<tr>\n<td>Pin-Anzahl<\/td>\n<td>4<\/td>\n<\/tr>\n<tr>\n<td>Dimensione pin<\/td>\n<td>.010&#8243;<\/td>\n<\/tr>\n<\/table>","protected":false},"featured_media":523333,"comment_status":"open","ping_status":"closed","template":"","meta":[],"product_brand":[528],"product_cat":[4263],"product_tag":[],"class_list":{"0":"post-425886","1":"product","2":"type-product","3":"status-publish","4":"has-post-thumbnail","6":"product_brand-hha","7":"product_cat-jagd-und-3d-visiere","8":"product_shipping_class-bsd-standard","10":"first","11":"onbackorder","12":"shipping-taxable","13":"purchasable","14":"product-type-variable"},"yoast_head":"<!-- This site is optimized with the Yoast SEO plugin v27.4 - https:\/\/yoast.com\/product\/yoast-seo-wordpress\/ -->\n<title>Mirino HHA COMPOUND NYTRX X4 4 PIN SIDE MOUNT .010&quot; - Bogensportdiscount \u2013 Archi, frecce, bersagli e accessori<\/title>\n<meta name=\"description\" content=\"Acquista a un prezzo conveniente il mirino HHA COMPOUND NYTRX X4 4 PIN SIDE MOUNT .010&quot; su Bogensportdiscount \u2013 Le migliori marche, spedizione veloce dalla Svizzera.\" \/>\n<meta name=\"robots\" content=\"index, follow, max-snippet:-1, max-image-preview:large, max-video-preview:-1\" \/>\n<link rel=\"canonical\" href=\"https:\/\/bogensportdiscount.ch\/it\/prodotto\/hha-compound-visier-nytrx-x4-4-pin-seitenmontage-010\/\" \/>\n<meta property=\"og:locale\" content=\"it_IT\" \/>\n<meta property=\"og:type\" content=\"article\" \/>\n<meta property=\"og:title\" content=\"Mirino HHA COMPOUND NYTRX X4 4 PIN SIDE MOUNT .010&quot; - Bogensportdiscount \u2013 Archi, frecce, bersagli e accessori\" \/>\n<meta property=\"og:description\" content=\"Acquista a un prezzo conveniente il mirino HHA COMPOUND NYTRX X4 4 PIN SIDE MOUNT .010&quot; su Bogensportdiscount \u2013 Le migliori marche, spedizione veloce dalla Svizzera.\" \/>\n<meta property=\"og:url\" content=\"https:\/\/bogensportdiscount.ch\/it\/prodotto\/hha-compound-visier-nytrx-x4-4-pin-seitenmontage-010\/\" \/>\n<meta property=\"og:site_name\" content=\"Bogensportdiscount \u2013 B\u00f6gen, Pfeile, Targets &amp; Zubeh\u00f6r\" \/>\n<meta property=\"article:modified_time\" content=\"2026-04-22T12:12:04+00:00\" \/>\n<meta property=\"og:image\" content=\"https:\/\/bogensportdiscount.ch\/wp-content\/uploads\/bsm-images\/A092345_1.png\" \/>\n\t<meta property=\"og:image:width\" content=\"1200\" \/>\n\t<meta property=\"og:image:height\" content=\"1200\" \/>\n\t<meta property=\"og:image:type\" content=\"image\/png\" \/>\n<meta name=\"twitter:card\" content=\"summary_large_image\" \/>\n<script type=\"application\/ld+json\" class=\"yoast-schema-graph\">{\"@context\":\"https:\\\/\\\/schema.org\",\"@graph\":[{\"@type\":\"WebPage\",\"@id\":\"https:\\\/\\\/bogensportdiscount.ch\\\/produkt\\\/hha-compound-visier-nytrx-x4-4-pin-seitenmontage-010\\\/\",\"url\":\"https:\\\/\\\/bogensportdiscount.ch\\\/produkt\\\/hha-compound-visier-nytrx-x4-4-pin-seitenmontage-010\\\/\",\"name\":\"HHA COMPOUND VISIER NYTRX X4 4 PIN SIDE MOUNT .010\\\" - Bogensportdiscount \u2013 B\u00f6gen, Pfeile, Targets &amp; Zubeh\u00f6r\",\"isPartOf\":{\"@id\":\"https:\\\/\\\/bogensportdiscount.ch\\\/#website\"},\"primaryImageOfPage\":{\"@id\":\"https:\\\/\\\/bogensportdiscount.ch\\\/produkt\\\/hha-compound-visier-nytrx-x4-4-pin-seitenmontage-010\\\/#primaryimage\"},\"image\":{\"@id\":\"https:\\\/\\\/bogensportdiscount.ch\\\/produkt\\\/hha-compound-visier-nytrx-x4-4-pin-seitenmontage-010\\\/#primaryimage\"},\"thumbnailUrl\":\"https:\\\/\\\/bogensportdiscount.ch\\\/wp-content\\\/uploads\\\/bsm-images\\\/A092345_1.png\",\"datePublished\":\"2026-04-05T13:32:53+00:00\",\"dateModified\":\"2026-04-22T12:12:04+00:00\",\"description\":\"HHA COMPOUND VISIER NYTRX X4 4 PIN SIDE MOUNT .010\\\" g\u00fcnstig kaufen bei Bogensportdiscount \u2013 Top-Marken, schneller Versand aus der Schweiz.\",\"breadcrumb\":{\"@id\":\"https:\\\/\\\/bogensportdiscount.ch\\\/produkt\\\/hha-compound-visier-nytrx-x4-4-pin-seitenmontage-010\\\/#breadcrumb\"},\"inLanguage\":\"it-IT\",\"potentialAction\":[{\"@type\":\"ReadAction\",\"target\":[\"https:\\\/\\\/bogensportdiscount.ch\\\/produkt\\\/hha-compound-visier-nytrx-x4-4-pin-seitenmontage-010\\\/\"]}]},{\"@type\":\"ImageObject\",\"inLanguage\":\"it-IT\",\"@id\":\"https:\\\/\\\/bogensportdiscount.ch\\\/produkt\\\/hha-compound-visier-nytrx-x4-4-pin-seitenmontage-010\\\/#primaryimage\",\"url\":\"https:\\\/\\\/bogensportdiscount.ch\\\/wp-content\\\/uploads\\\/bsm-images\\\/A092345_1.png\",\"contentUrl\":\"https:\\\/\\\/bogensportdiscount.ch\\\/wp-content\\\/uploads\\\/bsm-images\\\/A092345_1.png\",\"width\":1200,\"height\":1200},{\"@type\":\"BreadcrumbList\",\"@id\":\"https:\\\/\\\/bogensportdiscount.ch\\\/produkt\\\/hha-compound-visier-nytrx-x4-4-pin-seitenmontage-010\\\/#breadcrumb\",\"itemListElement\":[{\"@type\":\"ListItem\",\"position\":1,\"name\":\"Home\",\"item\":\"https:\\\/\\\/bogensportdiscount.ch\\\/\"},{\"@type\":\"ListItem\",\"position\":2,\"name\":\"Shop\",\"item\":\"https:\\\/\\\/bogensportdiscount.ch\\\/shop\\\/\"},{\"@type\":\"ListItem\",\"position\":3,\"name\":\"HHA COMPOUND VISIER NYTRX X4 4 PIN SIDE MOUNT .010&#8243;\"}]},{\"@type\":\"WebSite\",\"@id\":\"https:\\\/\\\/bogensportdiscount.ch\\\/#website\",\"url\":\"https:\\\/\\\/bogensportdiscount.ch\\\/\",\"name\":\"Bogensportdiscount\",\"description\":\"\",\"potentialAction\":[{\"@type\":\"SearchAction\",\"target\":{\"@type\":\"EntryPoint\",\"urlTemplate\":\"https:\\\/\\\/bogensportdiscount.ch\\\/?s={search_term_string}\"},\"query-input\":{\"@type\":\"PropertyValueSpecification\",\"valueRequired\":true,\"valueName\":\"search_term_string\"}}],\"inLanguage\":\"it-IT\"}]}<\/script>\n<!-- \/ Yoast SEO plugin. -->","yoast_head_json":{"title":"Mirino HHA COMPOUND NYTRX X4 4 PIN SIDE MOUNT .010&quot; - Bogensportdiscount \u2013 Archi, frecce, bersagli e accessori","description":"Acquista a un prezzo conveniente il mirino HHA COMPOUND NYTRX X4 4 PIN SIDE MOUNT .010&quot; su Bogensportdiscount \u2013 Le migliori marche, spedizione veloce dalla Svizzera.","robots":{"index":"index","follow":"follow","max-snippet":"max-snippet:-1","max-image-preview":"max-image-preview:large","max-video-preview":"max-video-preview:-1"},"canonical":"https:\/\/bogensportdiscount.ch\/it\/prodotto\/hha-compound-visier-nytrx-x4-4-pin-seitenmontage-010\/","og_locale":"it_IT","og_type":"article","og_title":"Mirino HHA COMPOUND NYTRX X4 4 PIN SIDE MOUNT .010&quot; - Bogensportdiscount \u2013 Archi, frecce, bersagli e accessori","og_description":"Acquista a un prezzo conveniente il mirino HHA COMPOUND NYTRX X4 4 PIN SIDE MOUNT .010&quot; su Bogensportdiscount \u2013 Le migliori marche, spedizione veloce dalla Svizzera.","og_url":"https:\/\/bogensportdiscount.ch\/it\/prodotto\/hha-compound-visier-nytrx-x4-4-pin-seitenmontage-010\/","og_site_name":"Bogensportdiscount \u2013 B\u00f6gen, Pfeile, Targets &amp; Zubeh\u00f6r","article_modified_time":"2026-04-22T12:12:04+00:00","og_image":[{"width":1200,"height":1200,"url":"https:\/\/bogensportdiscount.ch\/wp-content\/uploads\/bsm-images\/A092345_1.png","type":"image\/png"}],"twitter_card":"summary_large_image","schema":{"@context":"https:\/\/schema.org","@graph":[{"@type":"WebPage","@id":"https:\/\/bogensportdiscount.ch\/produkt\/hha-compound-visier-nytrx-x4-4-pin-seitenmontage-010\/","url":"https:\/\/bogensportdiscount.ch\/produkt\/hha-compound-visier-nytrx-x4-4-pin-seitenmontage-010\/","name":"Mirino HHA COMPOUND NYTRX X4 4 PIN SIDE MOUNT .010&quot; - Bogensportdiscount \u2013 Archi, frecce, bersagli e accessori","isPartOf":{"@id":"https:\/\/bogensportdiscount.ch\/#website"},"primaryImageOfPage":{"@id":"https:\/\/bogensportdiscount.ch\/produkt\/hha-compound-visier-nytrx-x4-4-pin-seitenmontage-010\/#primaryimage"},"image":{"@id":"https:\/\/bogensportdiscount.ch\/produkt\/hha-compound-visier-nytrx-x4-4-pin-seitenmontage-010\/#primaryimage"},"thumbnailUrl":"https:\/\/bogensportdiscount.ch\/wp-content\/uploads\/bsm-images\/A092345_1.png","datePublished":"2026-04-05T13:32:53+00:00","dateModified":"2026-04-22T12:12:04+00:00","description":"Acquista a un prezzo conveniente il mirino HHA COMPOUND NYTRX X4 4 PIN SIDE MOUNT .010&quot; su Bogensportdiscount \u2013 Le migliori marche, spedizione veloce dalla Svizzera.","breadcrumb":{"@id":"https:\/\/bogensportdiscount.ch\/produkt\/hha-compound-visier-nytrx-x4-4-pin-seitenmontage-010\/#breadcrumb"},"inLanguage":"it-IT","potentialAction":[{"@type":"ReadAction","target":["https:\/\/bogensportdiscount.ch\/produkt\/hha-compound-visier-nytrx-x4-4-pin-seitenmontage-010\/"]}]},{"@type":"ImageObject","inLanguage":"it-IT","@id":"https:\/\/bogensportdiscount.ch\/produkt\/hha-compound-visier-nytrx-x4-4-pin-seitenmontage-010\/#primaryimage","url":"https:\/\/bogensportdiscount.ch\/wp-content\/uploads\/bsm-images\/A092345_1.png","contentUrl":"https:\/\/bogensportdiscount.ch\/wp-content\/uploads\/bsm-images\/A092345_1.png","width":1200,"height":1200},{"@type":"BreadcrumbList","@id":"https:\/\/bogensportdiscount.ch\/produkt\/hha-compound-visier-nytrx-x4-4-pin-seitenmontage-010\/#breadcrumb","itemListElement":[{"@type":"ListItem","position":1,"name":"Home","item":"https:\/\/bogensportdiscount.ch\/"},{"@type":"ListItem","position":2,"name":"Shop","item":"https:\/\/bogensportdiscount.ch\/shop\/"},{"@type":"ListItem","position":3,"name":"HHA COMPOUND VISIER NYTRX X4 4 PIN SIDE MOUNT .010&#8243;"}]},{"@type":"WebSite","@id":"https:\/\/bogensportdiscount.ch\/#website","url":"https:\/\/bogensportdiscount.ch\/","name":"Bogensportdiscount","description":"","potentialAction":[{"@type":"SearchAction","target":{"@type":"EntryPoint","urlTemplate":"https:\/\/bogensportdiscount.ch\/?s={search_term_string}"},"query-input":{"@type":"PropertyValueSpecification","valueRequired":true,"valueName":"search_term_string"}}],"inLanguage":"it-IT"}]}},"_links":{"self":[{"href":"https:\/\/bogensportdiscount.ch\/it\/wp-json\/wp\/v2\/product\/425886","targetHints":{"allow":["GET"]}}],"collection":[{"href":"https:\/\/bogensportdiscount.ch\/it\/wp-json\/wp\/v2\/product"}],"about":[{"href":"https:\/\/bogensportdiscount.ch\/it\/wp-json\/wp\/v2\/types\/product"}],"replies":[{"embeddable":true,"href":"https:\/\/bogensportdiscount.ch\/it\/wp-json\/wp\/v2\/comments?post=425886"}],"wp:featuredmedia":[{"embeddable":true,"href":"https:\/\/bogensportdiscount.ch\/it\/wp-json\/wp\/v2\/media\/523333"}],"wp:attachment":[{"href":"https:\/\/bogensportdiscount.ch\/it\/wp-json\/wp\/v2\/media?parent=425886"}],"wp:term":[{"taxonomy":"product_brand","embeddable":true,"href":"https:\/\/bogensportdiscount.ch\/it\/wp-json\/wp\/v2\/product_brand?post=425886"},{"taxonomy":"product_cat","embeddable":true,"href":"https:\/\/bogensportdiscount.ch\/it\/wp-json\/wp\/v2\/product_cat?post=425886"},{"taxonomy":"product_tag","embeddable":true,"href":"https:\/\/bogensportdiscount.ch\/it\/wp-json\/wp\/v2\/product_tag?post=425886"}],"curies":[{"name":"wp","href":"https:\/\/api.w.org\/{rel}","templated":true}]}}