{"id":425700,"date":"2026-04-05T15:32:28","date_gmt":"2026-04-05T13:32:28","guid":{"rendered":"https:\/\/bogensportdiscount.ch\/produkt\/compound-reckoning-36-gen-2-2025-deadlock-cam-rotating-mod-lh-40-50lbs-28-5%c2%94-32-5-illusion-blue\/"},"modified":"2026-05-14T15:27:34","modified_gmt":"2026-05-14T13:27:34","slug":"bowtech-compound-bogen-reckoning-36-gen-2-2025-deadlock-cam-rotating-mod-rh-2","status":"publish","type":"product","link":"https:\/\/bogensportdiscount.ch\/it\/prodotto\/bowtech-compound-bogen-reckoning-36-gen-2-2025-deadlock-cam-rotating-mod-rh-2\/","title":{"rendered":"BOWTECH ARCO COMPOUND RECKONING 36 GEN 2 &#8211; 2025 DEADLOCK CAM ROTATING MOD"},"content":{"rendered":"<p>Il BOWTECH Reckoning 36 Gen 2 (2025) \u00e8 un arco compound con un asse-asse di 36 pollici e il sistema Deadlock Cam con Rotating Mod. L'arco \u00e8 progettato per destrorsi ed \u00e8 disponibile in tre range di libbraggio da 40 a 70 lbs.<\/p>\n<p>Il sistema Rotating Mod consente una regolazione flessibile dell'allungo senza dover sostituire l'intera cocca. Il let-off \u00e8 regolabile, permettendo di adattare l'arco alle esigenze individuali. Il telaio in alluminio garantisce una struttura stabile e leggera.<\/p>\n<ul>\n<li>Deadlock Cam con Rotating Mod per la regolazione flessibile dell'allungo<\/li>\n<li>Let-off regolabile<\/li>\n<li>Asse-asse 36 pollici<\/li>\n<li>Disponibile in 8 colori e 3 range di libbraggio<\/li>\n<\/ul>","protected":false},"excerpt":{"rendered":"<table>\n<tr>\n<th>Propriet\u00e0<\/th>\n<th>Valore<\/th>\n<\/tr>\n<tr>\n<td>Apertura assiale<\/td>\n<td>36 pollici<\/td>\n<\/tr>\n<tr>\n<td>Modulo<\/td>\n<td>Rotating Mod<\/td>\n<\/tr>\n<tr>\n<td>Let-Off<\/td>\n<td>Regolabile<\/td>\n<\/tr>\n<tr>\n<td>Materiale<\/td>\n<td>Alluminio<\/td>\n<\/tr>\n<tr>\n<td>Origine<\/td>\n<td>USA<\/td>\n<\/tr>\n<tr>\n<td>Peso del treno<\/td>\n<td>40\u201350 lbs, 50\u201360 lbs, 60\u201370 lbs<\/td>\n<\/tr>\n<tr>\n<td>Colore<\/td>\n<td>Blu, Forest, Verde, Grigio, Od Green, Arancione, Rosso, Bianco<\/td>\n<\/tr>\n<\/table>","protected":false},"featured_media":450716,"comment_status":"open","ping_status":"closed","template":"","meta":[],"product_brand":[451],"product_cat":[4523],"product_tag":[],"class_list":{"0":"post-425700","1":"product","2":"type-product","3":"status-publish","4":"has-post-thumbnail","6":"product_brand-bowtech","7":"product_cat-compound-boegen--35","8":"product_shipping_class-bsd-standard","10":"first","11":"instock","12":"shipping-taxable","13":"purchasable","14":"product-type-variable"},"yoast_head":"<!-- This site is optimized with the Yoast SEO plugin v27.6 - https:\/\/yoast.com\/product\/yoast-seo-wordpress\/ -->\n<title>BOWTECH COMPOUNDBOGEN RECKONING 36 GEN 2 - 2025 DEADLOCK CAM ROTATING MOD - Bogensportdiscount \u2013 B\u00f6gen, Pfeile, Targets &amp; Zubeh\u00f6r<\/title>\n<meta name=\"description\" content=\"BOWTECH COMPOUNDBOGEN RECKONING 36 GEN 2 - 2025 DEADLOCK CAM ROTATING MOD g\u00fcnstig kaufen bei Bogensportdiscount \u2013 Top-Marken, schneller Versand aus der Schweiz.\" \/>\n<meta name=\"robots\" content=\"index, follow, max-snippet:-1, max-image-preview:large, max-video-preview:-1\" \/>\n<link rel=\"canonical\" href=\"https:\/\/bogensportdiscount.ch\/it\/prodotto\/bowtech-compound-bogen-reckoning-36-gen-2-2025-deadlock-cam-rotating-mod-rh-2\/\" \/>\n<meta property=\"og:locale\" content=\"it_IT\" \/>\n<meta property=\"og:type\" content=\"article\" \/>\n<meta property=\"og:title\" content=\"BOWTECH COMPOUNDBOGEN RECKONING 36 GEN 2 - 2025 DEADLOCK CAM ROTATING MOD - Bogensportdiscount \u2013 B\u00f6gen, Pfeile, Targets &amp; Zubeh\u00f6r\" \/>\n<meta property=\"og:description\" content=\"BOWTECH COMPOUNDBOGEN RECKONING 36 GEN 2 - 2025 DEADLOCK CAM ROTATING MOD g\u00fcnstig kaufen bei Bogensportdiscount \u2013 Top-Marken, schneller Versand aus der Schweiz.\" \/>\n<meta property=\"og:url\" content=\"https:\/\/bogensportdiscount.ch\/it\/prodotto\/bowtech-compound-bogen-reckoning-36-gen-2-2025-deadlock-cam-rotating-mod-rh-2\/\" \/>\n<meta property=\"og:site_name\" content=\"Bogensportdiscount \u2013 B\u00f6gen, Pfeile, Targets &amp; Zubeh\u00f6r\" \/>\n<meta property=\"article:modified_time\" content=\"2026-05-14T13:27:34+00:00\" \/>\n<meta property=\"og:image\" content=\"https:\/\/bogensportdiscount.ch\/wp-content\/uploads\/bsm-images\/A092115_1.png\" \/>\n\t<meta property=\"og:image:width\" content=\"640\" \/>\n\t<meta property=\"og:image:height\" content=\"2609\" \/>\n\t<meta property=\"og:image:type\" content=\"image\/png\" \/>\n<meta name=\"twitter:card\" content=\"summary_large_image\" \/>\n<script type=\"application\/ld+json\" class=\"yoast-schema-graph\">{\"@context\":\"https:\\\/\\\/schema.org\",\"@graph\":[{\"@type\":\"WebPage\",\"@id\":\"https:\\\/\\\/bogensportdiscount.ch\\\/produkt\\\/bowtech-compound-bogen-reckoning-36-gen-2-2025-deadlock-cam-rotating-mod-rh-2\\\/\",\"url\":\"https:\\\/\\\/bogensportdiscount.ch\\\/produkt\\\/bowtech-compound-bogen-reckoning-36-gen-2-2025-deadlock-cam-rotating-mod-rh-2\\\/\",\"name\":\"BOWTECH COMPOUNDBOGEN RECKONING 36 GEN 2 - 2025 DEADLOCK CAM ROTATING MOD - Bogensportdiscount \u2013 B\u00f6gen, Pfeile, Targets &amp; Zubeh\u00f6r\",\"isPartOf\":{\"@id\":\"https:\\\/\\\/bogensportdiscount.ch\\\/#website\"},\"primaryImageOfPage\":{\"@id\":\"https:\\\/\\\/bogensportdiscount.ch\\\/produkt\\\/bowtech-compound-bogen-reckoning-36-gen-2-2025-deadlock-cam-rotating-mod-rh-2\\\/#primaryimage\"},\"image\":{\"@id\":\"https:\\\/\\\/bogensportdiscount.ch\\\/produkt\\\/bowtech-compound-bogen-reckoning-36-gen-2-2025-deadlock-cam-rotating-mod-rh-2\\\/#primaryimage\"},\"thumbnailUrl\":\"https:\\\/\\\/bogensportdiscount.ch\\\/wp-content\\\/uploads\\\/bsm-images\\\/A092115_1.png\",\"datePublished\":\"2026-04-05T13:32:28+00:00\",\"dateModified\":\"2026-05-14T13:27:34+00:00\",\"description\":\"BOWTECH COMPOUNDBOGEN RECKONING 36 GEN 2 - 2025 DEADLOCK CAM ROTATING MOD g\u00fcnstig kaufen bei Bogensportdiscount \u2013 Top-Marken, schneller Versand aus der Schweiz.\",\"breadcrumb\":{\"@id\":\"https:\\\/\\\/bogensportdiscount.ch\\\/produkt\\\/bowtech-compound-bogen-reckoning-36-gen-2-2025-deadlock-cam-rotating-mod-rh-2\\\/#breadcrumb\"},\"inLanguage\":\"it-IT\",\"potentialAction\":[{\"@type\":\"ReadAction\",\"target\":[\"https:\\\/\\\/bogensportdiscount.ch\\\/produkt\\\/bowtech-compound-bogen-reckoning-36-gen-2-2025-deadlock-cam-rotating-mod-rh-2\\\/\"]}]},{\"@type\":\"ImageObject\",\"inLanguage\":\"it-IT\",\"@id\":\"https:\\\/\\\/bogensportdiscount.ch\\\/produkt\\\/bowtech-compound-bogen-reckoning-36-gen-2-2025-deadlock-cam-rotating-mod-rh-2\\\/#primaryimage\",\"url\":\"https:\\\/\\\/bogensportdiscount.ch\\\/wp-content\\\/uploads\\\/bsm-images\\\/A092115_1.png\",\"contentUrl\":\"https:\\\/\\\/bogensportdiscount.ch\\\/wp-content\\\/uploads\\\/bsm-images\\\/A092115_1.png\",\"width\":640,\"height\":2609},{\"@type\":\"BreadcrumbList\",\"@id\":\"https:\\\/\\\/bogensportdiscount.ch\\\/produkt\\\/bowtech-compound-bogen-reckoning-36-gen-2-2025-deadlock-cam-rotating-mod-rh-2\\\/#breadcrumb\",\"itemListElement\":[{\"@type\":\"ListItem\",\"position\":1,\"name\":\"Home\",\"item\":\"https:\\\/\\\/bogensportdiscount.ch\\\/\"},{\"@type\":\"ListItem\",\"position\":2,\"name\":\"Shop\",\"item\":\"https:\\\/\\\/bogensportdiscount.ch\\\/shop\\\/\"},{\"@type\":\"ListItem\",\"position\":3,\"name\":\"BOWTECH COMPOUND RECKONING 36 GEN 2 &#8211; 2025 DEADLOCK CAM ROTATING MOD\"}]},{\"@type\":\"WebSite\",\"@id\":\"https:\\\/\\\/bogensportdiscount.ch\\\/#website\",\"url\":\"https:\\\/\\\/bogensportdiscount.ch\\\/\",\"name\":\"Bogensportdiscount\",\"description\":\"\",\"potentialAction\":[{\"@type\":\"SearchAction\",\"target\":{\"@type\":\"EntryPoint\",\"urlTemplate\":\"https:\\\/\\\/bogensportdiscount.ch\\\/?s={search_term_string}\"},\"query-input\":{\"@type\":\"PropertyValueSpecification\",\"valueRequired\":true,\"valueName\":\"search_term_string\"}}],\"inLanguage\":\"it-IT\"}]}<\/script>\n<!-- \/ Yoast SEO plugin. -->","yoast_head_json":{"title":"BOWTECH COMPOUNDBOGEN RECKONING 36 GEN 2 - 2025 DEADLOCK CAM ROTATING MOD - Bogensportdiscount \u2013 B\u00f6gen, Pfeile, Targets &amp; Zubeh\u00f6r","description":"BOWTECH COMPOUNDBOGEN RECKONING 36 GEN 2 - 2025 DEADLOCK CAM ROTATING MOD g\u00fcnstig kaufen bei Bogensportdiscount \u2013 Top-Marken, schneller Versand aus der Schweiz.","robots":{"index":"index","follow":"follow","max-snippet":"max-snippet:-1","max-image-preview":"max-image-preview:large","max-video-preview":"max-video-preview:-1"},"canonical":"https:\/\/bogensportdiscount.ch\/it\/prodotto\/bowtech-compound-bogen-reckoning-36-gen-2-2025-deadlock-cam-rotating-mod-rh-2\/","og_locale":"it_IT","og_type":"article","og_title":"BOWTECH COMPOUNDBOGEN RECKONING 36 GEN 2 - 2025 DEADLOCK CAM ROTATING MOD - Bogensportdiscount \u2013 B\u00f6gen, Pfeile, Targets &amp; Zubeh\u00f6r","og_description":"BOWTECH COMPOUNDBOGEN RECKONING 36 GEN 2 - 2025 DEADLOCK CAM ROTATING MOD g\u00fcnstig kaufen bei Bogensportdiscount \u2013 Top-Marken, schneller Versand aus der Schweiz.","og_url":"https:\/\/bogensportdiscount.ch\/it\/prodotto\/bowtech-compound-bogen-reckoning-36-gen-2-2025-deadlock-cam-rotating-mod-rh-2\/","og_site_name":"Bogensportdiscount \u2013 B\u00f6gen, Pfeile, Targets &amp; Zubeh\u00f6r","article_modified_time":"2026-05-14T13:27:34+00:00","og_image":[{"width":640,"height":2609,"url":"https:\/\/bogensportdiscount.ch\/wp-content\/uploads\/bsm-images\/A092115_1.png","type":"image\/png"}],"twitter_card":"summary_large_image","schema":{"@context":"https:\/\/schema.org","@graph":[{"@type":"WebPage","@id":"https:\/\/bogensportdiscount.ch\/produkt\/bowtech-compound-bogen-reckoning-36-gen-2-2025-deadlock-cam-rotating-mod-rh-2\/","url":"https:\/\/bogensportdiscount.ch\/produkt\/bowtech-compound-bogen-reckoning-36-gen-2-2025-deadlock-cam-rotating-mod-rh-2\/","name":"BOWTECH COMPOUNDBOGEN RECKONING 36 GEN 2 - 2025 DEADLOCK CAM ROTATING MOD - Bogensportdiscount \u2013 B\u00f6gen, Pfeile, Targets &amp; Zubeh\u00f6r","isPartOf":{"@id":"https:\/\/bogensportdiscount.ch\/#website"},"primaryImageOfPage":{"@id":"https:\/\/bogensportdiscount.ch\/produkt\/bowtech-compound-bogen-reckoning-36-gen-2-2025-deadlock-cam-rotating-mod-rh-2\/#primaryimage"},"image":{"@id":"https:\/\/bogensportdiscount.ch\/produkt\/bowtech-compound-bogen-reckoning-36-gen-2-2025-deadlock-cam-rotating-mod-rh-2\/#primaryimage"},"thumbnailUrl":"https:\/\/bogensportdiscount.ch\/wp-content\/uploads\/bsm-images\/A092115_1.png","datePublished":"2026-04-05T13:32:28+00:00","dateModified":"2026-05-14T13:27:34+00:00","description":"BOWTECH COMPOUNDBOGEN RECKONING 36 GEN 2 - 2025 DEADLOCK CAM ROTATING MOD g\u00fcnstig kaufen bei Bogensportdiscount \u2013 Top-Marken, schneller Versand aus der Schweiz.","breadcrumb":{"@id":"https:\/\/bogensportdiscount.ch\/produkt\/bowtech-compound-bogen-reckoning-36-gen-2-2025-deadlock-cam-rotating-mod-rh-2\/#breadcrumb"},"inLanguage":"it-IT","potentialAction":[{"@type":"ReadAction","target":["https:\/\/bogensportdiscount.ch\/produkt\/bowtech-compound-bogen-reckoning-36-gen-2-2025-deadlock-cam-rotating-mod-rh-2\/"]}]},{"@type":"ImageObject","inLanguage":"it-IT","@id":"https:\/\/bogensportdiscount.ch\/produkt\/bowtech-compound-bogen-reckoning-36-gen-2-2025-deadlock-cam-rotating-mod-rh-2\/#primaryimage","url":"https:\/\/bogensportdiscount.ch\/wp-content\/uploads\/bsm-images\/A092115_1.png","contentUrl":"https:\/\/bogensportdiscount.ch\/wp-content\/uploads\/bsm-images\/A092115_1.png","width":640,"height":2609},{"@type":"BreadcrumbList","@id":"https:\/\/bogensportdiscount.ch\/produkt\/bowtech-compound-bogen-reckoning-36-gen-2-2025-deadlock-cam-rotating-mod-rh-2\/#breadcrumb","itemListElement":[{"@type":"ListItem","position":1,"name":"Home","item":"https:\/\/bogensportdiscount.ch\/"},{"@type":"ListItem","position":2,"name":"Shop","item":"https:\/\/bogensportdiscount.ch\/shop\/"},{"@type":"ListItem","position":3,"name":"BOWTECH COMPOUND RECKONING 36 GEN 2 &#8211; 2025 DEADLOCK CAM ROTATING MOD"}]},{"@type":"WebSite","@id":"https:\/\/bogensportdiscount.ch\/#website","url":"https:\/\/bogensportdiscount.ch\/","name":"Bogensportdiscount","description":"","potentialAction":[{"@type":"SearchAction","target":{"@type":"EntryPoint","urlTemplate":"https:\/\/bogensportdiscount.ch\/?s={search_term_string}"},"query-input":{"@type":"PropertyValueSpecification","valueRequired":true,"valueName":"search_term_string"}}],"inLanguage":"it-IT"}]}},"_links":{"self":[{"href":"https:\/\/bogensportdiscount.ch\/it\/wp-json\/wp\/v2\/product\/425700","targetHints":{"allow":["GET"]}}],"collection":[{"href":"https:\/\/bogensportdiscount.ch\/it\/wp-json\/wp\/v2\/product"}],"about":[{"href":"https:\/\/bogensportdiscount.ch\/it\/wp-json\/wp\/v2\/types\/product"}],"replies":[{"embeddable":true,"href":"https:\/\/bogensportdiscount.ch\/it\/wp-json\/wp\/v2\/comments?post=425700"}],"wp:featuredmedia":[{"embeddable":true,"href":"https:\/\/bogensportdiscount.ch\/it\/wp-json\/wp\/v2\/media\/450716"}],"wp:attachment":[{"href":"https:\/\/bogensportdiscount.ch\/it\/wp-json\/wp\/v2\/media?parent=425700"}],"wp:term":[{"taxonomy":"product_brand","embeddable":true,"href":"https:\/\/bogensportdiscount.ch\/it\/wp-json\/wp\/v2\/product_brand?post=425700"},{"taxonomy":"product_cat","embeddable":true,"href":"https:\/\/bogensportdiscount.ch\/it\/wp-json\/wp\/v2\/product_cat?post=425700"},{"taxonomy":"product_tag","embeddable":true,"href":"https:\/\/bogensportdiscount.ch\/it\/wp-json\/wp\/v2\/product_tag?post=425700"}],"curies":[{"name":"wp","href":"https:\/\/api.w.org\/{rel}","templated":true}]}}