{"id":425682,"date":"2026-04-05T15:32:26","date_gmt":"2026-04-05T13:32:26","guid":{"rendered":"https:\/\/bogensportdiscount.ch\/produkt\/shafts-carbon-gold-tip-traditional-xt-id6-2-340-32-12-pk\/"},"modified":"2026-04-19T11:54:43","modified_gmt":"2026-04-19T09:54:43","slug":"goldtip-carbon-traditionspfeilschaft-traditional-xt-id6-2","status":"publish","type":"product","link":"https:\/\/bogensportdiscount.ch\/it\/prodotto\/goldtip-carbon-traditionspfeilschaft-traditional-xt-id6-2\/","title":{"rendered":"SCHAEFTE CARBON GOLD TIP TRADITIONAL XT ID6.2 12\/PK"},"content":{"rendered":"<p>Die GOLDTIP Traditional XT sind Carbon-Pfeilsch\u00e4fte f\u00fcr traditionelle Bogensportdisziplinen wie Langbogen und Recurve ohne Visier. Mit einem Innendurchmesser von 6,2 mm und einer Geradheitstoleranz von \u00b1.003 Zoll bieten sie eine solide Basis f\u00fcr zuverl\u00e4ssige Flugbahnen.<\/p>\n<p>Die Sch\u00e4fte sind in den L\u00e4ngen 30 und 32 Zoll sowie in vier Spine-Werten (340, 400, 500, 600) erh\u00e4ltlich, sodass sie f\u00fcr ein breites Spektrum an Zuggewichten und Zugweiten gepasst werden k\u00f6nnen. Geliefert wird in Paketen zu je 12 Sch\u00e4ften.<\/p>\n<ul>\n<li>Geradheitstoleranz \u00b1.003 Zoll f\u00fcr gleichm\u00e4ssige Flugeigenschaften<\/li>\n<li>ID 6,2 mm \u2013 kompatibel mit g\u00e4ngigen Eins\u00e4tzen und Zubeh\u00f6r<\/li>\n<li>Vier Spine-Optionen f\u00fcr unterschiedliche Bogengewichte<\/li>\n<li>Verpackung \u00e0 12 Sch\u00e4fte<\/li>\n<\/ul>","protected":false},"excerpt":{"rendered":"<table>\n<tr>\n<th>Propriet\u00e0<\/th>\n<th>Valore<\/th>\n<\/tr>\n<tr>\n<td>Marca<\/td>\n<td>Gold Tip<\/td>\n<\/tr>\n<tr>\n<td>Innenduchmesser (ID)<\/td>\n<td>6,2 mm<\/td>\n<\/tr>\n<tr>\n<td>Tolleranza di rettilineit\u00e0<\/td>\n<td>\u00b1.003 Zoll<\/td>\n<\/tr>\n<tr>\n<td>Unit\u00e0 di imballaggio<\/td>\n<td>12 pezzi<\/td>\n<\/tr>\n<tr>\n<td>Lunghezze disponibili<\/td>\n<td>30&#8243;, 32&#8243;<\/td>\n<\/tr>\n<tr>\n<td>Verf\u00fcgbare Spine<\/td>\n<td>340, 400, 500, 600<\/td>\n<\/tr>\n<tr>\n<td>Paese di origine<\/td>\n<td>Messico<\/td>\n<\/tr>\n<\/table>","protected":false},"featured_media":450738,"comment_status":"open","ping_status":"closed","template":"","meta":[],"product_brand":[855],"product_cat":[4542],"product_tag":[],"class_list":{"0":"post-425682","1":"product","2":"type-product","3":"status-publish","4":"has-post-thumbnail","6":"product_brand-goldtip","7":"product_cat-carbon-traditionell-schaefte","9":"first","10":"instock","11":"shipping-taxable","12":"purchasable","13":"product-type-variable"},"yoast_head":"<!-- This site is optimized with the Yoast SEO plugin v27.4 - https:\/\/yoast.com\/product\/yoast-seo-wordpress\/ -->\n<title>SCHAEFTE CARBON GOLD TIP TRADITIONAL XT ID6.2 12\/PK - Bogensportdiscount \u2013 B\u00f6gen, Pfeile, Targets &amp; Zubeh\u00f6r<\/title>\n<meta name=\"robots\" content=\"noindex, follow, max-snippet:-1, max-image-preview:large, max-video-preview:-1\" \/>\n<meta property=\"og:locale\" content=\"it_IT\" \/>\n<meta property=\"og:type\" content=\"article\" \/>\n<meta property=\"og:title\" content=\"SCHAEFTE CARBON GOLD TIP TRADITIONAL XT ID6.2 12\/PK - Bogensportdiscount \u2013 B\u00f6gen, Pfeile, Targets &amp; Zubeh\u00f6r\" \/>\n<meta property=\"og:description\" content=\"EigenschaftWertMarkeGold TipInnenduchmesser (ID)6,2 mmGeradheitstoleranz\u00b1.003 ZollVerpackungseinheit12 St\u00fcckVerf\u00fcgbare L\u00e4ngen30&quot;, 32&quot;Verf\u00fcgbare Spine340, 400, 500, 600HerkunftslandMexiko\" \/>\n<meta property=\"og:url\" content=\"https:\/\/bogensportdiscount.ch\/it\/prodotto\/goldtip-carbon-traditionspfeilschaft-traditional-xt-id6-2\/\" \/>\n<meta property=\"og:site_name\" content=\"Bogensportdiscount \u2013 B\u00f6gen, Pfeile, Targets &amp; Zubeh\u00f6r\" \/>\n<meta property=\"article:modified_time\" content=\"2026-04-19T09:54:43+00:00\" \/>\n<meta property=\"og:image\" content=\"https:\/\/bogensportdiscount.ch\/wp-content\/uploads\/bsm-images\/A092085_1.png\" \/>\n\t<meta property=\"og:image:width\" content=\"11200\" \/>\n\t<meta property=\"og:image:height\" content=\"700\" \/>\n\t<meta property=\"og:image:type\" content=\"image\/png\" \/>\n<meta name=\"twitter:card\" content=\"summary_large_image\" \/>\n<meta name=\"twitter:label1\" content=\"Est. reading time\" \/>\n\t<meta name=\"twitter:data1\" content=\"1 minuto\" \/>\n<script type=\"application\/ld+json\" class=\"yoast-schema-graph\">{\"@context\":\"https:\\\/\\\/schema.org\",\"@graph\":[{\"@type\":\"WebPage\",\"@id\":\"https:\\\/\\\/bogensportdiscount.ch\\\/it\\\/prodotto\\\/goldtip-carbon-traditionspfeilschaft-traditional-xt-id6-2\\\/\",\"url\":\"https:\\\/\\\/bogensportdiscount.ch\\\/it\\\/prodotto\\\/goldtip-carbon-traditionspfeilschaft-traditional-xt-id6-2\\\/\",\"name\":\"SCHAEFTE CARBON GOLD TIP TRADITIONAL XT ID6.2 12\\\/PK - Bogensportdiscount \u2013 B\u00f6gen, Pfeile, Targets &amp; Zubeh\u00f6r\",\"isPartOf\":{\"@id\":\"https:\\\/\\\/bogensportdiscount.ch\\\/#website\"},\"primaryImageOfPage\":{\"@id\":\"https:\\\/\\\/bogensportdiscount.ch\\\/it\\\/prodotto\\\/goldtip-carbon-traditionspfeilschaft-traditional-xt-id6-2\\\/#primaryimage\"},\"image\":{\"@id\":\"https:\\\/\\\/bogensportdiscount.ch\\\/it\\\/prodotto\\\/goldtip-carbon-traditionspfeilschaft-traditional-xt-id6-2\\\/#primaryimage\"},\"thumbnailUrl\":\"https:\\\/\\\/bogensportdiscount.ch\\\/wp-content\\\/uploads\\\/bsm-images\\\/A092085_1.png\",\"datePublished\":\"2026-04-05T13:32:26+00:00\",\"dateModified\":\"2026-04-19T09:54:43+00:00\",\"breadcrumb\":{\"@id\":\"https:\\\/\\\/bogensportdiscount.ch\\\/it\\\/prodotto\\\/goldtip-carbon-traditionspfeilschaft-traditional-xt-id6-2\\\/#breadcrumb\"},\"inLanguage\":\"it-IT\",\"potentialAction\":[{\"@type\":\"ReadAction\",\"target\":[\"https:\\\/\\\/bogensportdiscount.ch\\\/it\\\/prodotto\\\/goldtip-carbon-traditionspfeilschaft-traditional-xt-id6-2\\\/\"]}]},{\"@type\":\"ImageObject\",\"inLanguage\":\"it-IT\",\"@id\":\"https:\\\/\\\/bogensportdiscount.ch\\\/it\\\/prodotto\\\/goldtip-carbon-traditionspfeilschaft-traditional-xt-id6-2\\\/#primaryimage\",\"url\":\"https:\\\/\\\/bogensportdiscount.ch\\\/wp-content\\\/uploads\\\/bsm-images\\\/A092085_1.png\",\"contentUrl\":\"https:\\\/\\\/bogensportdiscount.ch\\\/wp-content\\\/uploads\\\/bsm-images\\\/A092085_1.png\",\"width\":11200,\"height\":700},{\"@type\":\"BreadcrumbList\",\"@id\":\"https:\\\/\\\/bogensportdiscount.ch\\\/it\\\/prodotto\\\/goldtip-carbon-traditionspfeilschaft-traditional-xt-id6-2\\\/#breadcrumb\",\"itemListElement\":[{\"@type\":\"ListItem\",\"position\":1,\"name\":\"Home\",\"item\":\"https:\\\/\\\/bogensportdiscount.ch\\\/\"},{\"@type\":\"ListItem\",\"position\":2,\"name\":\"Shop\",\"item\":\"https:\\\/\\\/bogensportdiscount.ch\\\/shop\\\/\"},{\"@type\":\"ListItem\",\"position\":3,\"name\":\"SCHAEFTE CARBON GOLD TIP TRADITIONAL XT ID6.2 12\\\/PK\"}]},{\"@type\":\"WebSite\",\"@id\":\"https:\\\/\\\/bogensportdiscount.ch\\\/#website\",\"url\":\"https:\\\/\\\/bogensportdiscount.ch\\\/\",\"name\":\"Bogensportdiscount\",\"description\":\"\",\"potentialAction\":[{\"@type\":\"SearchAction\",\"target\":{\"@type\":\"EntryPoint\",\"urlTemplate\":\"https:\\\/\\\/bogensportdiscount.ch\\\/?s={search_term_string}\"},\"query-input\":{\"@type\":\"PropertyValueSpecification\",\"valueRequired\":true,\"valueName\":\"search_term_string\"}}],\"inLanguage\":\"it-IT\"}]}<\/script>\n<!-- \/ Yoast SEO plugin. -->","yoast_head_json":{"title":"SCHAEFTE CARBON GOLD TIP TRADITIONAL XT ID6.2 12\/PK - Bogensportdiscount \u2013 B\u00f6gen, Pfeile, Targets &amp; Zubeh\u00f6r","robots":{"index":"noindex","follow":"follow","max-snippet":"max-snippet:-1","max-image-preview":"max-image-preview:large","max-video-preview":"max-video-preview:-1"},"og_locale":"it_IT","og_type":"article","og_title":"SCHAEFTE CARBON GOLD TIP TRADITIONAL XT ID6.2 12\/PK - Bogensportdiscount \u2013 B\u00f6gen, Pfeile, Targets &amp; Zubeh\u00f6r","og_description":"EigenschaftWertMarkeGold TipInnenduchmesser (ID)6,2 mmGeradheitstoleranz\u00b1.003 ZollVerpackungseinheit12 St\u00fcckVerf\u00fcgbare L\u00e4ngen30\", 32\"Verf\u00fcgbare Spine340, 400, 500, 600HerkunftslandMexiko","og_url":"https:\/\/bogensportdiscount.ch\/it\/prodotto\/goldtip-carbon-traditionspfeilschaft-traditional-xt-id6-2\/","og_site_name":"Bogensportdiscount \u2013 B\u00f6gen, Pfeile, Targets &amp; Zubeh\u00f6r","article_modified_time":"2026-04-19T09:54:43+00:00","og_image":[{"width":11200,"height":700,"url":"https:\/\/bogensportdiscount.ch\/wp-content\/uploads\/bsm-images\/A092085_1.png","type":"image\/png"}],"twitter_card":"summary_large_image","twitter_misc":{"Est. reading time":"1 minuto"},"schema":{"@context":"https:\/\/schema.org","@graph":[{"@type":"WebPage","@id":"https:\/\/bogensportdiscount.ch\/it\/prodotto\/goldtip-carbon-traditionspfeilschaft-traditional-xt-id6-2\/","url":"https:\/\/bogensportdiscount.ch\/it\/prodotto\/goldtip-carbon-traditionspfeilschaft-traditional-xt-id6-2\/","name":"SCHAEFTE CARBON GOLD TIP TRADITIONAL XT ID6.2 12\/PK - Bogensportdiscount \u2013 B\u00f6gen, Pfeile, Targets &amp; Zubeh\u00f6r","isPartOf":{"@id":"https:\/\/bogensportdiscount.ch\/#website"},"primaryImageOfPage":{"@id":"https:\/\/bogensportdiscount.ch\/it\/prodotto\/goldtip-carbon-traditionspfeilschaft-traditional-xt-id6-2\/#primaryimage"},"image":{"@id":"https:\/\/bogensportdiscount.ch\/it\/prodotto\/goldtip-carbon-traditionspfeilschaft-traditional-xt-id6-2\/#primaryimage"},"thumbnailUrl":"https:\/\/bogensportdiscount.ch\/wp-content\/uploads\/bsm-images\/A092085_1.png","datePublished":"2026-04-05T13:32:26+00:00","dateModified":"2026-04-19T09:54:43+00:00","breadcrumb":{"@id":"https:\/\/bogensportdiscount.ch\/it\/prodotto\/goldtip-carbon-traditionspfeilschaft-traditional-xt-id6-2\/#breadcrumb"},"inLanguage":"it-IT","potentialAction":[{"@type":"ReadAction","target":["https:\/\/bogensportdiscount.ch\/it\/prodotto\/goldtip-carbon-traditionspfeilschaft-traditional-xt-id6-2\/"]}]},{"@type":"ImageObject","inLanguage":"it-IT","@id":"https:\/\/bogensportdiscount.ch\/it\/prodotto\/goldtip-carbon-traditionspfeilschaft-traditional-xt-id6-2\/#primaryimage","url":"https:\/\/bogensportdiscount.ch\/wp-content\/uploads\/bsm-images\/A092085_1.png","contentUrl":"https:\/\/bogensportdiscount.ch\/wp-content\/uploads\/bsm-images\/A092085_1.png","width":11200,"height":700},{"@type":"BreadcrumbList","@id":"https:\/\/bogensportdiscount.ch\/it\/prodotto\/goldtip-carbon-traditionspfeilschaft-traditional-xt-id6-2\/#breadcrumb","itemListElement":[{"@type":"ListItem","position":1,"name":"Home","item":"https:\/\/bogensportdiscount.ch\/"},{"@type":"ListItem","position":2,"name":"Shop","item":"https:\/\/bogensportdiscount.ch\/shop\/"},{"@type":"ListItem","position":3,"name":"SCHAEFTE CARBON GOLD TIP TRADITIONAL XT ID6.2 12\/PK"}]},{"@type":"WebSite","@id":"https:\/\/bogensportdiscount.ch\/#website","url":"https:\/\/bogensportdiscount.ch\/","name":"Bogensportdiscount","description":"","potentialAction":[{"@type":"SearchAction","target":{"@type":"EntryPoint","urlTemplate":"https:\/\/bogensportdiscount.ch\/?s={search_term_string}"},"query-input":{"@type":"PropertyValueSpecification","valueRequired":true,"valueName":"search_term_string"}}],"inLanguage":"it-IT"}]}},"_links":{"self":[{"href":"https:\/\/bogensportdiscount.ch\/it\/wp-json\/wp\/v2\/product\/425682","targetHints":{"allow":["GET"]}}],"collection":[{"href":"https:\/\/bogensportdiscount.ch\/it\/wp-json\/wp\/v2\/product"}],"about":[{"href":"https:\/\/bogensportdiscount.ch\/it\/wp-json\/wp\/v2\/types\/product"}],"replies":[{"embeddable":true,"href":"https:\/\/bogensportdiscount.ch\/it\/wp-json\/wp\/v2\/comments?post=425682"}],"wp:featuredmedia":[{"embeddable":true,"href":"https:\/\/bogensportdiscount.ch\/it\/wp-json\/wp\/v2\/media\/450738"}],"wp:attachment":[{"href":"https:\/\/bogensportdiscount.ch\/it\/wp-json\/wp\/v2\/media?parent=425682"}],"wp:term":[{"taxonomy":"product_brand","embeddable":true,"href":"https:\/\/bogensportdiscount.ch\/it\/wp-json\/wp\/v2\/product_brand?post=425682"},{"taxonomy":"product_cat","embeddable":true,"href":"https:\/\/bogensportdiscount.ch\/it\/wp-json\/wp\/v2\/product_cat?post=425682"},{"taxonomy":"product_tag","embeddable":true,"href":"https:\/\/bogensportdiscount.ch\/it\/wp-json\/wp\/v2\/product_tag?post=425682"}],"curies":[{"name":"wp","href":"https:\/\/api.w.org\/{rel}","templated":true}]}}