{"id":425641,"date":"2026-04-05T15:32:21","date_gmt":"2026-04-05T13:32:21","guid":{"rendered":"https:\/\/bogensportdiscount.ch\/produkt\/fact-weight-system-wrench-204-and-larger\/"},"modified":"2026-04-13T20:21:43","modified_gmt":"2026-04-13T18:21:43","slug":"goldtip-fact-weight-system-schluessel","status":"publish","type":"product","link":"https:\/\/bogensportdiscount.ch\/it\/prodotto\/goldtip-fact-weight-system-schluessel\/","title":{"rendered":"CHIAVE DEL SISTEMA DI PESO GOLDTIP FACT"},"content":{"rendered":"<p>Der GOLDTIP Fact Weight System Schl\u00fcssel ist das passende Werkzeug f\u00fcr die Arbeit am GOLDTIP Fact Pfeilsystem. Mit diesem Schl\u00fcssel lassen sich die Gewichte des Fact Weight Systems sicher montieren und wechseln.<\/p>\n<p>Das Werkzeug ist speziell auf die Anforderungen des Fact Systems abgestimmt und erleichtert das pr\u00e4zise Tuning der Pfeilgewichtung. Hergestellt in Mexiko.<\/p>\n<ul>\n<li>Passend f\u00fcr das GOLDTIP Fact Weight System<\/li>\n<li>Erm\u00f6glicht einfachen Gewichtswechsel<\/li>\n<li>Kompaktes Tuning-Werkzeug<\/li>\n<li>Hergestellt in Mexiko<\/li>\n<\/ul>","protected":false},"excerpt":{"rendered":"<p>Inbusschl\u00fcssel von GOLDTIP, passend f\u00fcr das Fact Weight System. Erm\u00f6glicht die pr\u00e4zise Montage und den Wechsel der Gewichte am GOLDTIP Fact Pfeil.<\/p>","protected":false},"featured_media":436322,"comment_status":"open","ping_status":"closed","template":"","meta":[],"product_brand":[855],"product_cat":[4243],"product_tag":[],"class_list":{"0":"post-425641","1":"product","2":"type-product","3":"status-publish","4":"has-post-thumbnail","6":"product_brand-goldtip","7":"product_cat-allen-wrenches-torx-sets","9":"first","10":"instock","11":"shipping-taxable","12":"purchasable","13":"product-type-variable"},"_links":{"self":[{"href":"https:\/\/bogensportdiscount.ch\/it\/wp-json\/wp\/v2\/product\/425641","targetHints":{"allow":["GET"]}}],"collection":[{"href":"https:\/\/bogensportdiscount.ch\/it\/wp-json\/wp\/v2\/product"}],"about":[{"href":"https:\/\/bogensportdiscount.ch\/it\/wp-json\/wp\/v2\/types\/product"}],"replies":[{"embeddable":true,"href":"https:\/\/bogensportdiscount.ch\/it\/wp-json\/wp\/v2\/comments?post=425641"}],"wp:featuredmedia":[{"embeddable":true,"href":"https:\/\/bogensportdiscount.ch\/it\/wp-json\/wp\/v2\/media\/436322"}],"wp:attachment":[{"href":"https:\/\/bogensportdiscount.ch\/it\/wp-json\/wp\/v2\/media?parent=425641"}],"wp:term":[{"taxonomy":"product_brand","embeddable":true,"href":"https:\/\/bogensportdiscount.ch\/it\/wp-json\/wp\/v2\/product_brand?post=425641"},{"taxonomy":"product_cat","embeddable":true,"href":"https:\/\/bogensportdiscount.ch\/it\/wp-json\/wp\/v2\/product_cat?post=425641"},{"taxonomy":"product_tag","embeddable":true,"href":"https:\/\/bogensportdiscount.ch\/it\/wp-json\/wp\/v2\/product_tag?post=425641"}],"curies":[{"name":"wp","href":"https:\/\/api.w.org\/{rel}","templated":true}]}}