{"id":425634,"date":"2026-04-05T15:32:20","date_gmt":"2026-04-05T13:32:20","guid":{"rendered":"https:\/\/bogensportdiscount.ch\/produkt\/fact-system-weight-module-204-series-10gr-12-pk\/"},"modified":"2026-05-14T15:27:34","modified_gmt":"2026-05-14T13:27:34","slug":"gold-tip-fact-system-gewichtsmodul-204-serie","status":"publish","type":"product","link":"https:\/\/bogensportdiscount.ch\/it\/prodotto\/gold-tip-fact-system-gewichtsmodul-204-serie\/","title":{"rendered":"GOLDTIP Gold Tip Fact System Modulo Pesi .204 Serie 12\/PK"},"content":{"rendered":"<p>Il modulo peso Gold Tip Fact System \u00e8 un accessorio per le frecce della serie .204 e consente la regolazione mirata del peso della freccia. \u00c8 disponibile in due varianti di peso: 10 Grain e 20 Grain.<\/p>\n<p>Il modulo viene utilizzato nell'ambito del Fact System (Forward Allowance Component Technology) e permette di impostare individualmente il centro di gravit\u00e0 e il peso complessivo della freccia. Ci\u00f2 pu\u00f2 influire sulla traiettoria, la penetrazione e la costanza di volo.<\/p>\n<ul>\n<li>Compatibile con le frecce Gold Tip serie .204<\/li>\n<li>Disponibile in 10 GR e 20 GR<\/li>\n<li>Per la regolazione fine del peso della freccia e del centro di gravit\u00e0<\/li>\n<li>Parte del Gold Tip Fact System<\/li>\n<\/ul>","protected":false},"excerpt":{"rendered":"<table>\n<tr>\n<th>Propriet\u00e0<\/th>\n<th>Valore<\/th>\n<\/tr>\n<tr>\n<td>Marca<\/td>\n<td>Gold Tip<\/td>\n<\/tr>\n<tr>\n<td>Peso<\/td>\n<td>10 GR \/ 20 GR<\/td>\n<\/tr>\n<tr>\n<td>Compatibilit\u00e0<\/td>\n<td>.204 Serie<\/td>\n<\/tr>\n<tr>\n<td>Origine<\/td>\n<td>Messico<\/td>\n<\/tr>\n<\/table>","protected":false},"featured_media":523345,"comment_status":"open","ping_status":"closed","template":"","meta":[],"product_brand":[855],"product_cat":[4547],"product_tag":[],"class_list":{"0":"post-425634","1":"product","2":"type-product","3":"status-publish","4":"has-post-thumbnail","6":"product_brand-goldtip","7":"product_cat-spitzen-gewichte","8":"product_shipping_class-bsd-standard","10":"first","11":"instock","12":"shipping-taxable","13":"purchasable","14":"product-type-variable"},"yoast_head":"<!-- This site is optimized with the Yoast SEO plugin v27.6 - https:\/\/yoast.com\/product\/yoast-seo-wordpress\/ -->\n<title>GOLDTIP Gold Tip Fact System Modulo di pesatura .204 Serie 12\/confezione - Bogensportdiscount \u2013 Archi, frecce, bersagli e accessori<\/title>\n<meta name=\"description\" content=\"Acquista il modulo di pesatura GOLDTIP Gold Tip Fact System .204 Serie 12\/PK a un prezzo vantaggioso su Bogensportdiscount \u2013 Marchi di punta, spedizione rapida dalla Svizzera.\" \/>\n<meta name=\"robots\" content=\"index, follow, max-snippet:-1, max-image-preview:large, max-video-preview:-1\" \/>\n<link rel=\"canonical\" href=\"https:\/\/bogensportdiscount.ch\/it\/prodotto\/gold-tip-fact-system-gewichtsmodul-204-serie\/\" \/>\n<meta property=\"og:locale\" content=\"it_IT\" \/>\n<meta property=\"og:type\" content=\"article\" \/>\n<meta property=\"og:title\" content=\"GOLDTIP Gold Tip Fact System Modulo di pesatura .204 Serie 12\/confezione - Bogensportdiscount \u2013 Archi, frecce, bersagli e accessori\" \/>\n<meta property=\"og:description\" content=\"Acquista il modulo di pesatura GOLDTIP Gold Tip Fact System .204 Serie 12\/PK a un prezzo vantaggioso su Bogensportdiscount \u2013 Marchi di punta, spedizione rapida dalla Svizzera.\" \/>\n<meta property=\"og:url\" content=\"https:\/\/bogensportdiscount.ch\/it\/prodotto\/gold-tip-fact-system-gewichtsmodul-204-serie\/\" \/>\n<meta property=\"og:site_name\" content=\"Bogensportdiscount \u2013 B\u00f6gen, Pfeile, Targets &amp; Zubeh\u00f6r\" \/>\n<meta property=\"article:modified_time\" content=\"2026-05-14T13:27:34+00:00\" \/>\n<meta property=\"og:image\" content=\"https:\/\/bogensportdiscount.ch\/wp-content\/uploads\/bsm-images\/A092024_1.png\" \/>\n\t<meta property=\"og:image:width\" content=\"1178\" \/>\n\t<meta property=\"og:image:height\" content=\"944\" \/>\n\t<meta property=\"og:image:type\" content=\"image\/png\" \/>\n<meta name=\"twitter:card\" content=\"summary_large_image\" \/>\n<script type=\"application\/ld+json\" class=\"yoast-schema-graph\">{\"@context\":\"https:\\\/\\\/schema.org\",\"@graph\":[{\"@type\":\"WebPage\",\"@id\":\"https:\\\/\\\/bogensportdiscount.ch\\\/produkt\\\/gold-tip-fact-system-gewichtsmodul-204-serie\\\/\",\"url\":\"https:\\\/\\\/bogensportdiscount.ch\\\/produkt\\\/gold-tip-fact-system-gewichtsmodul-204-serie\\\/\",\"name\":\"GOLDTIP Gold Tip Fact System Gewichtsmodul .204 Serie 12\\\/PK - Bogensportdiscount \u2013 B\u00f6gen, Pfeile, Targets &amp; Zubeh\u00f6r\",\"isPartOf\":{\"@id\":\"https:\\\/\\\/bogensportdiscount.ch\\\/#website\"},\"primaryImageOfPage\":{\"@id\":\"https:\\\/\\\/bogensportdiscount.ch\\\/produkt\\\/gold-tip-fact-system-gewichtsmodul-204-serie\\\/#primaryimage\"},\"image\":{\"@id\":\"https:\\\/\\\/bogensportdiscount.ch\\\/produkt\\\/gold-tip-fact-system-gewichtsmodul-204-serie\\\/#primaryimage\"},\"thumbnailUrl\":\"https:\\\/\\\/bogensportdiscount.ch\\\/wp-content\\\/uploads\\\/bsm-images\\\/A092024_1.png\",\"datePublished\":\"2026-04-05T13:32:20+00:00\",\"dateModified\":\"2026-05-14T13:27:34+00:00\",\"description\":\"GOLDTIP Gold Tip Fact System Gewichtsmodul .204 Serie 12\\\/PK g\u00fcnstig kaufen bei Bogensportdiscount \u2013 Top-Marken, schneller Versand aus der Schweiz.\",\"breadcrumb\":{\"@id\":\"https:\\\/\\\/bogensportdiscount.ch\\\/produkt\\\/gold-tip-fact-system-gewichtsmodul-204-serie\\\/#breadcrumb\"},\"inLanguage\":\"it-IT\",\"potentialAction\":[{\"@type\":\"ReadAction\",\"target\":[\"https:\\\/\\\/bogensportdiscount.ch\\\/produkt\\\/gold-tip-fact-system-gewichtsmodul-204-serie\\\/\"]}]},{\"@type\":\"ImageObject\",\"inLanguage\":\"it-IT\",\"@id\":\"https:\\\/\\\/bogensportdiscount.ch\\\/produkt\\\/gold-tip-fact-system-gewichtsmodul-204-serie\\\/#primaryimage\",\"url\":\"https:\\\/\\\/bogensportdiscount.ch\\\/wp-content\\\/uploads\\\/bsm-images\\\/A092024_1.png\",\"contentUrl\":\"https:\\\/\\\/bogensportdiscount.ch\\\/wp-content\\\/uploads\\\/bsm-images\\\/A092024_1.png\",\"width\":1178,\"height\":944},{\"@type\":\"BreadcrumbList\",\"@id\":\"https:\\\/\\\/bogensportdiscount.ch\\\/produkt\\\/gold-tip-fact-system-gewichtsmodul-204-serie\\\/#breadcrumb\",\"itemListElement\":[{\"@type\":\"ListItem\",\"position\":1,\"name\":\"Home\",\"item\":\"https:\\\/\\\/bogensportdiscount.ch\\\/\"},{\"@type\":\"ListItem\",\"position\":2,\"name\":\"Shop\",\"item\":\"https:\\\/\\\/bogensportdiscount.ch\\\/shop\\\/\"},{\"@type\":\"ListItem\",\"position\":3,\"name\":\"GOLDTIP Gold Tip Fact System Gewichtsmodul .204 Serie 12\\\/PK\"}]},{\"@type\":\"WebSite\",\"@id\":\"https:\\\/\\\/bogensportdiscount.ch\\\/#website\",\"url\":\"https:\\\/\\\/bogensportdiscount.ch\\\/\",\"name\":\"Bogensportdiscount\",\"description\":\"\",\"potentialAction\":[{\"@type\":\"SearchAction\",\"target\":{\"@type\":\"EntryPoint\",\"urlTemplate\":\"https:\\\/\\\/bogensportdiscount.ch\\\/?s={search_term_string}\"},\"query-input\":{\"@type\":\"PropertyValueSpecification\",\"valueRequired\":true,\"valueName\":\"search_term_string\"}}],\"inLanguage\":\"it-IT\"}]}<\/script>\n<!-- \/ Yoast SEO plugin. -->","yoast_head_json":{"title":"GOLDTIP Gold Tip Fact System Modulo di pesatura .204 Serie 12\/confezione - Bogensportdiscount \u2013 Archi, frecce, bersagli e accessori","description":"Acquista il modulo di pesatura GOLDTIP Gold Tip Fact System .204 Serie 12\/PK a un prezzo vantaggioso su Bogensportdiscount \u2013 Marchi di punta, spedizione rapida dalla Svizzera.","robots":{"index":"index","follow":"follow","max-snippet":"max-snippet:-1","max-image-preview":"max-image-preview:large","max-video-preview":"max-video-preview:-1"},"canonical":"https:\/\/bogensportdiscount.ch\/it\/prodotto\/gold-tip-fact-system-gewichtsmodul-204-serie\/","og_locale":"it_IT","og_type":"article","og_title":"GOLDTIP Gold Tip Fact System Modulo di pesatura .204 Serie 12\/confezione - Bogensportdiscount \u2013 Archi, frecce, bersagli e accessori","og_description":"Acquista il modulo di pesatura GOLDTIP Gold Tip Fact System .204 Serie 12\/PK a un prezzo vantaggioso su Bogensportdiscount \u2013 Marchi di punta, spedizione rapida dalla Svizzera.","og_url":"https:\/\/bogensportdiscount.ch\/it\/prodotto\/gold-tip-fact-system-gewichtsmodul-204-serie\/","og_site_name":"Bogensportdiscount \u2013 B\u00f6gen, Pfeile, Targets &amp; Zubeh\u00f6r","article_modified_time":"2026-05-14T13:27:34+00:00","og_image":[{"width":1178,"height":944,"url":"https:\/\/bogensportdiscount.ch\/wp-content\/uploads\/bsm-images\/A092024_1.png","type":"image\/png"}],"twitter_card":"summary_large_image","schema":{"@context":"https:\/\/schema.org","@graph":[{"@type":"WebPage","@id":"https:\/\/bogensportdiscount.ch\/produkt\/gold-tip-fact-system-gewichtsmodul-204-serie\/","url":"https:\/\/bogensportdiscount.ch\/produkt\/gold-tip-fact-system-gewichtsmodul-204-serie\/","name":"GOLDTIP Gold Tip Fact System Modulo di pesatura .204 Serie 12\/confezione - Bogensportdiscount \u2013 Archi, frecce, bersagli e accessori","isPartOf":{"@id":"https:\/\/bogensportdiscount.ch\/#website"},"primaryImageOfPage":{"@id":"https:\/\/bogensportdiscount.ch\/produkt\/gold-tip-fact-system-gewichtsmodul-204-serie\/#primaryimage"},"image":{"@id":"https:\/\/bogensportdiscount.ch\/produkt\/gold-tip-fact-system-gewichtsmodul-204-serie\/#primaryimage"},"thumbnailUrl":"https:\/\/bogensportdiscount.ch\/wp-content\/uploads\/bsm-images\/A092024_1.png","datePublished":"2026-04-05T13:32:20+00:00","dateModified":"2026-05-14T13:27:34+00:00","description":"Acquista il modulo di pesatura GOLDTIP Gold Tip Fact System .204 Serie 12\/PK a un prezzo vantaggioso su Bogensportdiscount \u2013 Marchi di punta, spedizione rapida dalla Svizzera.","breadcrumb":{"@id":"https:\/\/bogensportdiscount.ch\/produkt\/gold-tip-fact-system-gewichtsmodul-204-serie\/#breadcrumb"},"inLanguage":"it-IT","potentialAction":[{"@type":"ReadAction","target":["https:\/\/bogensportdiscount.ch\/produkt\/gold-tip-fact-system-gewichtsmodul-204-serie\/"]}]},{"@type":"ImageObject","inLanguage":"it-IT","@id":"https:\/\/bogensportdiscount.ch\/produkt\/gold-tip-fact-system-gewichtsmodul-204-serie\/#primaryimage","url":"https:\/\/bogensportdiscount.ch\/wp-content\/uploads\/bsm-images\/A092024_1.png","contentUrl":"https:\/\/bogensportdiscount.ch\/wp-content\/uploads\/bsm-images\/A092024_1.png","width":1178,"height":944},{"@type":"BreadcrumbList","@id":"https:\/\/bogensportdiscount.ch\/produkt\/gold-tip-fact-system-gewichtsmodul-204-serie\/#breadcrumb","itemListElement":[{"@type":"ListItem","position":1,"name":"Home","item":"https:\/\/bogensportdiscount.ch\/"},{"@type":"ListItem","position":2,"name":"Shop","item":"https:\/\/bogensportdiscount.ch\/shop\/"},{"@type":"ListItem","position":3,"name":"GOLDTIP Gold Tip Fact System Gewichtsmodul .204 Serie 12\/PK"}]},{"@type":"WebSite","@id":"https:\/\/bogensportdiscount.ch\/#website","url":"https:\/\/bogensportdiscount.ch\/","name":"Bogensportdiscount","description":"","potentialAction":[{"@type":"SearchAction","target":{"@type":"EntryPoint","urlTemplate":"https:\/\/bogensportdiscount.ch\/?s={search_term_string}"},"query-input":{"@type":"PropertyValueSpecification","valueRequired":true,"valueName":"search_term_string"}}],"inLanguage":"it-IT"}]}},"_links":{"self":[{"href":"https:\/\/bogensportdiscount.ch\/it\/wp-json\/wp\/v2\/product\/425634","targetHints":{"allow":["GET"]}}],"collection":[{"href":"https:\/\/bogensportdiscount.ch\/it\/wp-json\/wp\/v2\/product"}],"about":[{"href":"https:\/\/bogensportdiscount.ch\/it\/wp-json\/wp\/v2\/types\/product"}],"replies":[{"embeddable":true,"href":"https:\/\/bogensportdiscount.ch\/it\/wp-json\/wp\/v2\/comments?post=425634"}],"wp:featuredmedia":[{"embeddable":true,"href":"https:\/\/bogensportdiscount.ch\/it\/wp-json\/wp\/v2\/media\/523345"}],"wp:attachment":[{"href":"https:\/\/bogensportdiscount.ch\/it\/wp-json\/wp\/v2\/media?parent=425634"}],"wp:term":[{"taxonomy":"product_brand","embeddable":true,"href":"https:\/\/bogensportdiscount.ch\/it\/wp-json\/wp\/v2\/product_brand?post=425634"},{"taxonomy":"product_cat","embeddable":true,"href":"https:\/\/bogensportdiscount.ch\/it\/wp-json\/wp\/v2\/product_cat?post=425634"},{"taxonomy":"product_tag","embeddable":true,"href":"https:\/\/bogensportdiscount.ch\/it\/wp-json\/wp\/v2\/product_tag?post=425634"}],"curies":[{"name":"wp","href":"https:\/\/api.w.org\/{rel}","templated":true}]}}