{"id":425590,"date":"2026-04-05T15:32:11","date_gmt":"2026-04-05T13:32:11","guid":{"rendered":"https:\/\/bogensportdiscount.ch\/produkt\/compound-sight-nytrx-x1-single-pin-4-5-dovetail-019-rh\/"},"modified":"2026-04-17T13:49:30","modified_gmt":"2026-04-17T11:49:30","slug":"hha-compound-visier-nytrx-x1-single-pin-4-5-zoll-dovetail-019","status":"publish","type":"product","link":"https:\/\/bogensportdiscount.ch\/it\/prodotto\/hha-compound-visier-nytrx-x1-single-pin-4-5-zoll-dovetail-019\/","title":{"rendered":"MIRE COMPOSTE HHA NYTRX X1 A PERNO SINGOLO 4\u2033-5\u2033 A CODA DI RONDINE .019\u2033"},"content":{"rendered":"<p>Das HHA Nytrx X1 ist ein Single-Pin Compound-Visier aus US-amerikanischer Produktion. Die Dovetail-Befestigung erm\u00f6glicht eine stabile und spielfreie Montage am Compound-Bogen, w\u00e4hrend der einstellbare Pinbereich von 4&#8243; bis 5&#8243; L\u00e4nge flexible Einstellm\u00f6glichkeiten bietet.<\/p>\n<p>Mit einem einzelnen Pin der St\u00e4rke .019&#8243; l\u00e4sst sich der Zielbereich klar und unverdeckt halten. Das Visier ist sowohl f\u00fcr Rechts- als auch f\u00fcr Linkshandbogensch\u00fctzen erh\u00e4ltlich und eignet sich f\u00fcr den Einsatz bei der Jagd sowie im 3D-Bogenschiessen.<\/p>\n<ul>\n<li>Single-Pin-Konstruktion f\u00fcr freies Sichtfeld<\/li>\n<li>Pindicke .019&#8243; f\u00fcr pr\u00e4zises Zielen<\/li>\n<li>Dovetail-Montage, 4&#8243;\u20135&#8243; Bereich<\/li>\n<li>Erh\u00e4ltlich in Rechtshand und Linkshand<\/li>\n<\/ul>","protected":false},"excerpt":{"rendered":"<p>Das HHA Nytrx X1 ist ein Single-Pin Compound-Visier mit Dovetail-Montage f\u00fcr einen 4&#8243;\u20135&#8243; Bereich, erh\u00e4ltlich f\u00fcr Rechts- und Linkshand. Die Fadendicke von .019&#8243; eignet sich f\u00fcr pr\u00e4zises Zielen unter verschiedenen Lichtverh\u00e4ltnissen.<\/p>","protected":false},"featured_media":436331,"comment_status":"open","ping_status":"closed","template":"","meta":[],"product_brand":[528],"product_cat":[4263],"product_tag":[],"class_list":{"0":"post-425590","1":"product","2":"type-product","3":"status-publish","4":"has-post-thumbnail","6":"product_brand-hha","7":"product_cat-jagd-und-3d-visiere","9":"first","10":"instock","11":"shipping-taxable","12":"purchasable","13":"product-type-variable"},"_links":{"self":[{"href":"https:\/\/bogensportdiscount.ch\/it\/wp-json\/wp\/v2\/product\/425590","targetHints":{"allow":["GET"]}}],"collection":[{"href":"https:\/\/bogensportdiscount.ch\/it\/wp-json\/wp\/v2\/product"}],"about":[{"href":"https:\/\/bogensportdiscount.ch\/it\/wp-json\/wp\/v2\/types\/product"}],"replies":[{"embeddable":true,"href":"https:\/\/bogensportdiscount.ch\/it\/wp-json\/wp\/v2\/comments?post=425590"}],"wp:featuredmedia":[{"embeddable":true,"href":"https:\/\/bogensportdiscount.ch\/it\/wp-json\/wp\/v2\/media\/436331"}],"wp:attachment":[{"href":"https:\/\/bogensportdiscount.ch\/it\/wp-json\/wp\/v2\/media?parent=425590"}],"wp:term":[{"taxonomy":"product_brand","embeddable":true,"href":"https:\/\/bogensportdiscount.ch\/it\/wp-json\/wp\/v2\/product_brand?post=425590"},{"taxonomy":"product_cat","embeddable":true,"href":"https:\/\/bogensportdiscount.ch\/it\/wp-json\/wp\/v2\/product_cat?post=425590"},{"taxonomy":"product_tag","embeddable":true,"href":"https:\/\/bogensportdiscount.ch\/it\/wp-json\/wp\/v2\/product_tag?post=425590"}],"curies":[{"name":"wp","href":"https:\/\/api.w.org\/{rel}","templated":true}]}}