{"id":425576,"date":"2026-04-05T15:32:09","date_gmt":"2026-04-05T13:32:09","guid":{"rendered":"https:\/\/bogensportdiscount.ch\/produkt\/compound-sight-nytrx-x1-single-pin-picatinny-mount-019-rh\/"},"modified":"2026-04-17T13:49:29","modified_gmt":"2026-04-17T11:49:29","slug":"hha-compound-visier-nytrx-x1-single-pin-picatinny-mount-019","status":"publish","type":"product","link":"https:\/\/bogensportdiscount.ch\/it\/prodotto\/hha-compound-visier-nytrx-x1-single-pin-picatinny-mount-019\/","title":{"rendered":"MIRINO COMPOSTO HHA NYTRX X1 MONTAGGIO PICATINNY A SINGOLO PERNO .019\u2033"},"content":{"rendered":"<p>Das HHA Nytrx X1 ist ein Compound-Visier mit Einzelpin-Einstellung und Picatinny-Montagesystem. Die Picatinny-Schiene erm\u00f6glicht eine sichere und reproduzierbare Befestigung am Bogen und ist insbesondere f\u00fcr Jagd- und 3D-Anwendungen konzipiert.<\/p>\n<p>Mit einer Pinbreite von .019&#8243; eignet sich das Visier f\u00fcr pr\u00e4zises Zielen unter verschiedenen Lichtbedingungen. Das Modell ist f\u00fcr Rechts- und Linkshandbogensch\u00fctzen erh\u00e4ltlich.<\/p>\n<ul>\n<li>Single-Pin-Visier f\u00fcr klares Zielbild<\/li>\n<li>Picatinny-Montage f\u00fcr stabile Befestigung<\/li>\n<li>Pinbreite .019&#8243;<\/li>\n<li>F\u00fcr Rechts- und Linkshandbogensch\u00fctzen geeignet<\/li>\n<\/ul>","protected":false},"excerpt":{"rendered":"<p>Das HHA Nytrx X1 ist ein Compound-Visier mit Single-Pin-Technologie und Picatinny-Montage. Es ist in einer Pinbreite von .019&#8243; erh\u00e4ltlich und f\u00fcr Rechts- sowie Linkshandbogensch\u00fctzen geeignet. Gefertigt in den USA.<\/p>","protected":false},"featured_media":436332,"comment_status":"open","ping_status":"closed","template":"","meta":[],"product_brand":[528],"product_cat":[4263],"product_tag":[],"class_list":{"0":"post-425576","1":"product","2":"type-product","3":"status-publish","4":"has-post-thumbnail","6":"product_brand-hha","7":"product_cat-jagd-und-3d-visiere","9":"first","10":"instock","11":"shipping-taxable","12":"purchasable","13":"product-type-variable"},"_links":{"self":[{"href":"https:\/\/bogensportdiscount.ch\/it\/wp-json\/wp\/v2\/product\/425576","targetHints":{"allow":["GET"]}}],"collection":[{"href":"https:\/\/bogensportdiscount.ch\/it\/wp-json\/wp\/v2\/product"}],"about":[{"href":"https:\/\/bogensportdiscount.ch\/it\/wp-json\/wp\/v2\/types\/product"}],"replies":[{"embeddable":true,"href":"https:\/\/bogensportdiscount.ch\/it\/wp-json\/wp\/v2\/comments?post=425576"}],"wp:featuredmedia":[{"embeddable":true,"href":"https:\/\/bogensportdiscount.ch\/it\/wp-json\/wp\/v2\/media\/436332"}],"wp:attachment":[{"href":"https:\/\/bogensportdiscount.ch\/it\/wp-json\/wp\/v2\/media?parent=425576"}],"wp:term":[{"taxonomy":"product_brand","embeddable":true,"href":"https:\/\/bogensportdiscount.ch\/it\/wp-json\/wp\/v2\/product_brand?post=425576"},{"taxonomy":"product_cat","embeddable":true,"href":"https:\/\/bogensportdiscount.ch\/it\/wp-json\/wp\/v2\/product_cat?post=425576"},{"taxonomy":"product_tag","embeddable":true,"href":"https:\/\/bogensportdiscount.ch\/it\/wp-json\/wp\/v2\/product_tag?post=425576"}],"curies":[{"name":"wp","href":"https:\/\/api.w.org\/{rel}","templated":true}]}}