{"id":425405,"date":"2026-04-05T15:31:44","date_gmt":"2026-04-05T13:31:44","guid":{"rendered":"https:\/\/bogensportdiscount.ch\/produkt\/classic-blade-arrow-rest-rh-black\/"},"modified":"2026-04-17T13:49:27","modified_gmt":"2026-04-17T11:49:27","slug":"avalon-pfeilauflage-classic-blade","status":"publish","type":"product","link":"https:\/\/bogensportdiscount.ch\/it\/prodotto\/avalon-pfeilauflage-classic-blade\/","title":{"rendered":"Poggiafreccia AVALON Classic Blade"},"content":{"rendered":"<p>Die AVALON Classic Blade ist eine Blade-Pfeilauflage aus Aluminium f\u00fcr den Einsatz am Recurve- oder Langbogen. Sie ist sowohl f\u00fcr Links- als auch f\u00fcr Rechtsh\u00e4nder erh\u00e4ltlich.<\/p>\n<p>Im Lieferumfang sind vier verschiedene Blade-Varianten enthalten (4 mm \u2013 0.25, 5 mm \u2013 0.25, 5 mm \u2013 0.30 und 7.7 mm \u2013 0.30), sodass sich die Auflage flexibel an unterschiedliche Pfeilst\u00e4rken und Schiessstile anpassen l\u00e4sst.<\/p>\n<ul>\n<li>Geh\u00e4use aus Aluminium<\/li>\n<li>Vier Blades in verschiedenen Breiten und St\u00e4rken im Lieferumfang<\/li>\n<li>F\u00fcr Links- und Rechtsh\u00e4nder verf\u00fcgbar<\/li>\n<li>Geeignet f\u00fcr den klassischen Bogensport<\/li>\n<\/ul>","protected":false},"excerpt":{"rendered":"<table>\n<tr>\n<th>Propriet\u00e0<\/th>\n<th>Valore<\/th>\n<\/tr>\n<tr>\n<td>Materiale<\/td>\n<td>Aluminium<\/td>\n<\/tr>\n<tr>\n<td>Tipo<\/td>\n<td>Blade-Pfeilauflage<\/td>\n<\/tr>\n<tr>\n<td>Enthaltene Blades<\/td>\n<td>4 mm \u2013 0.25 \/ 5 mm \u2013 0.25 \/ 5 mm \u2013 0.30 \/ 7.7 mm \u2013 0.30<\/td>\n<\/tr>\n<tr>\n<td>Mano<\/td>\n<td>Linkshand (LH), Rechtshand (RH)<\/td>\n<\/tr>\n<\/table>","protected":false},"featured_media":449595,"comment_status":"open","ping_status":"closed","template":"","meta":[],"product_brand":[449],"product_cat":[4363],"product_tag":[],"class_list":{"0":"post-425405","1":"product","2":"type-product","3":"status-publish","4":"has-post-thumbnail","6":"product_brand-avalon","7":"product_cat-compound-blade-pfeilauflage","9":"first","10":"instock","11":"shipping-taxable","12":"purchasable","13":"product-type-variable"},"_links":{"self":[{"href":"https:\/\/bogensportdiscount.ch\/it\/wp-json\/wp\/v2\/product\/425405","targetHints":{"allow":["GET"]}}],"collection":[{"href":"https:\/\/bogensportdiscount.ch\/it\/wp-json\/wp\/v2\/product"}],"about":[{"href":"https:\/\/bogensportdiscount.ch\/it\/wp-json\/wp\/v2\/types\/product"}],"replies":[{"embeddable":true,"href":"https:\/\/bogensportdiscount.ch\/it\/wp-json\/wp\/v2\/comments?post=425405"}],"wp:featuredmedia":[{"embeddable":true,"href":"https:\/\/bogensportdiscount.ch\/it\/wp-json\/wp\/v2\/media\/449595"}],"wp:attachment":[{"href":"https:\/\/bogensportdiscount.ch\/it\/wp-json\/wp\/v2\/media?parent=425405"}],"wp:term":[{"taxonomy":"product_brand","embeddable":true,"href":"https:\/\/bogensportdiscount.ch\/it\/wp-json\/wp\/v2\/product_brand?post=425405"},{"taxonomy":"product_cat","embeddable":true,"href":"https:\/\/bogensportdiscount.ch\/it\/wp-json\/wp\/v2\/product_cat?post=425405"},{"taxonomy":"product_tag","embeddable":true,"href":"https:\/\/bogensportdiscount.ch\/it\/wp-json\/wp\/v2\/product_tag?post=425405"}],"curies":[{"name":"wp","href":"https:\/\/api.w.org\/{rel}","templated":true}]}}