{"id":422382,"date":"2026-04-05T15:24:02","date_gmt":"2026-04-05T13:24:02","guid":{"rendered":"https:\/\/bogensportdiscount.ch\/produkt\/compound-exalt-ld-sp-cam-rotating-mod-rh-60-70lbs-26-5-32-od-green\/"},"modified":"2026-05-14T15:27:26","modified_gmt":"2026-05-14T13:27:26","slug":"elite-compound-bogen-exalt-ld-sp-cam-rotating-mod-2","status":"publish","type":"product","link":"https:\/\/bogensportdiscount.ch\/it\/prodotto\/elite-compound-bogen-exalt-ld-sp-cam-rotating-mod-2\/","title":{"rendered":"ELITE COMPOUNDBOGEN EXALT LD SP CAM ROTATING MOD"},"content":{"rendered":"<p>L'ELITE Exalt LD SP \u00e8 un arco compound con una distanza Axle-to-Axle di 35 pollici e una brace height di 6,8125 pollici. \u00c8 destinato ad arcieri che cercano un arco equilibrato di medie dimensioni per la caccia o il tiro 3D.<\/p>\n<p>L'arco \u00e8 dotato di un modulo rotante (Rotating Mod) sul sistema Cam, che consente una regolazione flessibile dell'allungo. Il Let-Off \u00e8 regolabile, permettendo impostazioni individuali per diverse tecniche di tiro. Il telaio in alluminio garantisce un sistema complessivo stabile e allo stesso tempo leggero.<\/p>\n<ul>\n<li>Distanza Axle-to-Axle 35 pollici \u2013 versatile per caccia e tiro 3D<\/li>\n<li>Rotating Mod per allungo flessibile<\/li>\n<li>Let-off regolabile<\/li>\n<li>Disponibile in 9 colori e per arcieri mancini e destrorsi<\/li>\n<\/ul>","protected":false},"excerpt":{"rendered":"<table>\n<tr>\n<th>Propriet\u00e0<\/th>\n<th>Valore<\/th>\n<\/tr>\n<tr>\n<td>Interasse (pollici)<\/td>\n<td>35<\/td>\n<\/tr>\n<tr>\n<td>Brace Height (pollici)<\/td>\n<td>6,8125<\/td>\n<\/tr>\n<tr>\n<td>Modulo<\/td>\n<td>Rotating Mod<\/td>\n<\/tr>\n<tr>\n<td>Libbraggio<\/td>\n<td>60\u201370 lbs \/ 65\u201375 lbs<\/td>\n<\/tr>\n<tr>\n<td>Let-Off<\/td>\n<td>Regolabile<\/td>\n<\/tr>\n<tr>\n<td>Materiale<\/td>\n<td>Alluminio<\/td>\n<\/tr>\n<tr>\n<td>Origine<\/td>\n<td>USA<\/td>\n<\/tr>\n<\/table>","protected":false},"featured_media":449962,"comment_status":"open","ping_status":"closed","template":"","meta":[],"product_brand":[474],"product_cat":[4523],"product_tag":[],"class_list":{"0":"post-422382","1":"product","2":"type-product","3":"status-publish","4":"has-post-thumbnail","6":"product_brand-elite","7":"product_cat-compound-boegen--35","8":"product_shipping_class-bsd-sperrgut","10":"first","11":"instock","12":"shipping-taxable","13":"purchasable","14":"product-type-variable"},"yoast_head":"<!-- This site is optimized with the Yoast SEO plugin v27.6 - https:\/\/yoast.com\/product\/yoast-seo-wordpress\/ -->\n<title>ELITE COMPOUNDBOGEN EXALT LD SP CAM ROTATING MOD - Bogensportdiscount \u2013 B\u00f6gen, Pfeile, Targets &amp; Zubeh\u00f6r<\/title>\n<meta name=\"description\" content=\"ELITE COMPOUNDBOGEN EXALT LD SP CAM ROTATING MOD g\u00fcnstig kaufen bei Bogensportdiscount \u2013 Top-Marken, schneller Versand aus der Schweiz.\" \/>\n<meta name=\"robots\" content=\"index, follow, max-snippet:-1, max-image-preview:large, max-video-preview:-1\" \/>\n<link rel=\"canonical\" href=\"https:\/\/bogensportdiscount.ch\/it\/prodotto\/elite-compound-bogen-exalt-ld-sp-cam-rotating-mod-2\/\" \/>\n<meta property=\"og:locale\" content=\"it_IT\" \/>\n<meta property=\"og:type\" content=\"article\" \/>\n<meta property=\"og:title\" content=\"ELITE COMPOUNDBOGEN EXALT LD SP CAM ROTATING MOD - Bogensportdiscount \u2013 B\u00f6gen, Pfeile, Targets &amp; Zubeh\u00f6r\" \/>\n<meta property=\"og:description\" content=\"ELITE COMPOUNDBOGEN EXALT LD SP CAM ROTATING MOD g\u00fcnstig kaufen bei Bogensportdiscount \u2013 Top-Marken, schneller Versand aus der Schweiz.\" \/>\n<meta property=\"og:url\" content=\"https:\/\/bogensportdiscount.ch\/it\/prodotto\/elite-compound-bogen-exalt-ld-sp-cam-rotating-mod-2\/\" \/>\n<meta property=\"og:site_name\" content=\"Bogensportdiscount \u2013 B\u00f6gen, Pfeile, Targets &amp; Zubeh\u00f6r\" \/>\n<meta property=\"article:modified_time\" content=\"2026-05-14T13:27:26+00:00\" \/>\n<meta property=\"og:image\" content=\"https:\/\/bogensportdiscount.ch\/wp-content\/uploads\/bsm-images\/A088257_1.png\" \/>\n\t<meta property=\"og:image:width\" content=\"659\" \/>\n\t<meta property=\"og:image:height\" content=\"1800\" \/>\n\t<meta property=\"og:image:type\" content=\"image\/png\" \/>\n<meta name=\"twitter:card\" content=\"summary_large_image\" \/>\n<meta name=\"twitter:label1\" content=\"Tempo di lettura stimato\" \/>\n\t<meta name=\"twitter:data1\" content=\"1 minuto\" \/>\n<script type=\"application\/ld+json\" class=\"yoast-schema-graph\">{\"@context\":\"https:\\\/\\\/schema.org\",\"@graph\":[{\"@type\":\"WebPage\",\"@id\":\"https:\\\/\\\/bogensportdiscount.ch\\\/produkt\\\/elite-compound-bogen-exalt-ld-sp-cam-rotating-mod-2\\\/\",\"url\":\"https:\\\/\\\/bogensportdiscount.ch\\\/produkt\\\/elite-compound-bogen-exalt-ld-sp-cam-rotating-mod-2\\\/\",\"name\":\"ELITE COMPOUNDBOGEN EXALT LD SP CAM ROTATING MOD - Bogensportdiscount \u2013 B\u00f6gen, Pfeile, Targets &amp; Zubeh\u00f6r\",\"isPartOf\":{\"@id\":\"https:\\\/\\\/bogensportdiscount.ch\\\/#website\"},\"primaryImageOfPage\":{\"@id\":\"https:\\\/\\\/bogensportdiscount.ch\\\/produkt\\\/elite-compound-bogen-exalt-ld-sp-cam-rotating-mod-2\\\/#primaryimage\"},\"image\":{\"@id\":\"https:\\\/\\\/bogensportdiscount.ch\\\/produkt\\\/elite-compound-bogen-exalt-ld-sp-cam-rotating-mod-2\\\/#primaryimage\"},\"thumbnailUrl\":\"https:\\\/\\\/bogensportdiscount.ch\\\/wp-content\\\/uploads\\\/bsm-images\\\/A088257_1.png\",\"datePublished\":\"2026-04-05T13:24:02+00:00\",\"dateModified\":\"2026-05-14T13:27:26+00:00\",\"description\":\"ELITE COMPOUNDBOGEN EXALT LD SP CAM ROTATING MOD g\u00fcnstig kaufen bei Bogensportdiscount \u2013 Top-Marken, schneller Versand aus der Schweiz.\",\"breadcrumb\":{\"@id\":\"https:\\\/\\\/bogensportdiscount.ch\\\/produkt\\\/elite-compound-bogen-exalt-ld-sp-cam-rotating-mod-2\\\/#breadcrumb\"},\"inLanguage\":\"it-IT\",\"potentialAction\":[{\"@type\":\"ReadAction\",\"target\":[\"https:\\\/\\\/bogensportdiscount.ch\\\/produkt\\\/elite-compound-bogen-exalt-ld-sp-cam-rotating-mod-2\\\/\"]}]},{\"@type\":\"ImageObject\",\"inLanguage\":\"it-IT\",\"@id\":\"https:\\\/\\\/bogensportdiscount.ch\\\/produkt\\\/elite-compound-bogen-exalt-ld-sp-cam-rotating-mod-2\\\/#primaryimage\",\"url\":\"https:\\\/\\\/bogensportdiscount.ch\\\/wp-content\\\/uploads\\\/bsm-images\\\/A088257_1.png\",\"contentUrl\":\"https:\\\/\\\/bogensportdiscount.ch\\\/wp-content\\\/uploads\\\/bsm-images\\\/A088257_1.png\",\"width\":659,\"height\":1800},{\"@type\":\"BreadcrumbList\",\"@id\":\"https:\\\/\\\/bogensportdiscount.ch\\\/produkt\\\/elite-compound-bogen-exalt-ld-sp-cam-rotating-mod-2\\\/#breadcrumb\",\"itemListElement\":[{\"@type\":\"ListItem\",\"position\":1,\"name\":\"Home\",\"item\":\"https:\\\/\\\/bogensportdiscount.ch\\\/\"},{\"@type\":\"ListItem\",\"position\":2,\"name\":\"Shop\",\"item\":\"https:\\\/\\\/bogensportdiscount.ch\\\/shop\\\/\"},{\"@type\":\"ListItem\",\"position\":3,\"name\":\"ELITE COMPOUND EXALT LD SP CAM ROTATING MOD\"}]},{\"@type\":\"WebSite\",\"@id\":\"https:\\\/\\\/bogensportdiscount.ch\\\/#website\",\"url\":\"https:\\\/\\\/bogensportdiscount.ch\\\/\",\"name\":\"Bogensportdiscount\",\"description\":\"\",\"potentialAction\":[{\"@type\":\"SearchAction\",\"target\":{\"@type\":\"EntryPoint\",\"urlTemplate\":\"https:\\\/\\\/bogensportdiscount.ch\\\/?s={search_term_string}\"},\"query-input\":{\"@type\":\"PropertyValueSpecification\",\"valueRequired\":true,\"valueName\":\"search_term_string\"}}],\"inLanguage\":\"it-IT\"}]}<\/script>\n<!-- \/ Yoast SEO plugin. -->","yoast_head_json":{"title":"ELITE COMPOUNDBOGEN EXALT LD SP CAM ROTATING MOD - Bogensportdiscount \u2013 B\u00f6gen, Pfeile, Targets &amp; Zubeh\u00f6r","description":"ELITE COMPOUNDBOGEN EXALT LD SP CAM ROTATING MOD g\u00fcnstig kaufen bei Bogensportdiscount \u2013 Top-Marken, schneller Versand aus der Schweiz.","robots":{"index":"index","follow":"follow","max-snippet":"max-snippet:-1","max-image-preview":"max-image-preview:large","max-video-preview":"max-video-preview:-1"},"canonical":"https:\/\/bogensportdiscount.ch\/it\/prodotto\/elite-compound-bogen-exalt-ld-sp-cam-rotating-mod-2\/","og_locale":"it_IT","og_type":"article","og_title":"ELITE COMPOUNDBOGEN EXALT LD SP CAM ROTATING MOD - Bogensportdiscount \u2013 B\u00f6gen, Pfeile, Targets &amp; Zubeh\u00f6r","og_description":"ELITE COMPOUNDBOGEN EXALT LD SP CAM ROTATING MOD g\u00fcnstig kaufen bei Bogensportdiscount \u2013 Top-Marken, schneller Versand aus der Schweiz.","og_url":"https:\/\/bogensportdiscount.ch\/it\/prodotto\/elite-compound-bogen-exalt-ld-sp-cam-rotating-mod-2\/","og_site_name":"Bogensportdiscount \u2013 B\u00f6gen, Pfeile, Targets &amp; Zubeh\u00f6r","article_modified_time":"2026-05-14T13:27:26+00:00","og_image":[{"width":659,"height":1800,"url":"https:\/\/bogensportdiscount.ch\/wp-content\/uploads\/bsm-images\/A088257_1.png","type":"image\/png"}],"twitter_card":"summary_large_image","twitter_misc":{"Tempo di lettura stimato":"1 minuto"},"schema":{"@context":"https:\/\/schema.org","@graph":[{"@type":"WebPage","@id":"https:\/\/bogensportdiscount.ch\/produkt\/elite-compound-bogen-exalt-ld-sp-cam-rotating-mod-2\/","url":"https:\/\/bogensportdiscount.ch\/produkt\/elite-compound-bogen-exalt-ld-sp-cam-rotating-mod-2\/","name":"ELITE COMPOUNDBOGEN EXALT LD SP CAM ROTATING MOD - Bogensportdiscount \u2013 B\u00f6gen, Pfeile, Targets &amp; Zubeh\u00f6r","isPartOf":{"@id":"https:\/\/bogensportdiscount.ch\/#website"},"primaryImageOfPage":{"@id":"https:\/\/bogensportdiscount.ch\/produkt\/elite-compound-bogen-exalt-ld-sp-cam-rotating-mod-2\/#primaryimage"},"image":{"@id":"https:\/\/bogensportdiscount.ch\/produkt\/elite-compound-bogen-exalt-ld-sp-cam-rotating-mod-2\/#primaryimage"},"thumbnailUrl":"https:\/\/bogensportdiscount.ch\/wp-content\/uploads\/bsm-images\/A088257_1.png","datePublished":"2026-04-05T13:24:02+00:00","dateModified":"2026-05-14T13:27:26+00:00","description":"ELITE COMPOUNDBOGEN EXALT LD SP CAM ROTATING MOD g\u00fcnstig kaufen bei Bogensportdiscount \u2013 Top-Marken, schneller Versand aus der Schweiz.","breadcrumb":{"@id":"https:\/\/bogensportdiscount.ch\/produkt\/elite-compound-bogen-exalt-ld-sp-cam-rotating-mod-2\/#breadcrumb"},"inLanguage":"it-IT","potentialAction":[{"@type":"ReadAction","target":["https:\/\/bogensportdiscount.ch\/produkt\/elite-compound-bogen-exalt-ld-sp-cam-rotating-mod-2\/"]}]},{"@type":"ImageObject","inLanguage":"it-IT","@id":"https:\/\/bogensportdiscount.ch\/produkt\/elite-compound-bogen-exalt-ld-sp-cam-rotating-mod-2\/#primaryimage","url":"https:\/\/bogensportdiscount.ch\/wp-content\/uploads\/bsm-images\/A088257_1.png","contentUrl":"https:\/\/bogensportdiscount.ch\/wp-content\/uploads\/bsm-images\/A088257_1.png","width":659,"height":1800},{"@type":"BreadcrumbList","@id":"https:\/\/bogensportdiscount.ch\/produkt\/elite-compound-bogen-exalt-ld-sp-cam-rotating-mod-2\/#breadcrumb","itemListElement":[{"@type":"ListItem","position":1,"name":"Home","item":"https:\/\/bogensportdiscount.ch\/"},{"@type":"ListItem","position":2,"name":"Shop","item":"https:\/\/bogensportdiscount.ch\/shop\/"},{"@type":"ListItem","position":3,"name":"ELITE COMPOUND EXALT LD SP CAM ROTATING MOD"}]},{"@type":"WebSite","@id":"https:\/\/bogensportdiscount.ch\/#website","url":"https:\/\/bogensportdiscount.ch\/","name":"Bogensportdiscount","description":"","potentialAction":[{"@type":"SearchAction","target":{"@type":"EntryPoint","urlTemplate":"https:\/\/bogensportdiscount.ch\/?s={search_term_string}"},"query-input":{"@type":"PropertyValueSpecification","valueRequired":true,"valueName":"search_term_string"}}],"inLanguage":"it-IT"}]}},"_links":{"self":[{"href":"https:\/\/bogensportdiscount.ch\/it\/wp-json\/wp\/v2\/product\/422382","targetHints":{"allow":["GET"]}}],"collection":[{"href":"https:\/\/bogensportdiscount.ch\/it\/wp-json\/wp\/v2\/product"}],"about":[{"href":"https:\/\/bogensportdiscount.ch\/it\/wp-json\/wp\/v2\/types\/product"}],"replies":[{"embeddable":true,"href":"https:\/\/bogensportdiscount.ch\/it\/wp-json\/wp\/v2\/comments?post=422382"}],"wp:featuredmedia":[{"embeddable":true,"href":"https:\/\/bogensportdiscount.ch\/it\/wp-json\/wp\/v2\/media\/449962"}],"wp:attachment":[{"href":"https:\/\/bogensportdiscount.ch\/it\/wp-json\/wp\/v2\/media?parent=422382"}],"wp:term":[{"taxonomy":"product_brand","embeddable":true,"href":"https:\/\/bogensportdiscount.ch\/it\/wp-json\/wp\/v2\/product_brand?post=422382"},{"taxonomy":"product_cat","embeddable":true,"href":"https:\/\/bogensportdiscount.ch\/it\/wp-json\/wp\/v2\/product_cat?post=422382"},{"taxonomy":"product_tag","embeddable":true,"href":"https:\/\/bogensportdiscount.ch\/it\/wp-json\/wp\/v2\/product_tag?post=422382"}],"curies":[{"name":"wp","href":"https:\/\/api.w.org\/{rel}","templated":true}]}}