{"id":422274,"date":"2026-04-05T15:23:51","date_gmt":"2026-04-05T13:23:51","guid":{"rendered":"https:\/\/bogensportdiscount.ch\/produkt\/compound-solution-ls-deadlock-cam-rot-mod-rh-60-70lbs-24-5-30-black\/"},"modified":"2026-04-17T13:49:18","modified_gmt":"2026-04-17T11:49:18","slug":"bowtech-compound-solution-ls-deadlock-cam-rot-mod-rh","status":"publish","type":"product","link":"https:\/\/bogensportdiscount.ch\/it\/prodotto\/bowtech-compound-solution-ls-deadlock-cam-rot-mod-rh\/","title":{"rendered":"BOWTECH COMPOUND SOLUTION LS DEADLOCK CAM ROSSO. MOD RH"},"content":{"rendered":"<p>Der Bowtech Solution LS ist ein Compoundbogen aus der Solution-Reihe von Bowtech, ausgestattet mit dem Deadlock-Cam-System und einem austauschbaren Rotationsmodul. Das Modell ist f\u00fcr Rechtshandschiessen (RH) ausgelegt und geh\u00f6rt zur Kategorie der Compoundb\u00f6gen unter 35&#8243;.<\/p>\n<p>Das Deadlock-Cam-System erm\u00f6glicht eine pr\u00e4zise Einstellung und zuverl\u00e4ssige Wiederholbarkeit des Zugzyklus. Das wechselbare Rotationsmodul erlaubt eine einfache Anpassung der Zugl\u00e4nge ohne spezielles Werkzeug.<\/p>\n<ul>\n<li>Zuggewicht w\u00e4hlbar: 40\u201350 lbs, 50\u201360 lbs oder 60\u201370 lbs<\/li>\n<li>Deadlock-Cam-System f\u00fcr gleichm\u00e4ssige Kraftkurve<\/li>\n<li>Austauschbares Rotationsmodul zur Zugl\u00e4ngenanpassung<\/li>\n<li>Erh\u00e4ltlich in Black, Grey, OD Green und Sandstone<\/li>\n<\/ul>","protected":false},"excerpt":{"rendered":"<p><strong>Marchio:<\/strong> Bowtech<br \/><strong>Axle-to-axle (inch):<\/strong> 31,5<br \/><strong>Brace height (inch):<\/strong> 6,25<br \/><strong>Module:<\/strong> Rotating mod<br \/><strong>Materiale:<\/strong> Aluminum<\/p>","protected":false},"featured_media":436678,"comment_status":"open","ping_status":"closed","template":"","meta":[],"product_brand":[451],"product_cat":[4524],"product_tag":[],"class_list":{"0":"post-422274","1":"product","2":"type-product","3":"status-publish","4":"has-post-thumbnail","6":"product_brand-bowtech","7":"product_cat-jagdboegen-compound-boegen-boegen","9":"first","10":"instock","11":"shipping-taxable","12":"purchasable","13":"product-type-variable"},"_links":{"self":[{"href":"https:\/\/bogensportdiscount.ch\/it\/wp-json\/wp\/v2\/product\/422274","targetHints":{"allow":["GET"]}}],"collection":[{"href":"https:\/\/bogensportdiscount.ch\/it\/wp-json\/wp\/v2\/product"}],"about":[{"href":"https:\/\/bogensportdiscount.ch\/it\/wp-json\/wp\/v2\/types\/product"}],"replies":[{"embeddable":true,"href":"https:\/\/bogensportdiscount.ch\/it\/wp-json\/wp\/v2\/comments?post=422274"}],"wp:featuredmedia":[{"embeddable":true,"href":"https:\/\/bogensportdiscount.ch\/it\/wp-json\/wp\/v2\/media\/436678"}],"wp:attachment":[{"href":"https:\/\/bogensportdiscount.ch\/it\/wp-json\/wp\/v2\/media?parent=422274"}],"wp:term":[{"taxonomy":"product_brand","embeddable":true,"href":"https:\/\/bogensportdiscount.ch\/it\/wp-json\/wp\/v2\/product_brand?post=422274"},{"taxonomy":"product_cat","embeddable":true,"href":"https:\/\/bogensportdiscount.ch\/it\/wp-json\/wp\/v2\/product_cat?post=422274"},{"taxonomy":"product_tag","embeddable":true,"href":"https:\/\/bogensportdiscount.ch\/it\/wp-json\/wp\/v2\/product_tag?post=422274"}],"curies":[{"name":"wp","href":"https:\/\/api.w.org\/{rel}","templated":true}]}}