{"id":422198,"date":"2026-04-05T15:23:43","date_gmt":"2026-04-05T13:23:43","guid":{"rendered":"https:\/\/bogensportdiscount.ch\/produkt\/driver-plus-slider-for-mathews-bridge-lock-accustat-ii-scope-rh-3-pin-019-stealth\/"},"modified":"2026-04-24T14:19:36","modified_gmt":"2026-04-24T12:19:36","slug":"axcel-driver-plus-slider-picatinny-accustat-ii-visier-rh-3-pin-019-stealth","status":"publish","type":"product","link":"https:\/\/bogensportdiscount.ch\/it\/prodotto\/axcel-driver-plus-slider-picatinny-accustat-ii-visier-rh-3-pin-019-stealth\/","title":{"rendered":"AXCEL DRIVER PLUS SLIDER FUER MATHEWS BRIDGE-LOCK ACCUSTAT II ZIELFERNROHR &#8211; RH 3-PIN .019"},"content":{"rendered":"<p>Das AXCEL Driver Plus Slider Picatinny Accustat II ist ein hochwertiges Compound-Visier, das f\u00fcr den Einsatz bei der Jagd und im 3D-Bogensport konzipiert wurde. Die Picatinny-Schiene erm\u00f6glicht eine flexible Montage und Anpassung, w\u00e4hrend das Accustat II Scope-System pr\u00e4zise Zielerfassung unterst\u00fctzt.<\/p>\n<p>Das Visier ist f\u00fcr Rechtsh\u00e4nder (RH) ausgelegt und kommt mit einem 3-Pin-Setup sowie einem feinen .019 Zoll Fadenkreuz, das auch bei schwierigen Lichtverh\u00e4ltnissen eine klare Sicht bietet. Die Farbe Stealth sorgt f\u00fcr ein dezentes Erscheinungsbild im Feld.<\/p>\n<ul>\n<li>Picatinny-Schiene f\u00fcr flexible Montageoptionen<\/li>\n<li>Accustat II Scope-System f\u00fcr pr\u00e4zises Zielen<\/li>\n<li>3-Pin-Konfiguration mit .019 Fadenkreuz<\/li>\n<li>F\u00fcr Rechtsh\u00e4nder, Farbe Stealth<\/li>\n<\/ul>","protected":false},"excerpt":{"rendered":"<p>Das AXCEL Driver Plus Slider ist ein Compound-Jagd- und 3D-Visier mit Picatinny-Schiene und Accustat II Scope. Es ist f\u00fcr Rechtsh\u00e4nder ausgelegt und verf\u00fcgt \u00fcber eine 3-Pin-Konfiguration mit .019 Fadenkreuz in der Farbe Stealth.<\/p>","protected":false},"featured_media":450143,"comment_status":"open","ping_status":"closed","template":"","meta":[],"product_brand":[467],"product_cat":[4263],"product_tag":[],"class_list":{"0":"post-422198","1":"product","2":"type-product","3":"status-publish","4":"has-post-thumbnail","6":"product_brand-axcel","7":"product_cat-jagd-und-3d-visiere","8":"product_shipping_class-bsd-standard","10":"first","11":"instock","12":"shipping-taxable","13":"purchasable","14":"product-type-variable"},"yoast_head":"<!-- This site is optimized with the Yoast SEO plugin v27.4 - https:\/\/yoast.com\/product\/yoast-seo-wordpress\/ -->\n<title>AXCEL DRIVER PLUS SLIDER PER CANNOCCHIALE MATHEWS BRIDGE-LOCK ACCUSTAT II - RH 3-PIN .019 - Bogensportdiscount \u2013 Archi, frecce, bersagli e accessori<\/title>\n<meta name=\"description\" content=\"AXCEL DRIVER PLUS SLIDER PER CANNOCCHIALE MATHEWS BRIDGE-LOCK ACCUSTAT II - RH 3-PIN .019: acquista a un prezzo conveniente su Bogensportdiscount \u2013 Le migliori marche, spedizione veloce dalla Svizzera.\" \/>\n<meta name=\"robots\" content=\"index, follow, max-snippet:-1, max-image-preview:large, max-video-preview:-1\" \/>\n<link rel=\"canonical\" href=\"https:\/\/bogensportdiscount.ch\/it\/prodotto\/axcel-driver-plus-slider-picatinny-accustat-ii-visier-rh-3-pin-019-stealth\/\" \/>\n<meta property=\"og:locale\" content=\"it_IT\" \/>\n<meta property=\"og:type\" content=\"article\" \/>\n<meta property=\"og:title\" content=\"AXCEL DRIVER PLUS SLIDER PER CANNOCCHIALE MATHEWS BRIDGE-LOCK ACCUSTAT II - RH 3-PIN .019 - Bogensportdiscount \u2013 Archi, frecce, bersagli e accessori\" \/>\n<meta property=\"og:description\" content=\"AXCEL DRIVER PLUS SLIDER PER CANNOCCHIALE MATHEWS BRIDGE-LOCK ACCUSTAT II - RH 3-PIN .019: acquista a un prezzo conveniente su Bogensportdiscount \u2013 Le migliori marche, spedizione veloce dalla Svizzera.\" \/>\n<meta property=\"og:url\" content=\"https:\/\/bogensportdiscount.ch\/it\/prodotto\/axcel-driver-plus-slider-picatinny-accustat-ii-visier-rh-3-pin-019-stealth\/\" \/>\n<meta property=\"og:site_name\" content=\"Bogensportdiscount \u2013 B\u00f6gen, Pfeile, Targets &amp; Zubeh\u00f6r\" \/>\n<meta property=\"article:modified_time\" content=\"2026-04-24T12:19:36+00:00\" \/>\n<meta property=\"og:image\" content=\"https:\/\/bogensportdiscount.ch\/wp-content\/uploads\/bsm-images\/A087709_1.png\" \/>\n\t<meta property=\"og:image:width\" content=\"1440\" \/>\n\t<meta property=\"og:image:height\" content=\"1440\" \/>\n\t<meta property=\"og:image:type\" content=\"image\/png\" \/>\n<meta name=\"twitter:card\" content=\"summary_large_image\" \/>\n<meta name=\"twitter:label1\" content=\"Tempo di lettura stimato\" \/>\n\t<meta name=\"twitter:data1\" content=\"1 minuto\" \/>\n<script type=\"application\/ld+json\" class=\"yoast-schema-graph\">{\"@context\":\"https:\\\/\\\/schema.org\",\"@graph\":[{\"@type\":\"WebPage\",\"@id\":\"https:\\\/\\\/bogensportdiscount.ch\\\/produkt\\\/axcel-driver-plus-slider-picatinny-accustat-ii-visier-rh-3-pin-019-stealth\\\/\",\"url\":\"https:\\\/\\\/bogensportdiscount.ch\\\/produkt\\\/axcel-driver-plus-slider-picatinny-accustat-ii-visier-rh-3-pin-019-stealth\\\/\",\"name\":\"AXCEL DRIVER PLUS SLIDER FUER MATHEWS BRIDGE-LOCK ACCUSTAT II ZIELFERNROHR - RH 3-PIN .019 - Bogensportdiscount \u2013 B\u00f6gen, Pfeile, Targets &amp; Zubeh\u00f6r\",\"isPartOf\":{\"@id\":\"https:\\\/\\\/bogensportdiscount.ch\\\/#website\"},\"primaryImageOfPage\":{\"@id\":\"https:\\\/\\\/bogensportdiscount.ch\\\/produkt\\\/axcel-driver-plus-slider-picatinny-accustat-ii-visier-rh-3-pin-019-stealth\\\/#primaryimage\"},\"image\":{\"@id\":\"https:\\\/\\\/bogensportdiscount.ch\\\/produkt\\\/axcel-driver-plus-slider-picatinny-accustat-ii-visier-rh-3-pin-019-stealth\\\/#primaryimage\"},\"thumbnailUrl\":\"https:\\\/\\\/bogensportdiscount.ch\\\/wp-content\\\/uploads\\\/bsm-images\\\/A087709_1.png\",\"datePublished\":\"2026-04-05T13:23:43+00:00\",\"dateModified\":\"2026-04-24T12:19:36+00:00\",\"description\":\"AXCEL DRIVER PLUS SLIDER FUER MATHEWS BRIDGE-LOCK ACCUSTAT II ZIELFERNROHR - RH 3-PIN .019 g\u00fcnstig kaufen bei Bogensportdiscount \u2013 Top-Marken, schneller Versand aus der Schweiz.\",\"breadcrumb\":{\"@id\":\"https:\\\/\\\/bogensportdiscount.ch\\\/produkt\\\/axcel-driver-plus-slider-picatinny-accustat-ii-visier-rh-3-pin-019-stealth\\\/#breadcrumb\"},\"inLanguage\":\"it-IT\",\"potentialAction\":[{\"@type\":\"ReadAction\",\"target\":[\"https:\\\/\\\/bogensportdiscount.ch\\\/produkt\\\/axcel-driver-plus-slider-picatinny-accustat-ii-visier-rh-3-pin-019-stealth\\\/\"]}]},{\"@type\":\"ImageObject\",\"inLanguage\":\"it-IT\",\"@id\":\"https:\\\/\\\/bogensportdiscount.ch\\\/produkt\\\/axcel-driver-plus-slider-picatinny-accustat-ii-visier-rh-3-pin-019-stealth\\\/#primaryimage\",\"url\":\"https:\\\/\\\/bogensportdiscount.ch\\\/wp-content\\\/uploads\\\/bsm-images\\\/A087709_1.png\",\"contentUrl\":\"https:\\\/\\\/bogensportdiscount.ch\\\/wp-content\\\/uploads\\\/bsm-images\\\/A087709_1.png\",\"width\":1440,\"height\":1440},{\"@type\":\"BreadcrumbList\",\"@id\":\"https:\\\/\\\/bogensportdiscount.ch\\\/produkt\\\/axcel-driver-plus-slider-picatinny-accustat-ii-visier-rh-3-pin-019-stealth\\\/#breadcrumb\",\"itemListElement\":[{\"@type\":\"ListItem\",\"position\":1,\"name\":\"Home\",\"item\":\"https:\\\/\\\/bogensportdiscount.ch\\\/\"},{\"@type\":\"ListItem\",\"position\":2,\"name\":\"Shop\",\"item\":\"https:\\\/\\\/bogensportdiscount.ch\\\/shop\\\/\"},{\"@type\":\"ListItem\",\"position\":3,\"name\":\"AXCEL DRIVER PLUS SLIDER FUER MATHEWS BRIDGE-LOCK ACCUSTAT II ZIELFERNROHR &#8211; RH 3-PIN .019\"}]},{\"@type\":\"WebSite\",\"@id\":\"https:\\\/\\\/bogensportdiscount.ch\\\/#website\",\"url\":\"https:\\\/\\\/bogensportdiscount.ch\\\/\",\"name\":\"Bogensportdiscount\",\"description\":\"\",\"potentialAction\":[{\"@type\":\"SearchAction\",\"target\":{\"@type\":\"EntryPoint\",\"urlTemplate\":\"https:\\\/\\\/bogensportdiscount.ch\\\/?s={search_term_string}\"},\"query-input\":{\"@type\":\"PropertyValueSpecification\",\"valueRequired\":true,\"valueName\":\"search_term_string\"}}],\"inLanguage\":\"it-IT\"}]}<\/script>\n<!-- \/ Yoast SEO plugin. -->","yoast_head_json":{"title":"AXCEL DRIVER PLUS SLIDER PER CANNOCCHIALE MATHEWS BRIDGE-LOCK ACCUSTAT II - RH 3-PIN .019 - Bogensportdiscount \u2013 Archi, frecce, bersagli e accessori","description":"AXCEL DRIVER PLUS SLIDER PER CANNOCCHIALE MATHEWS BRIDGE-LOCK ACCUSTAT II - RH 3-PIN .019: acquista a un prezzo conveniente su Bogensportdiscount \u2013 Le migliori marche, spedizione veloce dalla Svizzera.","robots":{"index":"index","follow":"follow","max-snippet":"max-snippet:-1","max-image-preview":"max-image-preview:large","max-video-preview":"max-video-preview:-1"},"canonical":"https:\/\/bogensportdiscount.ch\/it\/prodotto\/axcel-driver-plus-slider-picatinny-accustat-ii-visier-rh-3-pin-019-stealth\/","og_locale":"it_IT","og_type":"article","og_title":"AXCEL DRIVER PLUS SLIDER PER CANNOCCHIALE MATHEWS BRIDGE-LOCK ACCUSTAT II - RH 3-PIN .019 - Bogensportdiscount \u2013 Archi, frecce, bersagli e accessori","og_description":"AXCEL DRIVER PLUS SLIDER PER CANNOCCHIALE MATHEWS BRIDGE-LOCK ACCUSTAT II - RH 3-PIN .019: acquista a un prezzo conveniente su Bogensportdiscount \u2013 Le migliori marche, spedizione veloce dalla Svizzera.","og_url":"https:\/\/bogensportdiscount.ch\/it\/prodotto\/axcel-driver-plus-slider-picatinny-accustat-ii-visier-rh-3-pin-019-stealth\/","og_site_name":"Bogensportdiscount \u2013 B\u00f6gen, Pfeile, Targets &amp; Zubeh\u00f6r","article_modified_time":"2026-04-24T12:19:36+00:00","og_image":[{"width":1440,"height":1440,"url":"https:\/\/bogensportdiscount.ch\/wp-content\/uploads\/bsm-images\/A087709_1.png","type":"image\/png"}],"twitter_card":"summary_large_image","twitter_misc":{"Tempo di lettura stimato":"1 minuto"},"schema":{"@context":"https:\/\/schema.org","@graph":[{"@type":"WebPage","@id":"https:\/\/bogensportdiscount.ch\/produkt\/axcel-driver-plus-slider-picatinny-accustat-ii-visier-rh-3-pin-019-stealth\/","url":"https:\/\/bogensportdiscount.ch\/produkt\/axcel-driver-plus-slider-picatinny-accustat-ii-visier-rh-3-pin-019-stealth\/","name":"AXCEL DRIVER PLUS SLIDER PER CANNOCCHIALE MATHEWS BRIDGE-LOCK ACCUSTAT II - RH 3-PIN .019 - Bogensportdiscount \u2013 Archi, frecce, bersagli e accessori","isPartOf":{"@id":"https:\/\/bogensportdiscount.ch\/#website"},"primaryImageOfPage":{"@id":"https:\/\/bogensportdiscount.ch\/produkt\/axcel-driver-plus-slider-picatinny-accustat-ii-visier-rh-3-pin-019-stealth\/#primaryimage"},"image":{"@id":"https:\/\/bogensportdiscount.ch\/produkt\/axcel-driver-plus-slider-picatinny-accustat-ii-visier-rh-3-pin-019-stealth\/#primaryimage"},"thumbnailUrl":"https:\/\/bogensportdiscount.ch\/wp-content\/uploads\/bsm-images\/A087709_1.png","datePublished":"2026-04-05T13:23:43+00:00","dateModified":"2026-04-24T12:19:36+00:00","description":"AXCEL DRIVER PLUS SLIDER PER CANNOCCHIALE MATHEWS BRIDGE-LOCK ACCUSTAT II - RH 3-PIN .019: acquista a un prezzo conveniente su Bogensportdiscount \u2013 Le migliori marche, spedizione veloce dalla Svizzera.","breadcrumb":{"@id":"https:\/\/bogensportdiscount.ch\/produkt\/axcel-driver-plus-slider-picatinny-accustat-ii-visier-rh-3-pin-019-stealth\/#breadcrumb"},"inLanguage":"it-IT","potentialAction":[{"@type":"ReadAction","target":["https:\/\/bogensportdiscount.ch\/produkt\/axcel-driver-plus-slider-picatinny-accustat-ii-visier-rh-3-pin-019-stealth\/"]}]},{"@type":"ImageObject","inLanguage":"it-IT","@id":"https:\/\/bogensportdiscount.ch\/produkt\/axcel-driver-plus-slider-picatinny-accustat-ii-visier-rh-3-pin-019-stealth\/#primaryimage","url":"https:\/\/bogensportdiscount.ch\/wp-content\/uploads\/bsm-images\/A087709_1.png","contentUrl":"https:\/\/bogensportdiscount.ch\/wp-content\/uploads\/bsm-images\/A087709_1.png","width":1440,"height":1440},{"@type":"BreadcrumbList","@id":"https:\/\/bogensportdiscount.ch\/produkt\/axcel-driver-plus-slider-picatinny-accustat-ii-visier-rh-3-pin-019-stealth\/#breadcrumb","itemListElement":[{"@type":"ListItem","position":1,"name":"Home","item":"https:\/\/bogensportdiscount.ch\/"},{"@type":"ListItem","position":2,"name":"Shop","item":"https:\/\/bogensportdiscount.ch\/shop\/"},{"@type":"ListItem","position":3,"name":"AXCEL DRIVER PLUS SLIDER FUER MATHEWS BRIDGE-LOCK ACCUSTAT II ZIELFERNROHR &#8211; RH 3-PIN .019"}]},{"@type":"WebSite","@id":"https:\/\/bogensportdiscount.ch\/#website","url":"https:\/\/bogensportdiscount.ch\/","name":"Bogensportdiscount","description":"","potentialAction":[{"@type":"SearchAction","target":{"@type":"EntryPoint","urlTemplate":"https:\/\/bogensportdiscount.ch\/?s={search_term_string}"},"query-input":{"@type":"PropertyValueSpecification","valueRequired":true,"valueName":"search_term_string"}}],"inLanguage":"it-IT"}]}},"_links":{"self":[{"href":"https:\/\/bogensportdiscount.ch\/it\/wp-json\/wp\/v2\/product\/422198","targetHints":{"allow":["GET"]}}],"collection":[{"href":"https:\/\/bogensportdiscount.ch\/it\/wp-json\/wp\/v2\/product"}],"about":[{"href":"https:\/\/bogensportdiscount.ch\/it\/wp-json\/wp\/v2\/types\/product"}],"replies":[{"embeddable":true,"href":"https:\/\/bogensportdiscount.ch\/it\/wp-json\/wp\/v2\/comments?post=422198"}],"wp:featuredmedia":[{"embeddable":true,"href":"https:\/\/bogensportdiscount.ch\/it\/wp-json\/wp\/v2\/media\/450143"}],"wp:attachment":[{"href":"https:\/\/bogensportdiscount.ch\/it\/wp-json\/wp\/v2\/media?parent=422198"}],"wp:term":[{"taxonomy":"product_brand","embeddable":true,"href":"https:\/\/bogensportdiscount.ch\/it\/wp-json\/wp\/v2\/product_brand?post=422198"},{"taxonomy":"product_cat","embeddable":true,"href":"https:\/\/bogensportdiscount.ch\/it\/wp-json\/wp\/v2\/product_cat?post=422198"},{"taxonomy":"product_tag","embeddable":true,"href":"https:\/\/bogensportdiscount.ch\/it\/wp-json\/wp\/v2\/product_tag?post=422198"}],"curies":[{"name":"wp","href":"https:\/\/api.w.org\/{rel}","templated":true}]}}