{"id":422107,"date":"2026-04-05T15:23:30","date_gmt":"2026-04-05T13:23:30","guid":{"rendered":"https:\/\/bogensportdiscount.ch\/produkt\/lighted-nocks-id4-2-165-arrows-green-4-pk\/"},"modified":"2026-04-17T13:49:16","modified_gmt":"2026-04-17T11:49:16","slug":"skylon-leuchtnocken-id-4-2-165","status":"publish","type":"product","link":"https:\/\/bogensportdiscount.ch\/it\/prodotto\/skylon-leuchtnocken-id-4-2-165\/","title":{"rendered":"COCCHE ILLUMINATE SKYLON ID4.2 \/ .165 FRECCE 4\/PZ."},"content":{"rendered":"<p>Die SKYLON Leuchtnocken mit einem Innendurchmesser von 4,2 mm (.165&#8243;) sind f\u00fcr Pfeile mit entsprechendem Schaftdurchmesser ausgelegt. Sie erm\u00f6glichen es, den Pfeilflug auch bei schlechten Lichtverh\u00e4ltnissen zu verfolgen und erleichtern das Auffinden von Pfeilen nach dem Schuss.<\/p>\n<p>Die Nocken sind in den Farben Blau, Gr\u00fcn und Rot erh\u00e4ltlich, sodass eine individuelle Anpassung oder Unterscheidung zwischen verschiedenen Pfeils\u00e4tzen m\u00f6glich ist.<\/p>\n<ul>\n<li>Innendurchmesser 4,2 mm \/ .165&#8243; f\u00fcr passende Pfeilsch\u00e4fte<\/li>\n<li>Leuchtfunktion zur besseren Sichtbarkeit im Flug<\/li>\n<li>Erh\u00e4ltlich in Blau, Gr\u00fcn und Rot<\/li>\n<li>Einfacher Ersatz der Standard-Nocken<\/li>\n<\/ul>","protected":false},"excerpt":{"rendered":"<table>\n<tr>\n<th>Propriet\u00e0<\/th>\n<th>Valore<\/th>\n<\/tr>\n<tr>\n<td>Marchio<\/td>\n<td>Skylon<\/td>\n<\/tr>\n<tr>\n<td>Innendurchmesser (ID)<\/td>\n<td>4,2 mm \/ .165&#8243;<\/td>\n<\/tr>\n<tr>\n<td>Farben<\/td>\n<td>Blau, Gr\u00fcn, Rot<\/td>\n<\/tr>\n<tr>\n<td>Origine<\/td>\n<td>China<\/td>\n<\/tr>\n<\/table>","protected":false},"featured_media":452074,"comment_status":"open","ping_status":"closed","template":"","meta":[],"product_brand":[457],"product_cat":[4254],"product_tag":[],"class_list":{"0":"post-422107","1":"product","2":"type-product","3":"status-publish","4":"has-post-thumbnail","6":"product_brand-skylon","7":"product_cat-leuchtnocken-vanes-nocks-wraps","9":"first","10":"instock","11":"shipping-taxable","12":"purchasable","13":"product-type-variable"},"_links":{"self":[{"href":"https:\/\/bogensportdiscount.ch\/it\/wp-json\/wp\/v2\/product\/422107","targetHints":{"allow":["GET"]}}],"collection":[{"href":"https:\/\/bogensportdiscount.ch\/it\/wp-json\/wp\/v2\/product"}],"about":[{"href":"https:\/\/bogensportdiscount.ch\/it\/wp-json\/wp\/v2\/types\/product"}],"replies":[{"embeddable":true,"href":"https:\/\/bogensportdiscount.ch\/it\/wp-json\/wp\/v2\/comments?post=422107"}],"wp:featuredmedia":[{"embeddable":true,"href":"https:\/\/bogensportdiscount.ch\/it\/wp-json\/wp\/v2\/media\/452074"}],"wp:attachment":[{"href":"https:\/\/bogensportdiscount.ch\/it\/wp-json\/wp\/v2\/media?parent=422107"}],"wp:term":[{"taxonomy":"product_brand","embeddable":true,"href":"https:\/\/bogensportdiscount.ch\/it\/wp-json\/wp\/v2\/product_brand?post=422107"},{"taxonomy":"product_cat","embeddable":true,"href":"https:\/\/bogensportdiscount.ch\/it\/wp-json\/wp\/v2\/product_cat?post=422107"},{"taxonomy":"product_tag","embeddable":true,"href":"https:\/\/bogensportdiscount.ch\/it\/wp-json\/wp\/v2\/product_tag?post=422107"}],"curies":[{"name":"wp","href":"https:\/\/api.w.org\/{rel}","templated":true}]}}