{"id":421965,"date":"2026-04-05T15:23:08","date_gmt":"2026-04-05T13:23:08","guid":{"rendered":"https:\/\/bogensportdiscount.ch\/produkt\/peep-sight-dc-insight-deluxe-kit\/"},"modified":"2026-04-15T13:59:11","modified_gmt":"2026-04-15T11:59:11","slug":"hamskea-peep-visier-dc-insight","status":"publish","type":"product","link":"https:\/\/bogensportdiscount.ch\/it\/prodotto\/hamskea-peep-visier-dc-insight\/","title":{"rendered":"KIT HAMSKEA PEEP SIGHT DC INSIGHT DELUXE"},"content":{"rendered":"<p>Das HAMSKEA Peep-Visier DC Insight ist speziell f\u00fcr die Anforderungen moderner Compound-B\u00f6gen entwickelt. Als Peep-Visier tr\u00e4gt es zu einer konsistenten Kopfposition und verbesserten Zielgenauigkeit bei.<\/p>\n<p>Dieses Visier ist in den USA gefertigt und steht f\u00fcr bew\u00e4hrte Qualit\u00e4t und Langlebigkeit. Es ist eine zuverl\u00e4ssige Wahl f\u00fcr Bogensch\u00fctzen, die Wert auf pr\u00e4zise Schussergebnisse legen.<\/p>","protected":false},"excerpt":{"rendered":"<p>Das HAMSKEA Peep-Visier DC Insight ist ein hochwertiges Peep-Visier f\u00fcr Compound-B\u00f6gen. Es bietet pr\u00e4zise Zielgenauigkeit und zuverl\u00e4ssige Leistung f\u00fcr ambitionierte Bogensch\u00fctzen.<\/p>","protected":false},"featured_media":453345,"comment_status":"open","ping_status":"closed","template":"","meta":[],"product_brand":[465],"product_cat":[4227],"product_tag":[],"class_list":{"0":"post-421965","1":"product","2":"type-product","3":"status-publish","4":"has-post-thumbnail","6":"product_brand-hamskea","7":"product_cat-complete","9":"first","10":"instock","11":"shipping-taxable","12":"purchasable","13":"product-type-variable"},"_links":{"self":[{"href":"https:\/\/bogensportdiscount.ch\/it\/wp-json\/wp\/v2\/product\/421965","targetHints":{"allow":["GET"]}}],"collection":[{"href":"https:\/\/bogensportdiscount.ch\/it\/wp-json\/wp\/v2\/product"}],"about":[{"href":"https:\/\/bogensportdiscount.ch\/it\/wp-json\/wp\/v2\/types\/product"}],"replies":[{"embeddable":true,"href":"https:\/\/bogensportdiscount.ch\/it\/wp-json\/wp\/v2\/comments?post=421965"}],"wp:featuredmedia":[{"embeddable":true,"href":"https:\/\/bogensportdiscount.ch\/it\/wp-json\/wp\/v2\/media\/453345"}],"wp:attachment":[{"href":"https:\/\/bogensportdiscount.ch\/it\/wp-json\/wp\/v2\/media?parent=421965"}],"wp:term":[{"taxonomy":"product_brand","embeddable":true,"href":"https:\/\/bogensportdiscount.ch\/it\/wp-json\/wp\/v2\/product_brand?post=421965"},{"taxonomy":"product_cat","embeddable":true,"href":"https:\/\/bogensportdiscount.ch\/it\/wp-json\/wp\/v2\/product_cat?post=421965"},{"taxonomy":"product_tag","embeddable":true,"href":"https:\/\/bogensportdiscount.ch\/it\/wp-json\/wp\/v2\/product_tag?post=421965"}],"curies":[{"name":"wp","href":"https:\/\/api.w.org\/{rel}","templated":true}]}}