{"id":421675,"date":"2026-04-05T15:22:39","date_gmt":"2026-04-05T13:22:39","guid":{"rendered":"https:\/\/bogensportdiscount.ch\/produkt\/standard-recurve-grip-rh\/"},"modified":"2026-04-17T13:49:10","modified_gmt":"2026-04-17T11:49:10","slug":"mybo-standard-recurve-griff","status":"publish","type":"product","link":"https:\/\/bogensportdiscount.ch\/it\/prodotto\/mybo-standard-recurve-griff\/","title":{"rendered":"IMPUGNATURA PER RICURVO STANDARD MYBO"},"content":{"rendered":"<p>Der MYBO Standard Recurve-Griff ist ein Zubeh\u00f6rteil f\u00fcr Recurve-B\u00f6gen und dient als direkter Ersatz oder Upgrade f\u00fcr den originalen Griff. Er ist in einer Rechtshand- und einer Linkshand-Variante erh\u00e4ltlich, sodass er f\u00fcr alle Sch\u00fctzen geeignet ist.<\/p>\n<p>Recurve-Griffe beeinflussen die Schusshand-Position und k\u00f6nnen das Schussgef\u00fchl sowie die Kontrolle \u00fcber den Bogen massgeblich ver\u00e4ndern. Der Standard-Griff von MYBO ist auf die Passgenauigkeit an kompatiblen MYBO-Risermodellen ausgelegt.<\/p>\n<ul>\n<li>Erh\u00e4ltlich f\u00fcr Rechtshand (RH) und Linkshand (LH)<\/li>\n<li>Kompatibel mit MYBO Recurve-Risern<\/li>\n<li>Standardform f\u00fcr eine zuverl\u00e4ssige Handposition<\/li>\n<li>Einfacher Austausch gegen den Originalgriff<\/li>\n<\/ul>","protected":false},"excerpt":{"rendered":"<p><strong>Marchio:<\/strong> Mybo<\/p>","protected":false},"featured_media":451264,"comment_status":"open","ping_status":"closed","template":"","meta":[],"product_brand":[430],"product_cat":[4201],"product_tag":[],"class_list":{"0":"post-421675","1":"product","2":"type-product","3":"status-publish","4":"has-post-thumbnail","6":"product_brand-mybo","7":"product_cat-recurve-griffe-griffe-bogen-zubehoer","9":"first","10":"instock","11":"shipping-taxable","12":"purchasable","13":"product-type-variable"},"_links":{"self":[{"href":"https:\/\/bogensportdiscount.ch\/it\/wp-json\/wp\/v2\/product\/421675","targetHints":{"allow":["GET"]}}],"collection":[{"href":"https:\/\/bogensportdiscount.ch\/it\/wp-json\/wp\/v2\/product"}],"about":[{"href":"https:\/\/bogensportdiscount.ch\/it\/wp-json\/wp\/v2\/types\/product"}],"replies":[{"embeddable":true,"href":"https:\/\/bogensportdiscount.ch\/it\/wp-json\/wp\/v2\/comments?post=421675"}],"wp:featuredmedia":[{"embeddable":true,"href":"https:\/\/bogensportdiscount.ch\/it\/wp-json\/wp\/v2\/media\/451264"}],"wp:attachment":[{"href":"https:\/\/bogensportdiscount.ch\/it\/wp-json\/wp\/v2\/media?parent=421675"}],"wp:term":[{"taxonomy":"product_brand","embeddable":true,"href":"https:\/\/bogensportdiscount.ch\/it\/wp-json\/wp\/v2\/product_brand?post=421675"},{"taxonomy":"product_cat","embeddable":true,"href":"https:\/\/bogensportdiscount.ch\/it\/wp-json\/wp\/v2\/product_cat?post=421675"},{"taxonomy":"product_tag","embeddable":true,"href":"https:\/\/bogensportdiscount.ch\/it\/wp-json\/wp\/v2\/product_tag?post=421675"}],"curies":[{"name":"wp","href":"https:\/\/api.w.org\/{rel}","templated":true}]}}