{"id":421253,"date":"2026-04-05T15:21:54","date_gmt":"2026-04-05T13:21:54","guid":{"rendered":"https:\/\/bogensportdiscount.ch\/produkt\/shafts-carbon-vap-gamer-v3-id-4-2-200-31-with-ip-nock-12-pk\/"},"modified":"2026-04-19T11:55:02","modified_gmt":"2026-04-19T09:55:02","slug":"victory-carbon-jagdschaft-vap-gamer-v3-id-4-2","status":"publish","type":"product","link":"https:\/\/bogensportdiscount.ch\/it\/prodotto\/victory-carbon-jagdschaft-vap-gamer-v3-id-4-2\/","title":{"rendered":"VICTORY SCHAEFTE CARBON VAP GAMER\/V3 ID 4.2 12\/PK"},"content":{"rendered":"<p>Die VICTORY VAP Gamer\/V3 Sch\u00e4fte sind Carbon-Jagdsch\u00e4fte mit einem Innendurchmesser (ID) von 4.2 mm. Der kleine ID erm\u00f6glicht die Verwendung von leichten Eins\u00e4tzen und Spitzen, was zu einer reduzierten Gesamtpfeilmasse und einer flacheren Flugbahn beitr\u00e4gt.<\/p>\n<p>Die Sch\u00e4fte sind in sieben verschiedenen Spine-St\u00e4rken von 200 bis 500 erh\u00e4ltlich, sodass sie f\u00fcr ein breites Spektrum an Zuggewichten und Anwendungsbereichen \u2013 vom leichten Recurve bis zum schweren Compound \u2013 genutzt werden k\u00f6nnen.<\/p>\n<ul>\n<li>Carbon-Schaft f\u00fcr Jagd und 3D-Schiessen<\/li>\n<li>Diametro interno 4,2 mm<\/li>\n<li>Erh\u00e4ltlich in Spine 200, 250, 300, 350, 400, 450 und 500<\/li>\n<li>Marke VICTORY, hergestellt in Vietnam<\/li>\n<\/ul>","protected":false},"excerpt":{"rendered":"<p>Die VICTORY VAP Gamer\/V3 Carbon-Jagdsch\u00e4fte mit einem Innendurchmesser von 4.2 mm sind in den Spine-St\u00e4rken 200 bis 500 erh\u00e4ltlich. Sie eignen sich f\u00fcr J\u00e4ger und Bogensch\u00fctzen, die leichte und pr\u00e4zise Carbon-Sch\u00e4fte suchen. Hergestellt in Vietnam.<\/p>","protected":false},"featured_media":492713,"comment_status":"open","ping_status":"closed","template":"","meta":[],"product_brand":[547],"product_cat":[4503],"product_tag":[],"class_list":{"0":"post-421253","1":"product","2":"type-product","3":"status-publish","4":"has-post-thumbnail","6":"product_brand-victory","7":"product_cat-carbon-jagd-schaefte","9":"first","10":"outofstock","11":"shipping-taxable","12":"purchasable","13":"product-type-variable"},"_links":{"self":[{"href":"https:\/\/bogensportdiscount.ch\/it\/wp-json\/wp\/v2\/product\/421253","targetHints":{"allow":["GET"]}}],"collection":[{"href":"https:\/\/bogensportdiscount.ch\/it\/wp-json\/wp\/v2\/product"}],"about":[{"href":"https:\/\/bogensportdiscount.ch\/it\/wp-json\/wp\/v2\/types\/product"}],"replies":[{"embeddable":true,"href":"https:\/\/bogensportdiscount.ch\/it\/wp-json\/wp\/v2\/comments?post=421253"}],"wp:featuredmedia":[{"embeddable":true,"href":"https:\/\/bogensportdiscount.ch\/it\/wp-json\/wp\/v2\/media\/492713"}],"wp:attachment":[{"href":"https:\/\/bogensportdiscount.ch\/it\/wp-json\/wp\/v2\/media?parent=421253"}],"wp:term":[{"taxonomy":"product_brand","embeddable":true,"href":"https:\/\/bogensportdiscount.ch\/it\/wp-json\/wp\/v2\/product_brand?post=421253"},{"taxonomy":"product_cat","embeddable":true,"href":"https:\/\/bogensportdiscount.ch\/it\/wp-json\/wp\/v2\/product_cat?post=421253"},{"taxonomy":"product_tag","embeddable":true,"href":"https:\/\/bogensportdiscount.ch\/it\/wp-json\/wp\/v2\/product_tag?post=421253"}],"curies":[{"name":"wp","href":"https:\/\/api.w.org\/{rel}","templated":true}]}}