{"id":421231,"date":"2026-04-05T15:21:51","date_gmt":"2026-04-05T13:21:51","guid":{"rendered":"https:\/\/bogensportdiscount.ch\/produkt\/shafts-carbon-v-force-elite-v1-id-6-2-250-31-with-ip-nock-12-pk\/"},"modified":"2026-04-19T11:54:36","modified_gmt":"2026-04-19T09:54:36","slug":"victory-carbon-schaft-v-force-elite-v1-id-6-2","status":"publish","type":"product","link":"https:\/\/bogensportdiscount.ch\/it\/prodotto\/victory-carbon-schaft-v-force-elite-v1-id-6-2\/","title":{"rendered":"VICTORY SCHAEFTE CARBON V-FORCE ELITE\/V1 ID 6.2 12\/PK"},"content":{"rendered":"<p>Die Victory V-Force Elite\/V1 Carbon-Sch\u00e4fte mit einem Innendurchmesser von 6.2 mm sind auf den Einsatz bei der Jagd ausgelegt. Sie werden in verschiedenen Spine-St\u00e4rken (250 bis 600) angeboten und lassen sich so auf unterschiedliche Zuggewichte und Zugl\u00e4gen abstimmen.<\/p>\n<p>Der Carbonwerkstoff sorgt f\u00fcr ein geringes Gewicht bei hoher Steifigkeit. Die Sch\u00e4fte werden in den USA gefertigt und sind f\u00fcr Compound- sowie Recurvebogen geeignet.<\/p>\n<ul>\n<li>Innendurchmesser 6.2 mm<\/li>\n<li>Erh\u00e4ltlich in Spine 250, 300, 350, 400, 500 und 600<\/li>\n<li>Costruzione in carbonio per peso ridotto e alta rigidit\u00e0<\/li>\n<li>Prodotto negli Stati Uniti<\/li>\n<\/ul>","protected":false},"excerpt":{"rendered":"<table>\n<tr>\n<th>Propriet\u00e0<\/th>\n<th>Valore<\/th>\n<\/tr>\n<tr>\n<td>Marca<\/td>\n<td>Victory<\/td>\n<\/tr>\n<tr>\n<td>Modello<\/td>\n<td>V-Force Elite\/V1<\/td>\n<\/tr>\n<tr>\n<td>Diametro interno<\/td>\n<td>6.2 mm<\/td>\n<\/tr>\n<tr>\n<td>Spina<\/td>\n<td>250, 300, 350, 400, 500, 600<\/td>\n<\/tr>\n<tr>\n<td>Origine<\/td>\n<td>USA<\/td>\n<\/tr>\n<\/table>","protected":false},"featured_media":492717,"comment_status":"open","ping_status":"closed","template":"","meta":[],"product_brand":[547],"product_cat":[4503],"product_tag":[],"class_list":{"0":"post-421231","1":"product","2":"type-product","3":"status-publish","4":"has-post-thumbnail","6":"product_brand-victory","7":"product_cat-carbon-jagd-schaefte","9":"first","10":"instock","11":"shipping-taxable","12":"purchasable","13":"product-type-variable"},"_links":{"self":[{"href":"https:\/\/bogensportdiscount.ch\/it\/wp-json\/wp\/v2\/product\/421231","targetHints":{"allow":["GET"]}}],"collection":[{"href":"https:\/\/bogensportdiscount.ch\/it\/wp-json\/wp\/v2\/product"}],"about":[{"href":"https:\/\/bogensportdiscount.ch\/it\/wp-json\/wp\/v2\/types\/product"}],"replies":[{"embeddable":true,"href":"https:\/\/bogensportdiscount.ch\/it\/wp-json\/wp\/v2\/comments?post=421231"}],"wp:featuredmedia":[{"embeddable":true,"href":"https:\/\/bogensportdiscount.ch\/it\/wp-json\/wp\/v2\/media\/492717"}],"wp:attachment":[{"href":"https:\/\/bogensportdiscount.ch\/it\/wp-json\/wp\/v2\/media?parent=421231"}],"wp:term":[{"taxonomy":"product_brand","embeddable":true,"href":"https:\/\/bogensportdiscount.ch\/it\/wp-json\/wp\/v2\/product_brand?post=421231"},{"taxonomy":"product_cat","embeddable":true,"href":"https:\/\/bogensportdiscount.ch\/it\/wp-json\/wp\/v2\/product_cat?post=421231"},{"taxonomy":"product_tag","embeddable":true,"href":"https:\/\/bogensportdiscount.ch\/it\/wp-json\/wp\/v2\/product_tag?post=421231"}],"curies":[{"name":"wp","href":"https:\/\/api.w.org\/{rel}","templated":true}]}}