{"id":421221,"date":"2026-04-05T15:21:50","date_gmt":"2026-04-05T13:21:50","guid":{"rendered":"https:\/\/bogensportdiscount.ch\/produkt\/shafts-carbon-v-force-tko-elite-v1-id-6-2-250-31-with-ip-nock-12-pk\/"},"modified":"2026-04-19T11:54:36","modified_gmt":"2026-04-19T09:54:36","slug":"victory-carbon-jagdschaft-v-force-tko-elite-v1-id-6-2","status":"publish","type":"product","link":"https:\/\/bogensportdiscount.ch\/it\/prodotto\/victory-carbon-jagdschaft-v-force-tko-elite-v1-id-6-2\/","title":{"rendered":"VICTORY SCHAEFTE CARBON V-FORCE TKO ELITE\/V1 ID 6.2 12\/PK"},"content":{"rendered":"<p>Die Victory V-Force TKO Elite\/V1 sind Carbon-Jagdsch\u00e4fte mit einem Innendurchmesser (ID) von 6.2 mm. Sie werden in den USA gefertigt und sind speziell auf die Anforderungen der Bogenjagd ausgerichtet. Der kleine Innendurchmesser erm\u00f6glicht den Einsatz von schlanken Jagdspitzen f\u00fcr eine bessere Gel\u00e4ndeg\u00e4ngigkeit und tieferes Eindringen.<\/p>\n<p>Die Sch\u00e4fte sind in vier verschiedenen Spine-St\u00e4rken erh\u00e4ltlich \u2013 250, 300, 350 und 400 \u2013 und decken damit ein breites Spektrum an Zuggewichten und Auszugsl\u00e4ngen ab. Die Carbon-Bauweise sorgt f\u00fcr ein geringes Gewicht bei gleichzeitig hoher Steifigkeit.<\/p>\n<ul>\n<li>Innendurchmesser 6.2 mm f\u00fcr schlanke Jagdspitzen<\/li>\n<li>Erh\u00e4ltlich in Spine 250, 300, 350 und 400<\/li>\n<li>Costruzione in carbonio per peso ridotto e alta rigidit\u00e0<\/li>\n<li>Produzione negli USA<\/li>\n<\/ul>","protected":false},"excerpt":{"rendered":"<p>Die Victory V-Force TKO Elite\/V1 Carbon-Jagdsch\u00e4fte mit einem Innendurchmesser von 6.2 mm sind in den Spine-St\u00e4rken 250, 300, 350 und 400 erh\u00e4ltlich. Hergestellt in den USA bieten sie eine solide Grundlage f\u00fcr die Jagd mit dem Bogen.<\/p>","protected":false},"featured_media":490247,"comment_status":"open","ping_status":"closed","template":"","meta":[],"product_brand":[547],"product_cat":[4503],"product_tag":[],"class_list":{"0":"post-421221","1":"product","2":"type-product","3":"status-publish","4":"has-post-thumbnail","6":"product_brand-victory","7":"product_cat-carbon-jagd-schaefte","9":"first","10":"instock","11":"shipping-taxable","12":"purchasable","13":"product-type-variable"},"_links":{"self":[{"href":"https:\/\/bogensportdiscount.ch\/it\/wp-json\/wp\/v2\/product\/421221","targetHints":{"allow":["GET"]}}],"collection":[{"href":"https:\/\/bogensportdiscount.ch\/it\/wp-json\/wp\/v2\/product"}],"about":[{"href":"https:\/\/bogensportdiscount.ch\/it\/wp-json\/wp\/v2\/types\/product"}],"replies":[{"embeddable":true,"href":"https:\/\/bogensportdiscount.ch\/it\/wp-json\/wp\/v2\/comments?post=421221"}],"wp:featuredmedia":[{"embeddable":true,"href":"https:\/\/bogensportdiscount.ch\/it\/wp-json\/wp\/v2\/media\/490247"}],"wp:attachment":[{"href":"https:\/\/bogensportdiscount.ch\/it\/wp-json\/wp\/v2\/media?parent=421221"}],"wp:term":[{"taxonomy":"product_brand","embeddable":true,"href":"https:\/\/bogensportdiscount.ch\/it\/wp-json\/wp\/v2\/product_brand?post=421221"},{"taxonomy":"product_cat","embeddable":true,"href":"https:\/\/bogensportdiscount.ch\/it\/wp-json\/wp\/v2\/product_cat?post=421221"},{"taxonomy":"product_tag","embeddable":true,"href":"https:\/\/bogensportdiscount.ch\/it\/wp-json\/wp\/v2\/product_tag?post=421221"}],"curies":[{"name":"wp","href":"https:\/\/api.w.org\/{rel}","templated":true}]}}