{"id":421214,"date":"2026-04-05T15:21:49","date_gmt":"2026-04-05T13:21:49","guid":{"rendered":"https:\/\/bogensportdiscount.ch\/produkt\/shafts-carbon-rip-xv-gamer-v3-id-5-2-200-31-with-ip-nock-12-pk\/"},"modified":"2026-04-19T11:54:36","modified_gmt":"2026-04-19T09:54:36","slug":"victory-carbon-jagdschaft-rip-xv-gamer-v3-id-5-2","status":"publish","type":"product","link":"https:\/\/bogensportdiscount.ch\/it\/prodotto\/victory-carbon-jagdschaft-rip-xv-gamer-v3-id-5-2\/","title":{"rendered":"VICTORY SCHAEFTE CARBON RIP XV GAMER\/V3 ID 5.2 12\/PK"},"content":{"rendered":"<p>Der Victory RIP XV Gamer\/V3 ist ein Carbon-Jagdschaft f\u00fcr Bogenj\u00e4ger, der einen Innendurchmesser (ID) von 5.2 mm aufweist. Die Carbon-Bauweise sorgt f\u00fcr ein geringes Gewicht bei hoher Steifigkeit und Geradeausflug.<\/p>\n<p>Der Schaft ist in sechs verschiedenen Spine-Werten erh\u00e4ltlich (200, 250, 300, 350, 400 und 500), wodurch er sich f\u00fcr unterschiedliche Bogenkonfigurationen und Zuggewichte eignet. Der kleinere ID von 5.2 mm erm\u00f6glicht die Verwendung von Mikrogewinden und schlanken Komponenten.<\/p>\n<ul>\n<li>Costruzione in carbonio per peso ridotto<\/li>\n<li>Innendurchmesser 5.2 mm (Mikro-ID)<\/li>\n<li>Spine-Auswahl: 200 bis 500<\/li>\n<li>Adatto per caccia e tiro 3D<\/li>\n<\/ul>","protected":false},"excerpt":{"rendered":"<p>Der Victory RIP XV Gamer\/V3 ist ein Carbon-Jagdschaft mit einem Innenduchmesser von 5.2 mm. Erh\u00e4ltlich in den Spine-St\u00e4rken 200, 250, 300, 350, 400 und 500 f\u00fcr verschiedene Zugl\u00e4ngen und Zuggewichte.<\/p>","protected":false},"featured_media":492719,"comment_status":"open","ping_status":"closed","template":"","meta":[],"product_brand":[547],"product_cat":[4503],"product_tag":[],"class_list":{"0":"post-421214","1":"product","2":"type-product","3":"status-publish","4":"has-post-thumbnail","6":"product_brand-victory","7":"product_cat-carbon-jagd-schaefte","9":"first","10":"outofstock","11":"shipping-taxable","12":"purchasable","13":"product-type-variable"},"_links":{"self":[{"href":"https:\/\/bogensportdiscount.ch\/it\/wp-json\/wp\/v2\/product\/421214","targetHints":{"allow":["GET"]}}],"collection":[{"href":"https:\/\/bogensportdiscount.ch\/it\/wp-json\/wp\/v2\/product"}],"about":[{"href":"https:\/\/bogensportdiscount.ch\/it\/wp-json\/wp\/v2\/types\/product"}],"replies":[{"embeddable":true,"href":"https:\/\/bogensportdiscount.ch\/it\/wp-json\/wp\/v2\/comments?post=421214"}],"wp:featuredmedia":[{"embeddable":true,"href":"https:\/\/bogensportdiscount.ch\/it\/wp-json\/wp\/v2\/media\/492719"}],"wp:attachment":[{"href":"https:\/\/bogensportdiscount.ch\/it\/wp-json\/wp\/v2\/media?parent=421214"}],"wp:term":[{"taxonomy":"product_brand","embeddable":true,"href":"https:\/\/bogensportdiscount.ch\/it\/wp-json\/wp\/v2\/product_brand?post=421214"},{"taxonomy":"product_cat","embeddable":true,"href":"https:\/\/bogensportdiscount.ch\/it\/wp-json\/wp\/v2\/product_cat?post=421214"},{"taxonomy":"product_tag","embeddable":true,"href":"https:\/\/bogensportdiscount.ch\/it\/wp-json\/wp\/v2\/product_tag?post=421214"}],"curies":[{"name":"wp","href":"https:\/\/api.w.org\/{rel}","templated":true}]}}