{"id":420423,"date":"2026-04-05T15:19:55","date_gmt":"2026-04-05T13:19:55","guid":{"rendered":"https:\/\/bogensportdiscount.ch\/produkt\/shafts-carbon-rip-elite-v1-id-5-2-250-31-with-ip-nock-12-pk\/"},"modified":"2026-04-19T11:54:35","modified_gmt":"2026-04-19T09:54:35","slug":"victory-carbon-schaft-rip-elite-v1-id-52","status":"publish","type":"product","link":"https:\/\/bogensportdiscount.ch\/it\/prodotto\/victory-carbon-schaft-rip-elite-v1-id-52\/","title":{"rendered":"VICTORY SCHAEFTE CARBON RIP ELITE\/V1 ID 5.2 12\/PK"},"content":{"rendered":"<p>Der Victory RIP Elite\/V1 ist ein Carbon-Pfeilschaft aus dem Jagdsegment mit einem Innendurchmesser (ID) von 5.2 mm. Der kleine ID erm\u00f6glicht den Einsatz von schlanken Eins\u00e4tzen und Spitzen und unterst\u00fctzt eine pr\u00e4zise Flugbahn auf der Jagd.<\/p>\n<p>Die Sch\u00e4fte sind in f\u00fcnf verschiedenen Spine-Werten erh\u00e4ltlich (250, 300, 350, 400 und 500), sodass sie f\u00fcr ein breites Spektrum an Zuggewichten und Bogenkonfigurationen geeignet sind. Die Carbon-Konstruktion sorgt f\u00fcr ein geringes Gewicht bei gleichzeitig hoher Steifigkeit.<\/p>\n<ul>\n<li>Innendurchmesser: 5.2 mm (ID 5.2)<\/li>\n<li>Verf\u00fcgbare Spines: 250, 300, 350, 400, 500<\/li>\n<li>Costruzione in carbonio per peso ridotto<\/li>\n<li>Progettato per l'uso venatorio<\/li>\n<\/ul>","protected":false},"excerpt":{"rendered":"<p>Der Victory RIP Elite\/V1 ist ein Carbon-Jagdschaft mit einem Innendurchmesser von 5.2 mm. Erh\u00e4ltlich in den Spine-St\u00e4rken 250, 300, 350, 400 und 500 f\u00fcr verschiedene Zuggewichte und Einsatzbereiche.<\/p>","protected":false},"featured_media":492723,"comment_status":"open","ping_status":"closed","template":"","meta":[],"product_brand":[547],"product_cat":[4503],"product_tag":[],"class_list":{"0":"post-420423","1":"product","2":"type-product","3":"status-publish","4":"has-post-thumbnail","6":"product_brand-victory","7":"product_cat-carbon-jagd-schaefte","9":"first","10":"outofstock","11":"shipping-taxable","12":"purchasable","13":"product-type-variable"},"_links":{"self":[{"href":"https:\/\/bogensportdiscount.ch\/it\/wp-json\/wp\/v2\/product\/420423","targetHints":{"allow":["GET"]}}],"collection":[{"href":"https:\/\/bogensportdiscount.ch\/it\/wp-json\/wp\/v2\/product"}],"about":[{"href":"https:\/\/bogensportdiscount.ch\/it\/wp-json\/wp\/v2\/types\/product"}],"replies":[{"embeddable":true,"href":"https:\/\/bogensportdiscount.ch\/it\/wp-json\/wp\/v2\/comments?post=420423"}],"wp:featuredmedia":[{"embeddable":true,"href":"https:\/\/bogensportdiscount.ch\/it\/wp-json\/wp\/v2\/media\/492723"}],"wp:attachment":[{"href":"https:\/\/bogensportdiscount.ch\/it\/wp-json\/wp\/v2\/media?parent=420423"}],"wp:term":[{"taxonomy":"product_brand","embeddable":true,"href":"https:\/\/bogensportdiscount.ch\/it\/wp-json\/wp\/v2\/product_brand?post=420423"},{"taxonomy":"product_cat","embeddable":true,"href":"https:\/\/bogensportdiscount.ch\/it\/wp-json\/wp\/v2\/product_cat?post=420423"},{"taxonomy":"product_tag","embeddable":true,"href":"https:\/\/bogensportdiscount.ch\/it\/wp-json\/wp\/v2\/product_tag?post=420423"}],"curies":[{"name":"wp","href":"https:\/\/api.w.org\/{rel}","templated":true}]}}