{"id":420417,"date":"2026-04-05T15:19:54","date_gmt":"2026-04-05T13:19:54","guid":{"rendered":"https:\/\/bogensportdiscount.ch\/produkt\/shafts-carbon-rip-tko-elite-v1-id-5-2-200-31-with-ip-nock-12-pk\/"},"modified":"2026-04-19T11:54:35","modified_gmt":"2026-04-19T09:54:35","slug":"victory-carbon-jagdschaft-rip-tko-elite-v1-id-5-2","status":"publish","type":"product","link":"https:\/\/bogensportdiscount.ch\/it\/prodotto\/victory-carbon-jagdschaft-rip-tko-elite-v1-id-5-2\/","title":{"rendered":"VICTORY SCHAEFTE CARBON RIP TKO ELITE\/V1 ID 5.2 12\/PK"},"content":{"rendered":"<p>Der Victory RIP TKO Elite\/V1 ist ein Carbon-Jagdschaft mit einem Innendurchmesser von 5.2 mm. Er ist in verschiedenen Spine-St\u00e4rken (200 bis 400) erh\u00e4ltlich und eignet sich damit f\u00fcr unterschiedliche Zuggewichte und Bogensysteme.<\/p>\n<p>Die Carbon-Bauweise sorgt f\u00fcr ein geringes Gewicht bei guter Steifigkeit, was typisch f\u00fcr Jagdsch\u00e4fte dieser Kategorie ist. Die Produktion erfolgt in den USA.<\/p>\n<ul>\n<li>Innendurchmesser 5.2 mm<\/li>\n<li>Erh\u00e4ltlich in Spine 200, 250, 300, 350 und 400<\/li>\n<li>Carbon-Konstruktion<\/li>\n<li>Prodotto negli Stati Uniti<\/li>\n<\/ul>","protected":false},"excerpt":{"rendered":"<table>\n<tr>\n<th>Propriet\u00e0<\/th>\n<th>Valore<\/th>\n<\/tr>\n<tr>\n<td>Marca<\/td>\n<td>Victory<\/td>\n<\/tr>\n<tr>\n<td>Modello<\/td>\n<td>RIP TKO Elite\/V1<\/td>\n<\/tr>\n<tr>\n<td>Diametro interno<\/td>\n<td>5.2<\/td>\n<\/tr>\n<tr>\n<td>Spina<\/td>\n<td>200, 250, 300, 350, 400<\/td>\n<\/tr>\n<tr>\n<td>Origine<\/td>\n<td>USA<\/td>\n<\/tr>\n<\/table>","protected":false},"featured_media":492725,"comment_status":"open","ping_status":"closed","template":"","meta":[],"product_brand":[547],"product_cat":[4503],"product_tag":[],"class_list":{"0":"post-420417","1":"product","2":"type-product","3":"status-publish","4":"has-post-thumbnail","6":"product_brand-victory","7":"product_cat-carbon-jagd-schaefte","9":"first","10":"instock","11":"shipping-taxable","12":"purchasable","13":"product-type-variable"},"_links":{"self":[{"href":"https:\/\/bogensportdiscount.ch\/it\/wp-json\/wp\/v2\/product\/420417","targetHints":{"allow":["GET"]}}],"collection":[{"href":"https:\/\/bogensportdiscount.ch\/it\/wp-json\/wp\/v2\/product"}],"about":[{"href":"https:\/\/bogensportdiscount.ch\/it\/wp-json\/wp\/v2\/types\/product"}],"replies":[{"embeddable":true,"href":"https:\/\/bogensportdiscount.ch\/it\/wp-json\/wp\/v2\/comments?post=420417"}],"wp:featuredmedia":[{"embeddable":true,"href":"https:\/\/bogensportdiscount.ch\/it\/wp-json\/wp\/v2\/media\/492725"}],"wp:attachment":[{"href":"https:\/\/bogensportdiscount.ch\/it\/wp-json\/wp\/v2\/media?parent=420417"}],"wp:term":[{"taxonomy":"product_brand","embeddable":true,"href":"https:\/\/bogensportdiscount.ch\/it\/wp-json\/wp\/v2\/product_brand?post=420417"},{"taxonomy":"product_cat","embeddable":true,"href":"https:\/\/bogensportdiscount.ch\/it\/wp-json\/wp\/v2\/product_cat?post=420417"},{"taxonomy":"product_tag","embeddable":true,"href":"https:\/\/bogensportdiscount.ch\/it\/wp-json\/wp\/v2\/product_tag?post=420417"}],"curies":[{"name":"wp","href":"https:\/\/api.w.org\/{rel}","templated":true}]}}