{"id":420405,"date":"2026-04-05T15:19:53","date_gmt":"2026-04-05T13:19:53","guid":{"rendered":"https:\/\/bogensportdiscount.ch\/produkt\/shafts-carbon-rip-ss-gamer-v3-id-5-2-200-31-with-ip-nock-12-pk\/"},"modified":"2026-04-19T11:54:35","modified_gmt":"2026-04-19T09:54:35","slug":"victory-carbon-jagdschaft-rip-ss-gamer-v3-id-52","status":"publish","type":"product","link":"https:\/\/bogensportdiscount.ch\/it\/prodotto\/victory-carbon-jagdschaft-rip-ss-gamer-v3-id-52\/","title":{"rendered":"VICTORY SCHAEFTE CARBON RIP SS GAMER\/V3 ID 5.2 12\/PK"},"content":{"rendered":"<p>Der Victory RIP SS Gamer\/V3 ID 5.2 ist ein Carbon-Jagdschaft aus US-amerikanischer Fertigung. Der Innen-Durchmesser von 5.2 mm erm\u00f6glicht die Verwendung von Eins\u00e4tzen im Standardformat und sorgt f\u00fcr eine solide Basis beim Aufbau jagdtauglicher Pfeile.<\/p>\n<p>Das Modell ist in f\u00fcnf Spine-St\u00e4rken (200, 250, 300, 350 und 400) erh\u00e4ltlich, wodurch es sich f\u00fcr ein breites Spektrum an Zuggewichten und Bogentypen eignet. Die Carbonfaserkonstruktion bietet ein g\u00fcnstiges Verh\u00e4ltnis zwischen Gewicht und Steifigkeit.<\/p>\n<ul>\n<li>Innen-Durchmesser: 5.2 mm<\/li>\n<li>Verf\u00fcgbare Spine-St\u00e4rken: 200, 250, 300, 350, 400<\/li>\n<li>Materiale: carbonio<\/li>\n<li>Origine: USA<\/li>\n<\/ul>","protected":false},"excerpt":{"rendered":"<p>Der Victory RIP SS Gamer\/V3 ist ein Carbon-Jagdschaft mit einem Innen-Durchmesser von 5.2 mm. Erh\u00e4ltlich in den Spine-St\u00e4rken 200, 250, 300, 350 und 400 f\u00fcr unterschiedliche Zuggewichte und Anwendungsbereiche.<\/p>","protected":false},"featured_media":492726,"comment_status":"open","ping_status":"closed","template":"","meta":[],"product_brand":[547],"product_cat":[4503],"product_tag":[],"class_list":{"0":"post-420405","1":"product","2":"type-product","3":"status-publish","4":"has-post-thumbnail","6":"product_brand-victory","7":"product_cat-carbon-jagd-schaefte","9":"first","10":"instock","11":"shipping-taxable","12":"purchasable","13":"product-type-variable"},"_links":{"self":[{"href":"https:\/\/bogensportdiscount.ch\/it\/wp-json\/wp\/v2\/product\/420405","targetHints":{"allow":["GET"]}}],"collection":[{"href":"https:\/\/bogensportdiscount.ch\/it\/wp-json\/wp\/v2\/product"}],"about":[{"href":"https:\/\/bogensportdiscount.ch\/it\/wp-json\/wp\/v2\/types\/product"}],"replies":[{"embeddable":true,"href":"https:\/\/bogensportdiscount.ch\/it\/wp-json\/wp\/v2\/comments?post=420405"}],"wp:featuredmedia":[{"embeddable":true,"href":"https:\/\/bogensportdiscount.ch\/it\/wp-json\/wp\/v2\/media\/492726"}],"wp:attachment":[{"href":"https:\/\/bogensportdiscount.ch\/it\/wp-json\/wp\/v2\/media?parent=420405"}],"wp:term":[{"taxonomy":"product_brand","embeddable":true,"href":"https:\/\/bogensportdiscount.ch\/it\/wp-json\/wp\/v2\/product_brand?post=420405"},{"taxonomy":"product_cat","embeddable":true,"href":"https:\/\/bogensportdiscount.ch\/it\/wp-json\/wp\/v2\/product_cat?post=420405"},{"taxonomy":"product_tag","embeddable":true,"href":"https:\/\/bogensportdiscount.ch\/it\/wp-json\/wp\/v2\/product_tag?post=420405"}],"curies":[{"name":"wp","href":"https:\/\/api.w.org\/{rel}","templated":true}]}}