{"id":420399,"date":"2026-04-05T15:19:52","date_gmt":"2026-04-05T13:19:52","guid":{"rendered":"https:\/\/bogensportdiscount.ch\/produkt\/shafts-carbon-rip-ss-elite-v1-id-5-2-200-31-with-ip-nock-12-pk\/"},"modified":"2026-04-19T11:54:35","modified_gmt":"2026-04-19T09:54:35","slug":"victory-carbon-rip-ss-elite-v1-id-52","status":"publish","type":"product","link":"https:\/\/bogensportdiscount.ch\/it\/prodotto\/victory-carbon-rip-ss-elite-v1-id-52\/","title":{"rendered":"VICTORY SCHAEFTE CARBON RIP SS ELITE\/V1 ID 5.2 12\/PK"},"content":{"rendered":"<p>Der VICTORY Carbon Rip SS Elite\/V1 ist ein hochwertiger Carbonschaft f\u00fcr die Jagd mit stabiler Konstruktion und pr\u00e4zisem Flugverhalten. Mit einem Innendurchmesser (ID) von 5.2 mm bietet dieser Schaft vielseitige Einsatzm\u00f6glichkeiten f\u00fcr unterschiedliche Bogenkonfigurationen.<\/p>\n<p>Der Schaft ist in f\u00fcnf verschiedenen Spine-Werten (200, 250, 300, 350, 400) erh\u00e4ltlich, sodass du die optimale Steifigkeit f\u00fcr deinen Bogen und deine Pfeile ausw\u00e4hlen kannst. Die Elite\/V1-Serie steht f\u00fcr bew\u00e4hrte Qualit\u00e4t und Zuverl\u00e4ssigkeit im Jagdeinsatz.<\/p>","protected":false},"excerpt":{"rendered":"<table>\n<tr>\n<th>Propriet\u00e0<\/th>\n<th>Valore<\/th>\n<\/tr>\n<tr>\n<td>Marca<\/td>\n<td>Victory<\/td>\n<\/tr>\n<tr>\n<td>Paese di origine<\/td>\n<td>USA<\/td>\n<\/tr>\n<tr>\n<td>Verf\u00fcgbare Spine-Werte<\/td>\n<td>200, 250, 300, 350, 400<\/td>\n<\/tr>\n<\/table>","protected":false},"featured_media":490256,"comment_status":"open","ping_status":"closed","template":"","meta":[],"product_brand":[547],"product_cat":[4503],"product_tag":[],"class_list":{"0":"post-420399","1":"product","2":"type-product","3":"status-publish","4":"has-post-thumbnail","6":"product_brand-victory","7":"product_cat-carbon-jagd-schaefte","9":"first","10":"instock","11":"shipping-taxable","12":"purchasable","13":"product-type-variable"},"_links":{"self":[{"href":"https:\/\/bogensportdiscount.ch\/it\/wp-json\/wp\/v2\/product\/420399","targetHints":{"allow":["GET"]}}],"collection":[{"href":"https:\/\/bogensportdiscount.ch\/it\/wp-json\/wp\/v2\/product"}],"about":[{"href":"https:\/\/bogensportdiscount.ch\/it\/wp-json\/wp\/v2\/types\/product"}],"replies":[{"embeddable":true,"href":"https:\/\/bogensportdiscount.ch\/it\/wp-json\/wp\/v2\/comments?post=420399"}],"wp:featuredmedia":[{"embeddable":true,"href":"https:\/\/bogensportdiscount.ch\/it\/wp-json\/wp\/v2\/media\/490256"}],"wp:attachment":[{"href":"https:\/\/bogensportdiscount.ch\/it\/wp-json\/wp\/v2\/media?parent=420399"}],"wp:term":[{"taxonomy":"product_brand","embeddable":true,"href":"https:\/\/bogensportdiscount.ch\/it\/wp-json\/wp\/v2\/product_brand?post=420399"},{"taxonomy":"product_cat","embeddable":true,"href":"https:\/\/bogensportdiscount.ch\/it\/wp-json\/wp\/v2\/product_cat?post=420399"},{"taxonomy":"product_tag","embeddable":true,"href":"https:\/\/bogensportdiscount.ch\/it\/wp-json\/wp\/v2\/product_tag?post=420399"}],"curies":[{"name":"wp","href":"https:\/\/api.w.org\/{rel}","templated":true}]}}