{"id":418530,"date":"2026-04-05T15:15:55","date_gmt":"2026-04-05T13:15:55","guid":{"rendered":"https:\/\/bogensportdiscount.ch\/produkt\/chest-guard-protect-film-blue\/"},"modified":"2026-04-17T19:13:07","modified_gmt":"2026-04-17T17:13:07","slug":"fivics-brustschutz-protect-film","status":"publish","type":"product","link":"https:\/\/bogensportdiscount.ch\/it\/prodotto\/fivics-brustschutz-protect-film\/","title":{"rendered":"PELLICOLA PROTETTIVA PER IL PETTO FIVICS"},"content":{"rendered":"<p>Der FIVICS Brustschutz Protect Film sch\u00fctzt Bogensch\u00fctzen beim Training und Wettkampf vor dem Kontakt der Bogensehne mit der Brust. Er eignet sich sowohl f\u00fcr Recurve- als auch f\u00fcr andere Bogensch\u00fctzen, die eine leichte und flexible Schutzl\u00f6sung bevorzugen.<\/p>\n<p>Das Produkt ist in den Farben Blau und Weiss erh\u00e4ltlich und l\u00e4sst sich einfach anlegen. Als Produkt der Marke FIVICS steht er f\u00fcr solide Verarbeitung im Bereich Bogensport-Ausr\u00fcstung.<\/p>\n<ul>\n<li>Schutz vor Sehnenkontakt an der Brust<\/li>\n<li>Leichte, flexible Konstruktion<\/li>\n<li>Erh\u00e4ltlich in Blau und Weiss<\/li>\n<li>Von der etablierten Bogensport-Marke FIVICS<\/li>\n<\/ul>","protected":false},"excerpt":{"rendered":"<p>Der FIVICS Brustschutz Protect Film ist ein Schutzfilm f\u00fcr Bogensch\u00fctzen, der die Brust vor dem Bogensehnen-Kontakt sch\u00fctzt. Erh\u00e4ltlich in den Farben Blau und Weiss.<\/p>","protected":false},"featured_media":451679,"comment_status":"open","ping_status":"closed","template":"","meta":[],"product_brand":[429],"product_cat":[4180],"product_tag":[],"class_list":{"0":"post-418530","1":"product","2":"type-product","3":"status-publish","4":"has-post-thumbnail","6":"product_brand-fivics","7":"product_cat-brustschutz","9":"first","10":"instock","11":"shipping-taxable","12":"purchasable","13":"product-type-variable"},"_links":{"self":[{"href":"https:\/\/bogensportdiscount.ch\/it\/wp-json\/wp\/v2\/product\/418530","targetHints":{"allow":["GET"]}}],"collection":[{"href":"https:\/\/bogensportdiscount.ch\/it\/wp-json\/wp\/v2\/product"}],"about":[{"href":"https:\/\/bogensportdiscount.ch\/it\/wp-json\/wp\/v2\/types\/product"}],"replies":[{"embeddable":true,"href":"https:\/\/bogensportdiscount.ch\/it\/wp-json\/wp\/v2\/comments?post=418530"}],"wp:featuredmedia":[{"embeddable":true,"href":"https:\/\/bogensportdiscount.ch\/it\/wp-json\/wp\/v2\/media\/451679"}],"wp:attachment":[{"href":"https:\/\/bogensportdiscount.ch\/it\/wp-json\/wp\/v2\/media?parent=418530"}],"wp:term":[{"taxonomy":"product_brand","embeddable":true,"href":"https:\/\/bogensportdiscount.ch\/it\/wp-json\/wp\/v2\/product_brand?post=418530"},{"taxonomy":"product_cat","embeddable":true,"href":"https:\/\/bogensportdiscount.ch\/it\/wp-json\/wp\/v2\/product_cat?post=418530"},{"taxonomy":"product_tag","embeddable":true,"href":"https:\/\/bogensportdiscount.ch\/it\/wp-json\/wp\/v2\/product_tag?post=418530"}],"curies":[{"name":"wp","href":"https:\/\/api.w.org\/{rel}","templated":true}]}}