{"id":417643,"date":"2026-04-05T15:14:29","date_gmt":"2026-04-05T13:14:29","guid":{"rendered":"https:\/\/bogensportdiscount.ch\/produkt\/hunting-bows-spirit-hunter-60-rh-20-lbs-whisper-string-incl\/"},"modified":"2026-04-17T15:42:30","modified_gmt":"2026-04-17T13:42:30","slug":"bearpaw-jagdbogen-spirit-hunter-60","status":"publish","type":"product","link":"https:\/\/bogensportdiscount.ch\/it\/prodotto\/bearpaw-jagdbogen-spirit-hunter-60\/","title":{"rendered":"ARCO RICURVO MONOPEZZO BEARPAW SPIRIT HUNTER"},"content":{"rendered":"<p>Der BEARPAW Spirit Hunter 60&#8243; ist ein einteiliger Recurvebogen aus dem traditionellen Jagdbogensegment. Mit einer Bogenl\u00e4nge von 60 Zoll eignet er sich f\u00fcr den Einsatz in der Jagd sowie f\u00fcr traditionelles Bogenschiessen.<\/p>\n<p>Der Bogen ist in einer breiten Auswahl an Zuggewichten von 20 bis 55 lbs erh\u00e4ltlich und deckt damit sowohl Einsteiger als auch erfahrene Bogensch\u00fctzen ab. Sowohl Rechts- als auch Linksh\u00e4nder werden mit passenden Ausf\u00fchrungen ber\u00fccksichtigt.<\/p>\n<ul>\n<li>Bogenl\u00e4nge: 60 Zoll<\/li>\n<li>Zuggewichte: 20 bis 55 lbs<\/li>\n<li>F\u00fcr Rechts- und Linkshand erh\u00e4ltlich<\/li>\n<li>Kategorie: Einteiliger Jagdbogen<\/li>\n<\/ul>","protected":false},"excerpt":{"rendered":"<p><strong>Marchio:<\/strong> Zampa d'orso<\/p>","protected":false},"featured_media":438388,"comment_status":"open","ping_status":"closed","template":"","meta":[],"product_brand":[442],"product_cat":[4274],"product_tag":[],"class_list":{"0":"post-417643","1":"product","2":"type-product","3":"status-publish","4":"has-post-thumbnail","6":"product_brand-bearpaw","7":"product_cat-jagdboegen","9":"first","10":"instock","11":"shipping-taxable","12":"purchasable","13":"product-type-variable"},"_links":{"self":[{"href":"https:\/\/bogensportdiscount.ch\/it\/wp-json\/wp\/v2\/product\/417643","targetHints":{"allow":["GET"]}}],"collection":[{"href":"https:\/\/bogensportdiscount.ch\/it\/wp-json\/wp\/v2\/product"}],"about":[{"href":"https:\/\/bogensportdiscount.ch\/it\/wp-json\/wp\/v2\/types\/product"}],"replies":[{"embeddable":true,"href":"https:\/\/bogensportdiscount.ch\/it\/wp-json\/wp\/v2\/comments?post=417643"}],"wp:featuredmedia":[{"embeddable":true,"href":"https:\/\/bogensportdiscount.ch\/it\/wp-json\/wp\/v2\/media\/438388"}],"wp:attachment":[{"href":"https:\/\/bogensportdiscount.ch\/it\/wp-json\/wp\/v2\/media?parent=417643"}],"wp:term":[{"taxonomy":"product_brand","embeddable":true,"href":"https:\/\/bogensportdiscount.ch\/it\/wp-json\/wp\/v2\/product_brand?post=417643"},{"taxonomy":"product_cat","embeddable":true,"href":"https:\/\/bogensportdiscount.ch\/it\/wp-json\/wp\/v2\/product_cat?post=417643"},{"taxonomy":"product_tag","embeddable":true,"href":"https:\/\/bogensportdiscount.ch\/it\/wp-json\/wp\/v2\/product_tag?post=417643"}],"curies":[{"name":"wp","href":"https:\/\/api.w.org\/{rel}","templated":true}]}}