{"id":417626,"date":"2026-04-05T15:14:27","date_gmt":"2026-04-05T13:14:27","guid":{"rendered":"https:\/\/bogensportdiscount.ch\/produkt\/hunting-bows-nightfall-breaker-52-rh-20-lbs-whisper-string-incl\/"},"modified":"2026-04-17T15:42:30","modified_gmt":"2026-04-17T13:42:30","slug":"bearpaw-jagdbogen-nightfall-breaker-52","status":"publish","type":"product","link":"https:\/\/bogensportdiscount.ch\/it\/prodotto\/bearpaw-jagdbogen-nightfall-breaker-52\/","title":{"rendered":"ARCO RICURVO MONOPEZZO BEARPAW NIGHTFALL BREAKER"},"content":{"rendered":"<p>Der BEARPAW Nightfall Breaker ist ein einteiliger traditioneller Jagdbogen mit einer kompakten Wurfl\u00e4nge von 52&#8243;. Diese Bogenl\u00e4nge macht ihn besonders handlich im Gel\u00e4nde und eignet sich gut f\u00fcr den Einsatz auf der Jagd, wo Man\u00f6vrierbarkeit gefragt ist.<\/p>\n<p>Der Bogen ist f\u00fcr Rechts- und Linksh\u00e4nder erh\u00e4ltlich und wird in einem breiten Zuggewichtsbereich von 20 bis 55 LBS angeboten, sodass er sowohl f\u00fcr Einsteiger als auch f\u00fcr erfahrene Sch\u00fctzen geeignet ist.<\/p>\n<ul>\n<li>Wurfl\u00e4nge: 52&#8243;<\/li>\n<li>Zuggewichte: 20\u201355 LBS<\/li>\n<li>F\u00fcr Links- und Rechtsh\u00e4nder erh\u00e4ltlich<\/li>\n<li>Einteiliger Aufbau f\u00fcr traditionelles Bogenschiessen<\/li>\n<\/ul>","protected":false},"excerpt":{"rendered":"<p><strong>Marchio:<\/strong> Zampa d'orso<\/p>","protected":false},"featured_media":438392,"comment_status":"open","ping_status":"closed","template":"","meta":[],"product_brand":[442],"product_cat":[4274],"product_tag":[],"class_list":{"0":"post-417626","1":"product","2":"type-product","3":"status-publish","4":"has-post-thumbnail","6":"product_brand-bearpaw","7":"product_cat-jagdboegen","9":"first","10":"instock","11":"shipping-taxable","12":"purchasable","13":"product-type-variable"},"_links":{"self":[{"href":"https:\/\/bogensportdiscount.ch\/it\/wp-json\/wp\/v2\/product\/417626","targetHints":{"allow":["GET"]}}],"collection":[{"href":"https:\/\/bogensportdiscount.ch\/it\/wp-json\/wp\/v2\/product"}],"about":[{"href":"https:\/\/bogensportdiscount.ch\/it\/wp-json\/wp\/v2\/types\/product"}],"replies":[{"embeddable":true,"href":"https:\/\/bogensportdiscount.ch\/it\/wp-json\/wp\/v2\/comments?post=417626"}],"wp:featuredmedia":[{"embeddable":true,"href":"https:\/\/bogensportdiscount.ch\/it\/wp-json\/wp\/v2\/media\/438392"}],"wp:attachment":[{"href":"https:\/\/bogensportdiscount.ch\/it\/wp-json\/wp\/v2\/media?parent=417626"}],"wp:term":[{"taxonomy":"product_brand","embeddable":true,"href":"https:\/\/bogensportdiscount.ch\/it\/wp-json\/wp\/v2\/product_brand?post=417626"},{"taxonomy":"product_cat","embeddable":true,"href":"https:\/\/bogensportdiscount.ch\/it\/wp-json\/wp\/v2\/product_cat?post=417626"},{"taxonomy":"product_tag","embeddable":true,"href":"https:\/\/bogensportdiscount.ch\/it\/wp-json\/wp\/v2\/product_tag?post=417626"}],"curies":[{"name":"wp","href":"https:\/\/api.w.org\/{rel}","templated":true}]}}