{"id":417609,"date":"2026-04-05T15:14:25","date_gmt":"2026-04-05T13:14:25","guid":{"rendered":"https:\/\/bogensportdiscount.ch\/produkt\/hunting-bows-breaker-52-rh-20-lbs-whisper-string-incl\/"},"modified":"2026-04-17T15:42:30","modified_gmt":"2026-04-17T13:42:30","slug":"bearpaw-jagdbogen-breaker-52","status":"publish","type":"product","link":"https:\/\/bogensportdiscount.ch\/it\/prodotto\/bearpaw-jagdbogen-breaker-52\/","title":{"rendered":"ARCO RICURVO MONOPEZZO BEARPAW BREAKER"},"content":{"rendered":"<p>Der BEARPAW Breaker 52&#8243; ist ein einteiliger Recurve-Jagdbogen aus dem Sortiment von BEARPAW. Mit einer Bogenl\u00e4nge von 52 Zoll eignet er sich f\u00fcr den Einsatz auf der Jagd sowie f\u00fcr traditionelle Bogensch\u00fctzen, die einen kompakten und handlichen Bogen bevorzugen.<\/p>\n<p>Das Modell ist in Zuggewichten von 20 bis 55 lbs erh\u00e4ltlich und deckt damit ein breites Spektrum an Anforderungen ab \u2013 von der Einsteigerkonfiguration bis hin zu jagdtauglichen St\u00e4rken. Er ist sowohl f\u00fcr Rechts- als auch f\u00fcr Linksh\u00e4nder verf\u00fcgbar.<\/p>\n<ul>\n<li>Einteiliger Recurve-Jagdbogen<\/li>\n<li>Bogenl\u00e4nge 52 Zoll<\/li>\n<li>Zuggewichte 20\u201355 lbs w\u00e4hlbar<\/li>\n<li>Erh\u00e4ltlich f\u00fcr Links- und Rechtsh\u00e4nder<\/li>\n<\/ul>","protected":false},"excerpt":{"rendered":"<p><strong>Marchio:<\/strong> Zampa d'orso<\/p>","protected":false},"featured_media":438396,"comment_status":"open","ping_status":"closed","template":"","meta":[],"product_brand":[442],"product_cat":[4274],"product_tag":[],"class_list":{"0":"post-417609","1":"product","2":"type-product","3":"status-publish","4":"has-post-thumbnail","6":"product_brand-bearpaw","7":"product_cat-jagdboegen","9":"first","10":"instock","11":"shipping-taxable","12":"purchasable","13":"product-type-variable"},"_links":{"self":[{"href":"https:\/\/bogensportdiscount.ch\/it\/wp-json\/wp\/v2\/product\/417609","targetHints":{"allow":["GET"]}}],"collection":[{"href":"https:\/\/bogensportdiscount.ch\/it\/wp-json\/wp\/v2\/product"}],"about":[{"href":"https:\/\/bogensportdiscount.ch\/it\/wp-json\/wp\/v2\/types\/product"}],"replies":[{"embeddable":true,"href":"https:\/\/bogensportdiscount.ch\/it\/wp-json\/wp\/v2\/comments?post=417609"}],"wp:featuredmedia":[{"embeddable":true,"href":"https:\/\/bogensportdiscount.ch\/it\/wp-json\/wp\/v2\/media\/438396"}],"wp:attachment":[{"href":"https:\/\/bogensportdiscount.ch\/it\/wp-json\/wp\/v2\/media?parent=417609"}],"wp:term":[{"taxonomy":"product_brand","embeddable":true,"href":"https:\/\/bogensportdiscount.ch\/it\/wp-json\/wp\/v2\/product_brand?post=417609"},{"taxonomy":"product_cat","embeddable":true,"href":"https:\/\/bogensportdiscount.ch\/it\/wp-json\/wp\/v2\/product_cat?post=417609"},{"taxonomy":"product_tag","embeddable":true,"href":"https:\/\/bogensportdiscount.ch\/it\/wp-json\/wp\/v2\/product_tag?post=417609"}],"curies":[{"name":"wp","href":"https:\/\/api.w.org\/{rel}","templated":true}]}}