{"id":417158,"date":"2026-04-05T15:13:39","date_gmt":"2026-04-05T13:13:39","guid":{"rendered":"https:\/\/bogensportdiscount.ch\/produkt\/accessories-carbon-cones-id-2-5mm-fluo-yellow-50-pk\/"},"modified":"2026-04-17T13:48:53","modified_gmt":"2026-04-17T11:48:53","slug":"alexbow-zubehoer-carbon-kegel-id-2-5mm","status":"publish","type":"product","link":"https:\/\/bogensportdiscount.ch\/it\/prodotto\/alexbow-zubehoer-carbon-kegel-id-2-5mm\/","title":{"rendered":"ACCESSORI ALEXBOW CONI IN CARBONIO ID 2,5 MM 50\/PK"},"content":{"rendered":"<p>Die ALEXBOW Carbon Kegel mit ID 2.5mm sind Zubeh\u00f6rteile f\u00fcr Blasrohre und werden als Komponente f\u00fcr Blasrohr-Munition verwendet. Der Innendurchmesser von 2.5mm sorgt f\u00fcr eine pr\u00e4zise Passung an kompatiblen Pfeilen oder Darts.<\/p>\n<p>Die Kegel sind aus Carbon gefertigt und bieten damit eine leichte und stabile Konstruktion. Sie sind in sechs verschiedenen Farben erh\u00e4ltlich, was eine einfache Sortierung oder farbliche Unterscheidung von Munitionstypen erm\u00f6glicht.<\/p>\n<ul>\n<li>Innendurchmesser: 2.5mm<\/li>\n<li>Materiale: carbonio<\/li>\n<li>Erh\u00e4ltlich in 6 Farben: Schwarz, Blau, Orange, Pink, Rot, Gelb<\/li>\n<li>Hergestellt in Tschechien<\/li>\n<\/ul>","protected":false},"excerpt":{"rendered":"<p>Carbon Kegel von ALEXBOW mit einem Innendurchmesser von 2.5mm, passend f\u00fcr Blasrohr-Munition. Erh\u00e4ltlich in den Farben Schwarz, Blau, Orange, Pink, Rot und Gelb. Hergestellt in Tschechien.<\/p>","protected":false},"featured_media":452027,"comment_status":"open","ping_status":"closed","template":"","meta":[],"product_brand":[455],"product_cat":[4580],"product_tag":[],"class_list":{"0":"post-417158","1":"product","2":"type-product","3":"status-publish","4":"has-post-thumbnail","6":"product_brand-alexbow","7":"product_cat-zubehoer-einzelteile-blasrohre-zubehoer","9":"first","10":"instock","11":"shipping-taxable","12":"purchasable","13":"product-type-variable"},"_links":{"self":[{"href":"https:\/\/bogensportdiscount.ch\/it\/wp-json\/wp\/v2\/product\/417158","targetHints":{"allow":["GET"]}}],"collection":[{"href":"https:\/\/bogensportdiscount.ch\/it\/wp-json\/wp\/v2\/product"}],"about":[{"href":"https:\/\/bogensportdiscount.ch\/it\/wp-json\/wp\/v2\/types\/product"}],"replies":[{"embeddable":true,"href":"https:\/\/bogensportdiscount.ch\/it\/wp-json\/wp\/v2\/comments?post=417158"}],"wp:featuredmedia":[{"embeddable":true,"href":"https:\/\/bogensportdiscount.ch\/it\/wp-json\/wp\/v2\/media\/452027"}],"wp:attachment":[{"href":"https:\/\/bogensportdiscount.ch\/it\/wp-json\/wp\/v2\/media?parent=417158"}],"wp:term":[{"taxonomy":"product_brand","embeddable":true,"href":"https:\/\/bogensportdiscount.ch\/it\/wp-json\/wp\/v2\/product_brand?post=417158"},{"taxonomy":"product_cat","embeddable":true,"href":"https:\/\/bogensportdiscount.ch\/it\/wp-json\/wp\/v2\/product_cat?post=417158"},{"taxonomy":"product_tag","embeddable":true,"href":"https:\/\/bogensportdiscount.ch\/it\/wp-json\/wp\/v2\/product_tag?post=417158"}],"curies":[{"name":"wp","href":"https:\/\/api.w.org\/{rel}","templated":true}]}}