{"id":417115,"date":"2026-04-05T15:13:35","date_gmt":"2026-04-05T13:13:35","guid":{"rendered":"https:\/\/bogensportdiscount.ch\/produkt\/lighted-shift-nocks-universal-red-3-pk\/"},"modified":"2026-04-17T13:48:52","modified_gmt":"2026-04-17T11:48:52","slug":"nockturnal-leuchtnocken-shift-nocks-universal","status":"publish","type":"product","link":"https:\/\/bogensportdiscount.ch\/it\/prodotto\/nockturnal-leuchtnocken-shift-nocks-universal\/","title":{"rendered":"COCCHE ILLUMINATE NOCKTURNAL UNIVERSALI - 3\/PZ."},"content":{"rendered":"<p>Die Nockturnal Shift Nocks Universal sind Leuchtnocken f\u00fcr Bogensch\u00fctzen, die ihre Pfeile nach dem Schuss schnell wiederfinden m\u00f6chten. Dank der integrierten Beleuchtung leuchten die Nocken beim Abschuss auf und bleiben sichtbar, bis der Pfeil geborgen wird.<\/p>\n<p>Als universelle Nocken sind sie f\u00fcr eine breite Palette von Pfeilsch\u00e4ften geeignet und lassen sich einfach montieren. Sie sind in den Farben Gr\u00fcn und Rot erh\u00e4ltlich, sodass eine pers\u00f6nliche Unterscheidung der eigenen Pfeile m\u00f6glich ist.<\/p>\n<ul>\n<li>Integrierte Beleuchtung zur einfachen Pfeilsuche<\/li>\n<li>Universelle Passform f\u00fcr verschiedene Pfeilsch\u00e4fte<\/li>\n<li>Erh\u00e4ltlich in Gr\u00fcn und Rot<\/li>\n<li>Prodotto negli Stati Uniti<\/li>\n<\/ul>","protected":false},"excerpt":{"rendered":"<p>Die Nockturnal Shift Nocks Universal sind beleuchtete Nocken f\u00fcr den universellen Einsatz. Sie sind in den Farben Gr\u00fcn und Rot erh\u00e4ltlich und eignen sich f\u00fcr verschiedene Pfeilsch\u00e4fte. Die integrierte Leuchtfunktion erleichtert das Auffinden von Pfeilen nach dem Schuss.<\/p>","protected":false},"featured_media":453631,"comment_status":"open","ping_status":"closed","template":"","meta":[],"product_brand":[589],"product_cat":[4254],"product_tag":[],"class_list":{"0":"post-417115","1":"product","2":"type-product","3":"status-publish","4":"has-post-thumbnail","6":"product_brand-nockturnal","7":"product_cat-leuchtnocken-vanes-nocks-wraps","9":"first","10":"instock","11":"shipping-taxable","12":"purchasable","13":"product-type-variable"},"_links":{"self":[{"href":"https:\/\/bogensportdiscount.ch\/it\/wp-json\/wp\/v2\/product\/417115","targetHints":{"allow":["GET"]}}],"collection":[{"href":"https:\/\/bogensportdiscount.ch\/it\/wp-json\/wp\/v2\/product"}],"about":[{"href":"https:\/\/bogensportdiscount.ch\/it\/wp-json\/wp\/v2\/types\/product"}],"replies":[{"embeddable":true,"href":"https:\/\/bogensportdiscount.ch\/it\/wp-json\/wp\/v2\/comments?post=417115"}],"wp:featuredmedia":[{"embeddable":true,"href":"https:\/\/bogensportdiscount.ch\/it\/wp-json\/wp\/v2\/media\/453631"}],"wp:attachment":[{"href":"https:\/\/bogensportdiscount.ch\/it\/wp-json\/wp\/v2\/media?parent=417115"}],"wp:term":[{"taxonomy":"product_brand","embeddable":true,"href":"https:\/\/bogensportdiscount.ch\/it\/wp-json\/wp\/v2\/product_brand?post=417115"},{"taxonomy":"product_cat","embeddable":true,"href":"https:\/\/bogensportdiscount.ch\/it\/wp-json\/wp\/v2\/product_cat?post=417115"},{"taxonomy":"product_tag","embeddable":true,"href":"https:\/\/bogensportdiscount.ch\/it\/wp-json\/wp\/v2\/product_tag?post=417115"}],"curies":[{"name":"wp","href":"https:\/\/api.w.org\/{rel}","templated":true}]}}