{"id":417099,"date":"2026-04-05T15:13:33","date_gmt":"2026-04-05T13:13:33","guid":{"rendered":"https:\/\/bogensportdiscount.ch\/produkt\/chestguard-tec-x-small-rh\/"},"modified":"2026-04-17T13:48:52","modified_gmt":"2026-04-17T11:48:52","slug":"avalon-brustschutz-tec","status":"publish","type":"product","link":"https:\/\/bogensportdiscount.ch\/it\/prodotto\/avalon-brustschutz-tec\/","title":{"rendered":"AVALON CHESTGUARD TEC"},"content":{"rendered":"<p>Der Avalon Brustschutz Tec ist ein Brustschutz f\u00fcr Bogensch\u00fctzinnen und Bogensch\u00fctzen, der die Kleidung und den K\u00f6rper vor dem Kontakt mit der Bogensehne beim Abschuss sch\u00fctzt. Er eignet sich sowohl f\u00fcr Rechts- als auch f\u00fcr Linksh\u00e4nder.<\/p>\n<p>Das Modell ist in f\u00fcnf Gr\u00f6ssen erh\u00e4ltlich (S, M, L, XL, XXL) und deckt damit ein breites Spektrum an K\u00f6rpergr\u00f6ssen ab.<\/p>\n<ul>\n<li>Geeignet f\u00fcr Rechtshand- und Linkshandsch\u00fctzen<\/li>\n<li>Erh\u00e4ltlich in den Gr\u00f6ssen S bis XXL<\/li>\n<li>Sch\u00fctzt vor Sehnenkontakt beim Abschuss<\/li>\n<\/ul>","protected":false},"excerpt":{"rendered":"<p>Der Avalon Brustschutz Tec sch\u00fctzt die Brust beim Bogenschiessen zuverl\u00e4ssig vor dem Sehnenkontakt. Erh\u00e4ltlich f\u00fcr Links- und Rechtshandsch\u00fctzen in den Gr\u00f6ssen S, M, L, XL und XXL.<\/p>","protected":false},"featured_media":452018,"comment_status":"open","ping_status":"closed","template":"","meta":[],"product_brand":[449],"product_cat":[4180],"product_tag":[],"class_list":{"0":"post-417099","1":"product","2":"type-product","3":"status-publish","4":"has-post-thumbnail","6":"product_brand-avalon","7":"product_cat-brustschutz","9":"first","10":"instock","11":"shipping-taxable","12":"purchasable","13":"product-type-variable"},"_links":{"self":[{"href":"https:\/\/bogensportdiscount.ch\/it\/wp-json\/wp\/v2\/product\/417099","targetHints":{"allow":["GET"]}}],"collection":[{"href":"https:\/\/bogensportdiscount.ch\/it\/wp-json\/wp\/v2\/product"}],"about":[{"href":"https:\/\/bogensportdiscount.ch\/it\/wp-json\/wp\/v2\/types\/product"}],"replies":[{"embeddable":true,"href":"https:\/\/bogensportdiscount.ch\/it\/wp-json\/wp\/v2\/comments?post=417099"}],"wp:featuredmedia":[{"embeddable":true,"href":"https:\/\/bogensportdiscount.ch\/it\/wp-json\/wp\/v2\/media\/452018"}],"wp:attachment":[{"href":"https:\/\/bogensportdiscount.ch\/it\/wp-json\/wp\/v2\/media?parent=417099"}],"wp:term":[{"taxonomy":"product_brand","embeddable":true,"href":"https:\/\/bogensportdiscount.ch\/it\/wp-json\/wp\/v2\/product_brand?post=417099"},{"taxonomy":"product_cat","embeddable":true,"href":"https:\/\/bogensportdiscount.ch\/it\/wp-json\/wp\/v2\/product_cat?post=417099"},{"taxonomy":"product_tag","embeddable":true,"href":"https:\/\/bogensportdiscount.ch\/it\/wp-json\/wp\/v2\/product_tag?post=417099"}],"curies":[{"name":"wp","href":"https:\/\/api.w.org\/{rel}","templated":true}]}}