{"id":416967,"date":"2026-04-05T15:13:21","date_gmt":"2026-04-05T13:13:21","guid":{"rendered":"https:\/\/bogensportdiscount.ch\/produkt\/string-material-sovereign-1-4-jet-black\/"},"modified":"2026-04-17T13:48:51","modified_gmt":"2026-04-17T11:48:51","slug":"reign-sehnenmaterial-sovereign-1-4","status":"publish","type":"product","link":"https:\/\/bogensportdiscount.ch\/it\/prodotto\/reign-sehnenmaterial-sovereign-1-4\/","title":{"rendered":"MATERIALE DELLE CORDE SOVRANO 1\/4"},"content":{"rendered":"<p>Das REIGN Sovereign 1\/4 Sehnenmaterial richtet sich an Bogensportler, die ihre Sehnen selbst herstellen oder erneuern m\u00f6chten. Das Material ist in f\u00fcnf Farben erh\u00e4ltlich und l\u00e4sst sich flexibel f\u00fcr verschiedene Sehnenkonstruktionen einsetzen.<\/p>\n<p>Als Produkt aus britischer Fertigung steht der Name REIGN f\u00fcr zuverl\u00e4ssige Qualit\u00e4t im Sehnenbau-Bereich. Das Material eignet sich sowohl f\u00fcr erfahrene Sehnenbauer als auch f\u00fcr Einsteiger in den Bereich des DIY-Sehnenbaus.<\/p>\n<ul>\n<li>Erh\u00e4ltlich in 5 Farben: Schwarz, Blau, Gr\u00fcn, Rot, Weiss<\/li>\n<li>Hergestellt in Grossbritannien<\/li>\n<li>Geeignet f\u00fcr den Eigenbau von Bogensehnen<\/li>\n<li>Modell: Sovereign 1\/4<\/li>\n<\/ul>","protected":false},"excerpt":{"rendered":"<p>Das REIGN Sovereign 1\/4 ist ein hochwertiges Sehnenmaterial f\u00fcr den Eigenbau von Bogensehnen. Erh\u00e4ltlich in den Farben Schwarz, Blau, Gr\u00fcn, Rot und Weiss. Hergestellt in Grossbritannien.<\/p>","protected":false},"featured_media":453292,"comment_status":"open","ping_status":"closed","template":"","meta":[],"product_brand":[571],"product_cat":[4565],"product_tag":[],"class_list":{"0":"post-416967","1":"product","2":"type-product","3":"status-publish","4":"has-post-thumbnail","6":"product_brand-reign","7":"product_cat-string-material","9":"first","10":"instock","11":"shipping-taxable","12":"purchasable","13":"product-type-variable"},"_links":{"self":[{"href":"https:\/\/bogensportdiscount.ch\/it\/wp-json\/wp\/v2\/product\/416967","targetHints":{"allow":["GET"]}}],"collection":[{"href":"https:\/\/bogensportdiscount.ch\/it\/wp-json\/wp\/v2\/product"}],"about":[{"href":"https:\/\/bogensportdiscount.ch\/it\/wp-json\/wp\/v2\/types\/product"}],"replies":[{"embeddable":true,"href":"https:\/\/bogensportdiscount.ch\/it\/wp-json\/wp\/v2\/comments?post=416967"}],"wp:featuredmedia":[{"embeddable":true,"href":"https:\/\/bogensportdiscount.ch\/it\/wp-json\/wp\/v2\/media\/453292"}],"wp:attachment":[{"href":"https:\/\/bogensportdiscount.ch\/it\/wp-json\/wp\/v2\/media?parent=416967"}],"wp:term":[{"taxonomy":"product_brand","embeddable":true,"href":"https:\/\/bogensportdiscount.ch\/it\/wp-json\/wp\/v2\/product_brand?post=416967"},{"taxonomy":"product_cat","embeddable":true,"href":"https:\/\/bogensportdiscount.ch\/it\/wp-json\/wp\/v2\/product_cat?post=416967"},{"taxonomy":"product_tag","embeddable":true,"href":"https:\/\/bogensportdiscount.ch\/it\/wp-json\/wp\/v2\/product_tag?post=416967"}],"curies":[{"name":"wp","href":"https:\/\/api.w.org\/{rel}","templated":true}]}}