{"id":416705,"date":"2026-04-05T15:13:01","date_gmt":"2026-04-05T13:13:01","guid":{"rendered":"https:\/\/bogensportdiscount.ch\/produkt\/hero-10-ii-37-advanced-compound-package-30-40lbs-24-26-5-rh-red\/"},"modified":"2026-05-14T15:27:08","modified_gmt":"2026-05-14T13:27:08","slug":"sanlida-compound-set-hero-10-ii-37","status":"publish","type":"product","link":"https:\/\/bogensportdiscount.ch\/it\/prodotto\/sanlida-compound-set-hero-10-ii-37\/","title":{"rendered":"SANLIDA HERO 10 II 37&#8243; ADVANCED PACCHETTO ARCO COMPOUND RH"},"content":{"rendered":"<p>Il SANLIDA Hero 10 II \u00e8 un kit compound completo con una lunghezza asse-asse di 37 pollici e una brace height di 7,3 pollici. L'arco \u00e8 in alluminio ed \u00e8 disponibile in diverse fasce di libbraggio da 30 a 60 lbs, il che lo rende adatto sia ai principianti che agli arcieri avanzati.<\/p>\n<p>Con un let-off del 75% e il sistema Single-Mod, il Hero 10 II offre una solida base per il tiro sportivo con arco compound. Il kit \u00e8 rivolto alle arciere e agli arcieri che cercano un arco pronto all'uso con componenti abbinati tra loro.<\/p>\n<ul>\n<li>Asse-asse: 37 pollici<\/li>\n<li>Let-Off: 75%<\/li>\n<li>Libbraggio selezionabile: 30\u201340 \/ 40\u201350 \/ 50\u201360 lbs<\/li>\n<li>Disponibile in 9 colori<\/li>\n<\/ul>","protected":false},"excerpt":{"rendered":"<table>\n<tr>\n<th>Propriet\u00e0<\/th>\n<th>Valore<\/th>\n<\/tr>\n<tr>\n<td>Axle-to-Axle<\/td>\n<td>37 pollici<\/td>\n<\/tr>\n<tr>\n<td>Brace Height<\/td>\n<td>7,3 pollici<\/td>\n<\/tr>\n<tr>\n<td>Modulo<\/td>\n<td>Single Mod<\/td>\n<\/tr>\n<tr>\n<td>Let-Off<\/td>\n<td>75 %<\/td>\n<\/tr>\n<tr>\n<td>Materiale<\/td>\n<td>Alluminio<\/td>\n<\/tr>\n<tr>\n<td>Peso del treno<\/td>\n<td>30\u201340 lbs \/ 40\u201350 lbs \/ 50\u201360 lbs<\/td>\n<\/tr>\n<tr>\n<td>Colori<\/td>\n<td>Black, Blue, Gold, Green, Orange, Pink, Purple, Red, Silver<\/td>\n<\/tr>\n<\/table>","protected":false},"featured_media":452003,"comment_status":"open","ping_status":"closed","template":"","meta":[],"product_brand":[459],"product_cat":[4525],"product_tag":[],"class_list":{"0":"post-416705","1":"product","2":"type-product","3":"status-publish","4":"has-post-thumbnail","6":"product_brand-sanlida","7":"product_cat-compound-boegen-sets","8":"product_shipping_class-bsd-sperrgut","10":"first","11":"instock","12":"shipping-taxable","13":"purchasable","14":"product-type-variable"},"yoast_head":"<!-- This site is optimized with the Yoast SEO plugin v27.6 - https:\/\/yoast.com\/product\/yoast-seo-wordpress\/ -->\n<title>SANLIDA HERO 10 II 37&quot; ADVANCED COMPOUNDBOGEN PAKET RH - Bogensportdiscount \u2013 B\u00f6gen, Pfeile, Targets &amp; Zubeh\u00f6r<\/title>\n<meta name=\"description\" content=\"SANLIDA HERO 10 II 37&quot; ADVANCED COMPOUNDBOGEN PAKET RH g\u00fcnstig kaufen bei Bogensportdiscount \u2013 Top-Marken, schneller Versand aus der Schweiz.\" \/>\n<meta name=\"robots\" content=\"index, follow, max-snippet:-1, max-image-preview:large, max-video-preview:-1\" \/>\n<link rel=\"canonical\" href=\"https:\/\/bogensportdiscount.ch\/it\/prodotto\/sanlida-compound-set-hero-10-ii-37\/\" \/>\n<meta property=\"og:locale\" content=\"it_IT\" \/>\n<meta property=\"og:type\" content=\"article\" \/>\n<meta property=\"og:title\" content=\"SANLIDA HERO 10 II 37&quot; ADVANCED COMPOUNDBOGEN PAKET RH - Bogensportdiscount \u2013 B\u00f6gen, Pfeile, Targets &amp; Zubeh\u00f6r\" \/>\n<meta property=\"og:description\" content=\"SANLIDA HERO 10 II 37&quot; ADVANCED COMPOUNDBOGEN PAKET RH g\u00fcnstig kaufen bei Bogensportdiscount \u2013 Top-Marken, schneller Versand aus der Schweiz.\" \/>\n<meta property=\"og:url\" content=\"https:\/\/bogensportdiscount.ch\/it\/prodotto\/sanlida-compound-set-hero-10-ii-37\/\" \/>\n<meta property=\"og:site_name\" content=\"Bogensportdiscount \u2013 B\u00f6gen, Pfeile, Targets &amp; Zubeh\u00f6r\" \/>\n<meta property=\"article:modified_time\" content=\"2026-05-14T13:27:08+00:00\" \/>\n<meta property=\"og:image\" content=\"https:\/\/bogensportdiscount.ch\/wp-content\/uploads\/bsm-images\/A081681_1.png\" \/>\n\t<meta property=\"og:image:width\" content=\"2950\" \/>\n\t<meta property=\"og:image:height\" content=\"2353\" \/>\n\t<meta property=\"og:image:type\" content=\"image\/png\" \/>\n<meta name=\"twitter:card\" content=\"summary_large_image\" \/>\n<script type=\"application\/ld+json\" class=\"yoast-schema-graph\">{\"@context\":\"https:\\\/\\\/schema.org\",\"@graph\":[{\"@type\":\"WebPage\",\"@id\":\"https:\\\/\\\/bogensportdiscount.ch\\\/produkt\\\/sanlida-compound-set-hero-10-ii-37\\\/\",\"url\":\"https:\\\/\\\/bogensportdiscount.ch\\\/produkt\\\/sanlida-compound-set-hero-10-ii-37\\\/\",\"name\":\"SANLIDA HERO 10 II 37\\\" ADVANCED COMPOUNDBOGEN PAKET RH - Bogensportdiscount \u2013 B\u00f6gen, Pfeile, Targets &amp; Zubeh\u00f6r\",\"isPartOf\":{\"@id\":\"https:\\\/\\\/bogensportdiscount.ch\\\/#website\"},\"primaryImageOfPage\":{\"@id\":\"https:\\\/\\\/bogensportdiscount.ch\\\/produkt\\\/sanlida-compound-set-hero-10-ii-37\\\/#primaryimage\"},\"image\":{\"@id\":\"https:\\\/\\\/bogensportdiscount.ch\\\/produkt\\\/sanlida-compound-set-hero-10-ii-37\\\/#primaryimage\"},\"thumbnailUrl\":\"https:\\\/\\\/bogensportdiscount.ch\\\/wp-content\\\/uploads\\\/bsm-images\\\/A081681_1.png\",\"datePublished\":\"2026-04-05T13:13:01+00:00\",\"dateModified\":\"2026-05-14T13:27:08+00:00\",\"description\":\"SANLIDA HERO 10 II 37\\\" ADVANCED COMPOUNDBOGEN PAKET RH g\u00fcnstig kaufen bei Bogensportdiscount \u2013 Top-Marken, schneller Versand aus der Schweiz.\",\"breadcrumb\":{\"@id\":\"https:\\\/\\\/bogensportdiscount.ch\\\/produkt\\\/sanlida-compound-set-hero-10-ii-37\\\/#breadcrumb\"},\"inLanguage\":\"it-IT\",\"potentialAction\":[{\"@type\":\"ReadAction\",\"target\":[\"https:\\\/\\\/bogensportdiscount.ch\\\/produkt\\\/sanlida-compound-set-hero-10-ii-37\\\/\"]}]},{\"@type\":\"ImageObject\",\"inLanguage\":\"it-IT\",\"@id\":\"https:\\\/\\\/bogensportdiscount.ch\\\/produkt\\\/sanlida-compound-set-hero-10-ii-37\\\/#primaryimage\",\"url\":\"https:\\\/\\\/bogensportdiscount.ch\\\/wp-content\\\/uploads\\\/bsm-images\\\/A081681_1.png\",\"contentUrl\":\"https:\\\/\\\/bogensportdiscount.ch\\\/wp-content\\\/uploads\\\/bsm-images\\\/A081681_1.png\",\"width\":2950,\"height\":2353},{\"@type\":\"BreadcrumbList\",\"@id\":\"https:\\\/\\\/bogensportdiscount.ch\\\/produkt\\\/sanlida-compound-set-hero-10-ii-37\\\/#breadcrumb\",\"itemListElement\":[{\"@type\":\"ListItem\",\"position\":1,\"name\":\"Home\",\"item\":\"https:\\\/\\\/bogensportdiscount.ch\\\/\"},{\"@type\":\"ListItem\",\"position\":2,\"name\":\"Shop\",\"item\":\"https:\\\/\\\/bogensportdiscount.ch\\\/shop\\\/\"},{\"@type\":\"ListItem\",\"position\":3,\"name\":\"SANLIDA HERO 10 II 37&#8243; ADVANCED COMPOUND PACKAGE RH\"}]},{\"@type\":\"WebSite\",\"@id\":\"https:\\\/\\\/bogensportdiscount.ch\\\/#website\",\"url\":\"https:\\\/\\\/bogensportdiscount.ch\\\/\",\"name\":\"Bogensportdiscount\",\"description\":\"\",\"potentialAction\":[{\"@type\":\"SearchAction\",\"target\":{\"@type\":\"EntryPoint\",\"urlTemplate\":\"https:\\\/\\\/bogensportdiscount.ch\\\/?s={search_term_string}\"},\"query-input\":{\"@type\":\"PropertyValueSpecification\",\"valueRequired\":true,\"valueName\":\"search_term_string\"}}],\"inLanguage\":\"it-IT\"}]}<\/script>\n<!-- \/ Yoast SEO plugin. -->","yoast_head_json":{"title":"SANLIDA HERO 10 II 37\" ADVANCED COMPOUNDBOGEN PAKET RH - Bogensportdiscount \u2013 B\u00f6gen, Pfeile, Targets &amp; Zubeh\u00f6r","description":"SANLIDA HERO 10 II 37\" ADVANCED COMPOUNDBOGEN PAKET RH g\u00fcnstig kaufen bei Bogensportdiscount \u2013 Top-Marken, schneller Versand aus der Schweiz.","robots":{"index":"index","follow":"follow","max-snippet":"max-snippet:-1","max-image-preview":"max-image-preview:large","max-video-preview":"max-video-preview:-1"},"canonical":"https:\/\/bogensportdiscount.ch\/it\/prodotto\/sanlida-compound-set-hero-10-ii-37\/","og_locale":"it_IT","og_type":"article","og_title":"SANLIDA HERO 10 II 37\" ADVANCED COMPOUNDBOGEN PAKET RH - Bogensportdiscount \u2013 B\u00f6gen, Pfeile, Targets &amp; Zubeh\u00f6r","og_description":"SANLIDA HERO 10 II 37\" ADVANCED COMPOUNDBOGEN PAKET RH g\u00fcnstig kaufen bei Bogensportdiscount \u2013 Top-Marken, schneller Versand aus der Schweiz.","og_url":"https:\/\/bogensportdiscount.ch\/it\/prodotto\/sanlida-compound-set-hero-10-ii-37\/","og_site_name":"Bogensportdiscount \u2013 B\u00f6gen, Pfeile, Targets &amp; Zubeh\u00f6r","article_modified_time":"2026-05-14T13:27:08+00:00","og_image":[{"width":2950,"height":2353,"url":"https:\/\/bogensportdiscount.ch\/wp-content\/uploads\/bsm-images\/A081681_1.png","type":"image\/png"}],"twitter_card":"summary_large_image","schema":{"@context":"https:\/\/schema.org","@graph":[{"@type":"WebPage","@id":"https:\/\/bogensportdiscount.ch\/produkt\/sanlida-compound-set-hero-10-ii-37\/","url":"https:\/\/bogensportdiscount.ch\/produkt\/sanlida-compound-set-hero-10-ii-37\/","name":"SANLIDA HERO 10 II 37\" ADVANCED COMPOUNDBOGEN PAKET RH - Bogensportdiscount \u2013 B\u00f6gen, Pfeile, Targets &amp; Zubeh\u00f6r","isPartOf":{"@id":"https:\/\/bogensportdiscount.ch\/#website"},"primaryImageOfPage":{"@id":"https:\/\/bogensportdiscount.ch\/produkt\/sanlida-compound-set-hero-10-ii-37\/#primaryimage"},"image":{"@id":"https:\/\/bogensportdiscount.ch\/produkt\/sanlida-compound-set-hero-10-ii-37\/#primaryimage"},"thumbnailUrl":"https:\/\/bogensportdiscount.ch\/wp-content\/uploads\/bsm-images\/A081681_1.png","datePublished":"2026-04-05T13:13:01+00:00","dateModified":"2026-05-14T13:27:08+00:00","description":"SANLIDA HERO 10 II 37\" ADVANCED COMPOUNDBOGEN PAKET RH g\u00fcnstig kaufen bei Bogensportdiscount \u2013 Top-Marken, schneller Versand aus der Schweiz.","breadcrumb":{"@id":"https:\/\/bogensportdiscount.ch\/produkt\/sanlida-compound-set-hero-10-ii-37\/#breadcrumb"},"inLanguage":"it-IT","potentialAction":[{"@type":"ReadAction","target":["https:\/\/bogensportdiscount.ch\/produkt\/sanlida-compound-set-hero-10-ii-37\/"]}]},{"@type":"ImageObject","inLanguage":"it-IT","@id":"https:\/\/bogensportdiscount.ch\/produkt\/sanlida-compound-set-hero-10-ii-37\/#primaryimage","url":"https:\/\/bogensportdiscount.ch\/wp-content\/uploads\/bsm-images\/A081681_1.png","contentUrl":"https:\/\/bogensportdiscount.ch\/wp-content\/uploads\/bsm-images\/A081681_1.png","width":2950,"height":2353},{"@type":"BreadcrumbList","@id":"https:\/\/bogensportdiscount.ch\/produkt\/sanlida-compound-set-hero-10-ii-37\/#breadcrumb","itemListElement":[{"@type":"ListItem","position":1,"name":"Home","item":"https:\/\/bogensportdiscount.ch\/"},{"@type":"ListItem","position":2,"name":"Shop","item":"https:\/\/bogensportdiscount.ch\/shop\/"},{"@type":"ListItem","position":3,"name":"SANLIDA HERO 10 II 37&#8243; ADVANCED COMPOUND PACKAGE RH"}]},{"@type":"WebSite","@id":"https:\/\/bogensportdiscount.ch\/#website","url":"https:\/\/bogensportdiscount.ch\/","name":"Bogensportdiscount","description":"","potentialAction":[{"@type":"SearchAction","target":{"@type":"EntryPoint","urlTemplate":"https:\/\/bogensportdiscount.ch\/?s={search_term_string}"},"query-input":{"@type":"PropertyValueSpecification","valueRequired":true,"valueName":"search_term_string"}}],"inLanguage":"it-IT"}]}},"_links":{"self":[{"href":"https:\/\/bogensportdiscount.ch\/it\/wp-json\/wp\/v2\/product\/416705","targetHints":{"allow":["GET"]}}],"collection":[{"href":"https:\/\/bogensportdiscount.ch\/it\/wp-json\/wp\/v2\/product"}],"about":[{"href":"https:\/\/bogensportdiscount.ch\/it\/wp-json\/wp\/v2\/types\/product"}],"replies":[{"embeddable":true,"href":"https:\/\/bogensportdiscount.ch\/it\/wp-json\/wp\/v2\/comments?post=416705"}],"wp:featuredmedia":[{"embeddable":true,"href":"https:\/\/bogensportdiscount.ch\/it\/wp-json\/wp\/v2\/media\/452003"}],"wp:attachment":[{"href":"https:\/\/bogensportdiscount.ch\/it\/wp-json\/wp\/v2\/media?parent=416705"}],"wp:term":[{"taxonomy":"product_brand","embeddable":true,"href":"https:\/\/bogensportdiscount.ch\/it\/wp-json\/wp\/v2\/product_brand?post=416705"},{"taxonomy":"product_cat","embeddable":true,"href":"https:\/\/bogensportdiscount.ch\/it\/wp-json\/wp\/v2\/product_cat?post=416705"},{"taxonomy":"product_tag","embeddable":true,"href":"https:\/\/bogensportdiscount.ch\/it\/wp-json\/wp\/v2\/product_tag?post=416705"}],"curies":[{"name":"wp","href":"https:\/\/api.w.org\/{rel}","templated":true}]}}