{"id":416598,"date":"2026-04-05T15:12:45","date_gmt":"2026-04-05T13:12:45","guid":{"rendered":"https:\/\/bogensportdiscount.ch\/produkt\/bohning-vanes-x3-3-white-100-pk\/"},"modified":"2026-04-17T13:48:48","modified_gmt":"2026-04-17T11:48:48","slug":"bohning-vanes-x3-3-zoll","status":"publish","type":"product","link":"https:\/\/bogensportdiscount.ch\/it\/prodotto\/bohning-vanes-x3-3-zoll\/","title":{"rendered":"ALETTE BOHNING X3 3\u2033 100\/PZ."},"content":{"rendered":"<p>Die Bohning X3 Vanes in 3 Zoll L\u00e4nge sind Kunststofffl\u00fcgel zur Befiederung von Pfeilen. Als Produkt der Marke Bohning \u2013 einem etablierten Hersteller im Bereich Pfeilbefiederung \u2013 stehen sie f\u00fcr zuverl\u00e4ssige Flugeigenschaften und einfache Verarbeitung.<\/p>\n<p>Die Vanes sind in drei Farben erh\u00e4ltlich: Gr\u00fcn, Weiss und Gelb. Die farbliche Vielfalt erleichtert die Unterscheidung eigener Pfeile beim Bogenschiessen.<\/p>\n<ul>\n<li>L\u00e4nge: 3 Zoll<\/li>\n<li>Erh\u00e4ltlich in Gr\u00fcn, Weiss und Gelb<\/li>\n<li>Geeignet f\u00fcr g\u00e4ngige Befiederungsger\u00e4te<\/li>\n<li>Thermoplastisches Material f\u00fcr stabile Flugeigenschaften<\/li>\n<\/ul>","protected":false},"excerpt":{"rendered":"<p><strong>Marchio:<\/strong> Bohning<\/p>","protected":false},"featured_media":451985,"comment_status":"open","ping_status":"closed","template":"","meta":[],"product_brand":[444],"product_cat":[4552],"product_tag":[],"class_list":{"0":"post-416598","1":"product","2":"type-product","3":"status-publish","4":"has-post-thumbnail","6":"product_brand-bohning","7":"product_cat-plastik-vanes-vanes-nocks-wraps","9":"first","10":"instock","11":"shipping-taxable","12":"purchasable","13":"product-type-variable"},"_links":{"self":[{"href":"https:\/\/bogensportdiscount.ch\/it\/wp-json\/wp\/v2\/product\/416598","targetHints":{"allow":["GET"]}}],"collection":[{"href":"https:\/\/bogensportdiscount.ch\/it\/wp-json\/wp\/v2\/product"}],"about":[{"href":"https:\/\/bogensportdiscount.ch\/it\/wp-json\/wp\/v2\/types\/product"}],"replies":[{"embeddable":true,"href":"https:\/\/bogensportdiscount.ch\/it\/wp-json\/wp\/v2\/comments?post=416598"}],"wp:featuredmedia":[{"embeddable":true,"href":"https:\/\/bogensportdiscount.ch\/it\/wp-json\/wp\/v2\/media\/451985"}],"wp:attachment":[{"href":"https:\/\/bogensportdiscount.ch\/it\/wp-json\/wp\/v2\/media?parent=416598"}],"wp:term":[{"taxonomy":"product_brand","embeddable":true,"href":"https:\/\/bogensportdiscount.ch\/it\/wp-json\/wp\/v2\/product_brand?post=416598"},{"taxonomy":"product_cat","embeddable":true,"href":"https:\/\/bogensportdiscount.ch\/it\/wp-json\/wp\/v2\/product_cat?post=416598"},{"taxonomy":"product_tag","embeddable":true,"href":"https:\/\/bogensportdiscount.ch\/it\/wp-json\/wp\/v2\/product_tag?post=416598"}],"curies":[{"name":"wp","href":"https:\/\/api.w.org\/{rel}","templated":true}]}}