{"id":416593,"date":"2026-04-05T15:12:44","date_gmt":"2026-04-05T13:12:44","guid":{"rendered":"https:\/\/bogensportdiscount.ch\/produkt\/arrows-carbon-dragon-8-6-2mm-450-with-3-vanes-24-pk\/"},"modified":"2026-04-19T11:54:28","modified_gmt":"2026-04-19T09:54:28","slug":"sanlida-carbon-jagdpfeil-dragon-8-6-2mm","status":"publish","type":"product","link":"https:\/\/bogensportdiscount.ch\/it\/prodotto\/sanlida-carbon-jagdpfeil-dragon-8-6-2mm\/","title":{"rendered":"SANLIDA PFEILE CARBON DRAGON 8 6.2MM"},"content":{"rendered":"<p>Der Sanlida Dragon 8 ist ein Carbon-Jagdpfeil mit einem Schaftdurchmesser von 6.2 mm. Die schlanke Bauweise des Schafts unterst\u00fctzt eine flache Flugbahn und eignet sich f\u00fcr den Einsatz auf der Jagd sowie im 3D-Bogensport.<\/p>\n<p>Die Pfeile sind in vier verschiedenen Spine-Werten erh\u00e4ltlich: 300, 350, 400 und 450. Damit lassen sich unterschiedliche Zuggewichte und Auszugsl\u00e4ngen abdecken, sodass der passende Pfeil f\u00fcr viele Bogenkonfigurationen gefunden werden kann.<\/p>\n<ul>\n<li>Schaftdurchmesser: 6.2 mm<\/li>\n<li>Verf\u00fcgbare Spine-St\u00e4rken: 300, 350, 400, 450<\/li>\n<li>Materiale: carbonio<\/li>\n<li>Einsatzbereich: Jagd und 3D-Bogensport<\/li>\n<\/ul>","protected":false},"excerpt":{"rendered":"<p><strong>Marchio:<\/strong> Sanlida<\/p>","protected":false},"featured_media":486845,"comment_status":"open","ping_status":"closed","template":"","meta":[],"product_brand":[459],"product_cat":[4303],"product_tag":[],"class_list":{"0":"post-416593","1":"product","2":"type-product","3":"status-publish","4":"has-post-thumbnail","6":"product_brand-sanlida","7":"product_cat-befiederte-carbon-jagd-pfeile","9":"first","10":"outofstock","11":"shipping-taxable","12":"purchasable","13":"product-type-variable"},"_links":{"self":[{"href":"https:\/\/bogensportdiscount.ch\/it\/wp-json\/wp\/v2\/product\/416593","targetHints":{"allow":["GET"]}}],"collection":[{"href":"https:\/\/bogensportdiscount.ch\/it\/wp-json\/wp\/v2\/product"}],"about":[{"href":"https:\/\/bogensportdiscount.ch\/it\/wp-json\/wp\/v2\/types\/product"}],"replies":[{"embeddable":true,"href":"https:\/\/bogensportdiscount.ch\/it\/wp-json\/wp\/v2\/comments?post=416593"}],"wp:featuredmedia":[{"embeddable":true,"href":"https:\/\/bogensportdiscount.ch\/it\/wp-json\/wp\/v2\/media\/486845"}],"wp:attachment":[{"href":"https:\/\/bogensportdiscount.ch\/it\/wp-json\/wp\/v2\/media?parent=416593"}],"wp:term":[{"taxonomy":"product_brand","embeddable":true,"href":"https:\/\/bogensportdiscount.ch\/it\/wp-json\/wp\/v2\/product_brand?post=416593"},{"taxonomy":"product_cat","embeddable":true,"href":"https:\/\/bogensportdiscount.ch\/it\/wp-json\/wp\/v2\/product_cat?post=416593"},{"taxonomy":"product_tag","embeddable":true,"href":"https:\/\/bogensportdiscount.ch\/it\/wp-json\/wp\/v2\/product_tag?post=416593"}],"curies":[{"name":"wp","href":"https:\/\/api.w.org\/{rel}","templated":true}]}}