{"id":416588,"date":"2026-04-05T15:12:43","date_gmt":"2026-04-05T13:12:43","guid":{"rendered":"https:\/\/bogensportdiscount.ch\/produkt\/shafts-carbon-vft-gamer-v3-id-6-2-350-31-with-pin-nock-12-pk\/"},"modified":"2026-04-19T11:54:28","modified_gmt":"2026-04-19T09:54:28","slug":"victory-carbon-zielschaft-vft-gamer-v3-id-6-2","status":"publish","type":"product","link":"https:\/\/bogensportdiscount.ch\/it\/prodotto\/victory-carbon-zielschaft-vft-gamer-v3-id-6-2\/","title":{"rendered":"VICTORY SCHAEFTE CARBON VFT GAMER\/V3 ID 6.2 12\/PK"},"content":{"rendered":"<p>Der Victory VFT Gamer\/V3 ist ein Carbon-Schaft mit einem Innendurchmesser (ID) von 6.2 mm. Der pr\u00e4zise gefertigte Schaft ist auf Bogensch\u00fctzen ausgerichtet, die im Zielschiesssport nach einer zuverl\u00e4ssigen und konsistenten Schaftl\u00f6sung suchen.<\/p>\n<p>Dank der Verf\u00fcgbarkeit in vier verschiedenen Spine-Werten (350, 400, 500 und 600) l\u00e4sst sich der Schaft auf unterschiedliche Zuggewichte und Bogensysteme abstimmen. Die Carbon-Bauweise sorgt f\u00fcr ein geringes Gewicht bei gleichzeitig hoher Steifigkeit.<\/p>\n<ul>\n<li>Innendurchmesser: 6.2 mm<\/li>\n<li>Erh\u00e4ltlich in Spine 350, 400, 500 und 600<\/li>\n<li>Carbon-Konstruktion f\u00fcr niedrige Eigentr\u00e4gheit<\/li>\n<li>Adatto per il tiro al bersaglio sportivo<\/li>\n<\/ul>","protected":false},"excerpt":{"rendered":"<p><strong>Marchio:<\/strong> Victory<\/p>","protected":false},"featured_media":451984,"comment_status":"open","ping_status":"closed","template":"","meta":[],"product_brand":[547],"product_cat":[4236],"product_tag":[],"class_list":{"0":"post-416588","1":"product","2":"type-product","3":"status-publish","4":"has-post-thumbnail","6":"product_brand-victory","7":"product_cat-carbon-schaefte","9":"first","10":"instock","11":"shipping-taxable","12":"purchasable","13":"product-type-variable"},"_links":{"self":[{"href":"https:\/\/bogensportdiscount.ch\/it\/wp-json\/wp\/v2\/product\/416588","targetHints":{"allow":["GET"]}}],"collection":[{"href":"https:\/\/bogensportdiscount.ch\/it\/wp-json\/wp\/v2\/product"}],"about":[{"href":"https:\/\/bogensportdiscount.ch\/it\/wp-json\/wp\/v2\/types\/product"}],"replies":[{"embeddable":true,"href":"https:\/\/bogensportdiscount.ch\/it\/wp-json\/wp\/v2\/comments?post=416588"}],"wp:featuredmedia":[{"embeddable":true,"href":"https:\/\/bogensportdiscount.ch\/it\/wp-json\/wp\/v2\/media\/451984"}],"wp:attachment":[{"href":"https:\/\/bogensportdiscount.ch\/it\/wp-json\/wp\/v2\/media?parent=416588"}],"wp:term":[{"taxonomy":"product_brand","embeddable":true,"href":"https:\/\/bogensportdiscount.ch\/it\/wp-json\/wp\/v2\/product_brand?post=416588"},{"taxonomy":"product_cat","embeddable":true,"href":"https:\/\/bogensportdiscount.ch\/it\/wp-json\/wp\/v2\/product_cat?post=416588"},{"taxonomy":"product_tag","embeddable":true,"href":"https:\/\/bogensportdiscount.ch\/it\/wp-json\/wp\/v2\/product_tag?post=416588"}],"curies":[{"name":"wp","href":"https:\/\/api.w.org\/{rel}","templated":true}]}}