{"id":416523,"date":"2026-04-05T15:12:35","date_gmt":"2026-04-05T13:12:35","guid":{"rendered":"https:\/\/bogensportdiscount.ch\/produkt\/shafts-carbon-v-tac-23-elite-v1-id-8-0-270-31-with-ip-nock-12-pk\/"},"modified":"2026-04-19T11:54:28","modified_gmt":"2026-04-19T09:54:28","slug":"victory-carbon-zielschaft-v-tac-23-elite-v1-id-8-0","status":"publish","type":"product","link":"https:\/\/bogensportdiscount.ch\/it\/prodotto\/victory-carbon-zielschaft-v-tac-23-elite-v1-id-8-0\/","title":{"rendered":"VICTORY SCHAEFTE CARBON V-TAC 23 ELITE\/V1 ID 8.0 12\/PK"},"content":{"rendered":"<p>Die Victory V-TAC 23 Elite\/V1 Sch\u00e4fte sind Carbon-Zielsch\u00e4fte mit einem Innendurchmesser (ID) von 8.0 mm. Der pr\u00e4zise gefertigte Schaft richtet sich an Bogensch\u00fctzen, die im Zielschiesssport auf hohe Konsistenz und Wiederholgenauigkeit angewiesen sind.<\/p>\n<p>Die Sch\u00e4fte sind in drei verschiedenen Spine-St\u00e4rken erh\u00e4ltlich (270, 380 und 480), sodass sie f\u00fcr unterschiedliche Zuggewichte und Setups passend gew\u00e4hlt werden k\u00f6nnen. Die Herstellung erfolgt in den USA.<\/p>\n<ul>\n<li>Innendurchmesser: 8.0 mm<\/li>\n<li>Verf\u00fcgbare Spine-St\u00e4rken: 270, 380, 480<\/li>\n<li>Materiale: carbonio<\/li>\n<li>Origine: USA<\/li>\n<\/ul>","protected":false},"excerpt":{"rendered":"<p>Die Victory V-TAC 23 Elite\/V1 Carbon-Zielsch\u00e4fte mit einem Innendurchmesser von 8.0 mm sind in den Spine-St\u00e4rken 270, 380 und 480 erh\u00e4ltlich. Hergestellt in den USA, sind diese Sch\u00e4fte f\u00fcr den anspruchsvollen Zielschiesssport ausgelegt.<\/p>","protected":false},"featured_media":490960,"comment_status":"open","ping_status":"closed","template":"","meta":[],"product_brand":[547],"product_cat":[4236],"product_tag":[],"class_list":{"0":"post-416523","1":"product","2":"type-product","3":"status-publish","4":"has-post-thumbnail","6":"product_brand-victory","7":"product_cat-carbon-schaefte","9":"first","10":"instock","11":"shipping-taxable","12":"purchasable","13":"product-type-variable"},"_links":{"self":[{"href":"https:\/\/bogensportdiscount.ch\/it\/wp-json\/wp\/v2\/product\/416523","targetHints":{"allow":["GET"]}}],"collection":[{"href":"https:\/\/bogensportdiscount.ch\/it\/wp-json\/wp\/v2\/product"}],"about":[{"href":"https:\/\/bogensportdiscount.ch\/it\/wp-json\/wp\/v2\/types\/product"}],"replies":[{"embeddable":true,"href":"https:\/\/bogensportdiscount.ch\/it\/wp-json\/wp\/v2\/comments?post=416523"}],"wp:featuredmedia":[{"embeddable":true,"href":"https:\/\/bogensportdiscount.ch\/it\/wp-json\/wp\/v2\/media\/490960"}],"wp:attachment":[{"href":"https:\/\/bogensportdiscount.ch\/it\/wp-json\/wp\/v2\/media?parent=416523"}],"wp:term":[{"taxonomy":"product_brand","embeddable":true,"href":"https:\/\/bogensportdiscount.ch\/it\/wp-json\/wp\/v2\/product_brand?post=416523"},{"taxonomy":"product_cat","embeddable":true,"href":"https:\/\/bogensportdiscount.ch\/it\/wp-json\/wp\/v2\/product_cat?post=416523"},{"taxonomy":"product_tag","embeddable":true,"href":"https:\/\/bogensportdiscount.ch\/it\/wp-json\/wp\/v2\/product_tag?post=416523"}],"curies":[{"name":"wp","href":"https:\/\/api.w.org\/{rel}","templated":true}]}}