{"id":416387,"date":"2026-04-05T15:12:15","date_gmt":"2026-04-05T13:12:15","guid":{"rendered":"https:\/\/bogensportdiscount.ch\/produkt\/boonie-picatinny-mount-3-pin-019-lh-black\/"},"modified":"2026-04-17T13:48:45","modified_gmt":"2026-04-17T11:48:45","slug":"spothogg-compound-visier-boonie-picatinny-mount-3-pin-019","status":"publish","type":"product","link":"https:\/\/bogensportdiscount.ch\/it\/prodotto\/spothogg-compound-visier-boonie-picatinny-mount-3-pin-019\/","title":{"rendered":"SPOTHOGG BOONIE PICATINNY MOUNT 3 PIN .019\u2033"},"content":{"rendered":"<p>Das SPOTHOGG Boonie Picatinny Mount ist ein Compound-Visier f\u00fcr den Einsatz bei der Jagd und im 3D-Bogensport. Die Picatinny-Montage erm\u00f6glicht eine stabile und pr\u00e4zise Befestigung am Bogen.<\/p>\n<p>Das Visier ist mit 3 Pins in der St\u00e4rke .019&#8243; ausgestattet und bietet damit eine bew\u00e4hrte Mehrfachentfernungs-Einstellung. Es ist sowohl f\u00fcr Rechts- als auch f\u00fcr Linkshandsch\u00fctzen erh\u00e4ltlich.<\/p>\n<ul>\n<li>3-Pin-Konfiguration mit .019&#8243; Fadendicke<\/li>\n<li>Picatinny-Montagesystem<\/li>\n<li>Geeignet f\u00fcr Jagd und 3D-Bogensport<\/li>\n<li>Erh\u00e4ltlich in Rechtshand und Linkshand<\/li>\n<\/ul>","protected":false},"excerpt":{"rendered":"<p>Das SPOTHOGG Boonie Picatinny Mount ist ein Compound-Jagd- und 3D-Visier mit 3 Pins (.019&#8243;) und Picatinny-Montage. Erh\u00e4ltlich f\u00fcr Links- und Rechtshandsch\u00fctzen. Hergestellt in den USA.<\/p>","protected":false},"featured_media":453631,"comment_status":"open","ping_status":"closed","template":"","meta":[],"product_brand":[538],"product_cat":[4263],"product_tag":[],"class_list":{"0":"post-416387","1":"product","2":"type-product","3":"status-publish","4":"has-post-thumbnail","6":"product_brand-spothogg","7":"product_cat-jagd-und-3d-visiere","9":"first","10":"instock","11":"shipping-taxable","12":"purchasable","13":"product-type-variable"},"_links":{"self":[{"href":"https:\/\/bogensportdiscount.ch\/it\/wp-json\/wp\/v2\/product\/416387","targetHints":{"allow":["GET"]}}],"collection":[{"href":"https:\/\/bogensportdiscount.ch\/it\/wp-json\/wp\/v2\/product"}],"about":[{"href":"https:\/\/bogensportdiscount.ch\/it\/wp-json\/wp\/v2\/types\/product"}],"replies":[{"embeddable":true,"href":"https:\/\/bogensportdiscount.ch\/it\/wp-json\/wp\/v2\/comments?post=416387"}],"wp:featuredmedia":[{"embeddable":true,"href":"https:\/\/bogensportdiscount.ch\/it\/wp-json\/wp\/v2\/media\/453631"}],"wp:attachment":[{"href":"https:\/\/bogensportdiscount.ch\/it\/wp-json\/wp\/v2\/media?parent=416387"}],"wp:term":[{"taxonomy":"product_brand","embeddable":true,"href":"https:\/\/bogensportdiscount.ch\/it\/wp-json\/wp\/v2\/product_brand?post=416387"},{"taxonomy":"product_cat","embeddable":true,"href":"https:\/\/bogensportdiscount.ch\/it\/wp-json\/wp\/v2\/product_cat?post=416387"},{"taxonomy":"product_tag","embeddable":true,"href":"https:\/\/bogensportdiscount.ch\/it\/wp-json\/wp\/v2\/product_tag?post=416387"}],"curies":[{"name":"wp","href":"https:\/\/api.w.org\/{rel}","templated":true}]}}