{"id":416352,"date":"2026-04-05T15:12:07","date_gmt":"2026-04-05T13:12:07","guid":{"rendered":"https:\/\/bogensportdiscount.ch\/produkt\/boonie-dovetail-1-pin-019-lh-black\/"},"modified":"2026-04-17T13:48:44","modified_gmt":"2026-04-17T11:48:44","slug":"spothogg-compound-visier-boonie-dovetail-1-pin-019","status":"publish","type":"product","link":"https:\/\/bogensportdiscount.ch\/it\/prodotto\/spothogg-compound-visier-boonie-dovetail-1-pin-019\/","title":{"rendered":"SPOTHOGG BOONIE A CODA DI RONDINE 1 PERNO .019\u2033"},"content":{"rendered":"<p>Das SPOTHOGG Boonie Dovetail ist ein Compound-Visier mit Dovetail-Montage und einem einzelnen .019&#8243;-Pin. Die Dovetail-Aufnahme erm\u00f6glicht eine einfache Montage und Ausrichtung am Bogen.<\/p>\n<p>Das Visier ist f\u00fcr Rechts- und Linksh\u00e4nder erh\u00e4ltlich und deckt damit ein breites Spektrum an Bogensch\u00fctzinnen und Bogensch\u00fctzen ab. Mit einem einzelnen Zielpin eignet es sich besonders f\u00fcr den Jagdeinsatz und den 3D-Bogensport, wo \u00fcbersichtliches Zielen im Vordergrund steht.<\/p>\n<ul>\n<li>1-Pin-Konfiguration mit .019&#8243; Pindurchmesser<\/li>\n<li>Dovetail-Montagesystem<\/li>\n<li>Erh\u00e4ltlich f\u00fcr Links- und Rechtsh\u00e4nder<\/li>\n<li>Prodotto negli Stati Uniti<\/li>\n<\/ul>","protected":false},"excerpt":{"rendered":"<p>Das SPOTHOGG Boonie Dovetail ist ein 1-Pin-Compound-Visier mit .019&#8243; Pinduchmesser, erh\u00e4ltlich f\u00fcr Links- und Rechtsh\u00e4nder. Es eignet sich f\u00fcr die Jagd sowie den 3D-Bogensport und wird in den USA gefertigt.<\/p>","protected":false},"featured_media":451398,"comment_status":"open","ping_status":"closed","template":"","meta":[],"product_brand":[538],"product_cat":[4263],"product_tag":[],"class_list":{"0":"post-416352","1":"product","2":"type-product","3":"status-publish","4":"has-post-thumbnail","6":"product_brand-spothogg","7":"product_cat-jagd-und-3d-visiere","9":"first","10":"instock","11":"shipping-taxable","12":"purchasable","13":"product-type-variable"},"_links":{"self":[{"href":"https:\/\/bogensportdiscount.ch\/it\/wp-json\/wp\/v2\/product\/416352","targetHints":{"allow":["GET"]}}],"collection":[{"href":"https:\/\/bogensportdiscount.ch\/it\/wp-json\/wp\/v2\/product"}],"about":[{"href":"https:\/\/bogensportdiscount.ch\/it\/wp-json\/wp\/v2\/types\/product"}],"replies":[{"embeddable":true,"href":"https:\/\/bogensportdiscount.ch\/it\/wp-json\/wp\/v2\/comments?post=416352"}],"wp:featuredmedia":[{"embeddable":true,"href":"https:\/\/bogensportdiscount.ch\/it\/wp-json\/wp\/v2\/media\/451398"}],"wp:attachment":[{"href":"https:\/\/bogensportdiscount.ch\/it\/wp-json\/wp\/v2\/media?parent=416352"}],"wp:term":[{"taxonomy":"product_brand","embeddable":true,"href":"https:\/\/bogensportdiscount.ch\/it\/wp-json\/wp\/v2\/product_brand?post=416352"},{"taxonomy":"product_cat","embeddable":true,"href":"https:\/\/bogensportdiscount.ch\/it\/wp-json\/wp\/v2\/product_cat?post=416352"},{"taxonomy":"product_tag","embeddable":true,"href":"https:\/\/bogensportdiscount.ch\/it\/wp-json\/wp\/v2\/product_tag?post=416352"}],"curies":[{"name":"wp","href":"https:\/\/api.w.org\/{rel}","templated":true}]}}