{"id":416329,"date":"2026-04-05T15:12:01","date_gmt":"2026-04-05T13:12:01","guid":{"rendered":"https:\/\/bogensportdiscount.ch\/produkt\/compound-drop-away-rests-ratchet-micro-limb-driven-rh-black\/"},"modified":"2026-04-17T13:48:43","modified_gmt":"2026-04-17T11:48:43","slug":"ripcord-compound-fallaway-auflage-ratchet-micro-limb-driven","status":"publish","type":"product","link":"https:\/\/bogensportdiscount.ch\/it\/prodotto\/ripcord-compound-fallaway-auflage-ratchet-micro-limb-driven\/","title":{"rendered":"RIPCORD COMPOUND DROP AWAY RESTS RATCHET MICRO LIMB DRIVEN"},"content":{"rendered":"<p>Die RIPCORD Ratchet Micro Limb Driven ist eine Fallaway-Pfeilauflage speziell f\u00fcr Compound-Bogen. Die Auflage wird \u00fcber den Wurfarm des Bogens gesteuert, wodurch sie beim Durchzug zuverl\u00e4ssig in Position gehoben und beim Schuss vollst\u00e4ndig abgesenkt wird \u2013 der Pfeil hat damit maximale Freiheit beim Abflug.<\/p>\n<p>Der integrierte Ratchet-Mechanismus erlaubt eine feinf\u00fchlige Mikrojustierung der Auflageposition, ohne dass Werkzeug ben\u00f6tigt wird. Die Auflage ist in einer Ausf\u00fchrung f\u00fcr Rechtshand- sowie f\u00fcr Linkshandbogen erh\u00e4ltlich.<\/p>\n<ul>\n<li>Wurfarmgesteuerte Fallaway-Mechanik<\/li>\n<li>Ratchet-Mikrojustierung f\u00fcr pr\u00e4zise Einstellung<\/li>\n<li>Erh\u00e4ltlich f\u00fcr Rechts- und Linkshandbogen<\/li>\n<li>Kompatibel mit g\u00e4ngigen Compound-Bogen<\/li>\n<\/ul>","protected":false},"excerpt":{"rendered":"<p><strong>Marchio:<\/strong> Ripcord<\/p>","protected":false},"featured_media":438600,"comment_status":"open","ping_status":"closed","template":"","meta":[],"product_brand":[536],"product_cat":[4233],"product_tag":[],"class_list":{"0":"post-416329","1":"product","2":"type-product","3":"status-publish","4":"has-post-thumbnail","6":"product_brand-ripcord","7":"product_cat-compound-drop-away-pfeilauflage","9":"first","10":"instock","11":"shipping-taxable","12":"purchasable","13":"product-type-variable"},"_links":{"self":[{"href":"https:\/\/bogensportdiscount.ch\/it\/wp-json\/wp\/v2\/product\/416329","targetHints":{"allow":["GET"]}}],"collection":[{"href":"https:\/\/bogensportdiscount.ch\/it\/wp-json\/wp\/v2\/product"}],"about":[{"href":"https:\/\/bogensportdiscount.ch\/it\/wp-json\/wp\/v2\/types\/product"}],"replies":[{"embeddable":true,"href":"https:\/\/bogensportdiscount.ch\/it\/wp-json\/wp\/v2\/comments?post=416329"}],"wp:featuredmedia":[{"embeddable":true,"href":"https:\/\/bogensportdiscount.ch\/it\/wp-json\/wp\/v2\/media\/438600"}],"wp:attachment":[{"href":"https:\/\/bogensportdiscount.ch\/it\/wp-json\/wp\/v2\/media?parent=416329"}],"wp:term":[{"taxonomy":"product_brand","embeddable":true,"href":"https:\/\/bogensportdiscount.ch\/it\/wp-json\/wp\/v2\/product_brand?post=416329"},{"taxonomy":"product_cat","embeddable":true,"href":"https:\/\/bogensportdiscount.ch\/it\/wp-json\/wp\/v2\/product_cat?post=416329"},{"taxonomy":"product_tag","embeddable":true,"href":"https:\/\/bogensportdiscount.ch\/it\/wp-json\/wp\/v2\/product_tag?post=416329"}],"curies":[{"name":"wp","href":"https:\/\/api.w.org\/{rel}","templated":true}]}}